{"id":698,"date":"2025-05-10T15:26:42","date_gmt":"2025-05-10T15:26:42","guid":{"rendered":"https:\/\/culturahenko.com\/?page_id=698"},"modified":"2025-05-10T16:11:04","modified_gmt":"2025-05-10T16:11:04","slug":"transparencia","status":"publish","type":"page","link":"https:\/\/culturahenko.com\/ca\/transparencia\/","title":{"rendered":"Transpar\u00e8ncia"},"content":{"rendered":"<p>[et_pb_section fb_built=\u00bb1&#8243; _builder_version=\u00bb4.25.2&#8243; background_color=\u00bb#F1EDE1&#8243; global_colors_info=\u00bb{}\u00bb][et_pb_row _builder_version=\u00bb4.16&#8243; background_size=\u00bbinitial\u00bb background_position=\u00bbtop_left\u00bb background_repeat=\u00bbrepeat\u00bb global_colors_info=\u00bb{}\u00bb][et_pb_column type=\u00bb4_4&#8243; _builder_version=\u00bb4.16&#8243; custom_padding=\u00bb|||\u00bb global_colors_info=\u00bb{}\u00bb custom_padding__hover=\u00bb|||\u00bb][et_pb_text _builder_version=\u00bb4.25.2&#8243; text_font=\u00bbmontreal regular||||||||\u00bb text_text_color=\u00bb#201648&#8243; background_size=\u00bbinitial\u00bb background_position=\u00bbtop_left\u00bb background_repeat=\u00bbrepeat\u00bb hover_enabled=\u00bb0&#8243; global_colors_info=\u00bb{}\u00bb sticky_enabled=\u00bb0&#8243;]<\/p>\n<p><!-- divi:heading {\"level\":3,\"className\":\"\"} --><\/p>\n<h3 class=\"wp-block-heading\">En Cultura Henko creemos en una econom\u00eda feminista, \u00e9tica y transformadora. Por eso, compartimos de forma abierta el funcionamiento de nuestra asociaci\u00f3n sin \u00e1nimo de lucro.<\/h3>\n<p><!-- divi:paragraph {\"className\":\"\"} --><strong>Ingresos 2024<\/strong>: El 100\u202f% de los ingresos provienen de proyectos propios, facturaci\u00f3n por servicios y aportaciones voluntarias. No hemos recibido subvenciones p\u00fablicas hasta el momento.\u00a0<\/p>\n<p><!-- divi:paragraph {\"className\":\"\"} --><strong>Gastos y gesti\u00f3n<\/strong>: Realizamos una gesti\u00f3n responsable, destinando los recursos al desarrollo de proyectos culturales, sociales y educativos con impacto. La contabilidad est\u00e1 registrada y supervisada internamente.<\/p>\n<p><!-- divi:paragraph {\"className\":\"\"} --><strong>Gobernanza<\/strong>: Nos organizamos a trav\u00e9s de una asamblea activa y un comit\u00e9 impulsor. En 2024 se aprobaron en asamblea el plan estrat\u00e9gico, las prioridades de financiaci\u00f3n y los protocolos internos.<\/p>\n<p><!-- divi:paragraph {\"className\":\"\"} --><strong>Fondo social<\/strong>: Hemos constituido un fondo social que garantiza la sostenibilidad y la autonom\u00eda de la entidad. Actualmente, se reconoce una aportaci\u00f3n reintegrable por tareas fundacionales realizadas por la cofundadora.<\/p>\n<p><!-- divi:paragraph {\"className\":\"\"} -->Este espacio se actualizar\u00e1 anualmente con los balances generales y el informe de proyectos. Para m\u00e1s informaci\u00f3n, puedes escribirnos a hola @ despegaconhenko.com<\/p>\n<p>10 de mayo de 2025<\/p>\n<p>&nbsp;<\/p>\n<p>&nbsp;<\/p>\n<p><!-- \/divi:paragraph --><\/p>\n<p>[\/et_pb_text][\/et_pb_column][\/et_pb_row][\/et_pb_section]<\/p>\n","protected":false},"excerpt":{"rendered":"<p>En Cultura Henko creemos en una econom\u00eda feminista, \u00e9tica y transformadora. Por eso, compartimos de forma abierta el funcionamiento de nuestra asociaci\u00f3n sin \u00e1nimo de lucro. Ingresos 2024: El 100\u202f% de los ingresos provienen de proyectos propios, facturaci\u00f3n por servicios y aportaciones voluntarias. No hemos recibido subvenciones p\u00fablicas hasta el momento.\u00a0 Gastos y gesti\u00f3n: Realizamos [&hellip;]<\/p>\n","protected":false},"author":1,"featured_media":0,"parent":0,"menu_order":0,"comment_status":"closed","ping_status":"closed","template":"","meta":{"_et_pb_use_builder":"on","_et_pb_old_content":"<!-- wp:heading {\"level\":3,\"className\":\"\"} -->\n<h3 class=\"wp-block-heading\">En Cultura Henko creemos en una econom\u00eda feminista, \u00e9tica y transformadora. Por eso, compartimos de forma abierta el funcionamiento de nuestra asociaci\u00f3n sin \u00e1nimo de lucro.<\/h3>\n<!-- \/wp:heading -->\n\n<!-- wp:paragraph {\"className\":\"\"} -->\n<p><strong>Ingresos 2024<\/strong>: El 100\u202f% de los ingresos provienen de proyectos propios, facturaci\u00f3n por servicios y aportaciones voluntarias. No hemos recibido subvenciones p\u00fablicas hasta el momento.<\/p>\n<!-- \/wp:paragraph -->\n\n<!-- wp:paragraph {\"className\":\"\"} -->\n<p><strong>Gastos y gesti\u00f3n<\/strong>: Realizamos una gesti\u00f3n responsable, destinando los recursos al desarrollo de proyectos culturales, sociales y educativos con impacto. La contabilidad est\u00e1 registrada y supervisada internamente.<\/p>\n<!-- \/wp:paragraph -->\n\n<!-- wp:paragraph {\"className\":\"\"} -->\n<p><strong>Gobernanza<\/strong>: Nos organizamos a trav\u00e9s de una asamblea activa y un comit\u00e9 impulsor. En 2024 se aprobaron en asamblea el plan estrat\u00e9gico, las prioridades de financiaci\u00f3n y los protocolos internos.<\/p>\n<!-- \/wp:paragraph -->\n\n<!-- wp:paragraph {\"className\":\"\"} -->\n<p><strong>Fondo social<\/strong>: Hemos constituido un fondo social que garantiza la sostenibilidad y la autonom\u00eda de la entidad. Actualmente, se reconoce una aportaci\u00f3n reintegrable por tareas fundacionales realizadas por la cofundadora.<\/p>\n<!-- \/wp:paragraph -->\n\n<!-- wp:paragraph {\"className\":\"\"} -->\n<p>Este espacio se actualizar\u00e1 anualmente con los balances generales y el informe de proyectos. Para m\u00e1s informaci\u00f3n, puedes escribirnos a hola @ despegaconhenko.com<\/p>\n<!-- \/wp:paragraph -->","_et_gb_content_width":"","footnotes":""},"class_list":["post-698","page","type-page","status-publish","hentry"],"yoast_head":"<!-- This site is optimized with the Yoast SEO plugin v27.4 - https:\/\/yoast.com\/product\/yoast-seo-wordpress\/ -->\n<title>Transparencia - Cultura Henko<\/title>\n<meta name=\"robots\" content=\"noindex, nofollow\" \/>\n<meta property=\"og:locale\" content=\"ca_ES\" \/>\n<meta property=\"og:type\" content=\"article\" \/>\n<meta property=\"og:title\" content=\"Transparencia - Cultura Henko\" \/>\n<meta property=\"og:description\" content=\"En Cultura Henko creemos en una econom\u00eda feminista, \u00e9tica y transformadora. Por eso, compartimos de forma abierta el funcionamiento de nuestra asociaci\u00f3n sin \u00e1nimo de lucro. Ingresos 2024: El 100\u202f% de los ingresos provienen de proyectos propios, facturaci\u00f3n por servicios y aportaciones voluntarias. No hemos recibido subvenciones p\u00fablicas hasta el momento.\u00a0 Gastos y gesti\u00f3n: Realizamos [&hellip;]\" \/>\n<meta property=\"og:url\" content=\"https:\/\/culturahenko.com\/ca\/transparencia\/\" \/>\n<meta property=\"og:site_name\" content=\"Cultura Henko\" \/>\n<meta property=\"article:publisher\" content=\"https:\/\/facebook.com\/culturahenko\" \/>\n<meta property=\"article:modified_time\" content=\"2025-05-10T16:11:04+00:00\" \/>\n<meta name=\"twitter:card\" content=\"summary_large_image\" \/>\n<meta name=\"twitter:label1\" content=\"Temps estimat de lectura\" \/>\n\t<meta name=\"twitter:data1\" content=\"1 minut\" \/>\n<script type=\"application\/ld+json\" class=\"yoast-schema-graph\">{\"@context\":\"https:\\\/\\\/schema.org\",\"@graph\":[{\"@type\":\"WebPage\",\"@id\":\"https:\\\/\\\/culturahenko.com\\\/es\\\/transparencia\\\/\",\"url\":\"https:\\\/\\\/culturahenko.com\\\/es\\\/transparencia\\\/\",\"name\":\"Transparencia - Cultura Henko\",\"isPartOf\":{\"@id\":\"https:\\\/\\\/culturahenko.com\\\/#website\"},\"datePublished\":\"2025-05-10T15:26:42+00:00\",\"dateModified\":\"2025-05-10T16:11:04+00:00\",\"breadcrumb\":{\"@id\":\"https:\\\/\\\/culturahenko.com\\\/es\\\/transparencia\\\/#breadcrumb\"},\"inLanguage\":\"ca\",\"potentialAction\":[{\"@type\":\"ReadAction\",\"target\":[\"https:\\\/\\\/culturahenko.com\\\/es\\\/transparencia\\\/\"]}]},{\"@type\":\"BreadcrumbList\",\"@id\":\"https:\\\/\\\/culturahenko.com\\\/es\\\/transparencia\\\/#breadcrumb\",\"itemListElement\":[{\"@type\":\"ListItem\",\"position\":1,\"name\":\"Portada\",\"item\":\"https:\\\/\\\/culturahenko.com\\\/es\\\/\"},{\"@type\":\"ListItem\",\"position\":2,\"name\":\"Transparencia\"}]},{\"@type\":\"WebSite\",\"@id\":\"https:\\\/\\\/culturahenko.com\\\/#website\",\"url\":\"https:\\\/\\\/culturahenko.com\\\/\",\"name\":\"Cultura Henko\",\"description\":\"Los valores importan\",\"publisher\":{\"@id\":\"https:\\\/\\\/culturahenko.com\\\/#organization\"},\"potentialAction\":[{\"@type\":\"SearchAction\",\"target\":{\"@type\":\"EntryPoint\",\"urlTemplate\":\"https:\\\/\\\/culturahenko.com\\\/?s={search_term_string}\"},\"query-input\":{\"@type\":\"PropertyValueSpecification\",\"valueRequired\":true,\"valueName\":\"search_term_string\"}}],\"inLanguage\":\"ca\"},{\"@type\":\"Organization\",\"@id\":\"https:\\\/\\\/culturahenko.com\\\/#organization\",\"name\":\"Cultura Henko\",\"url\":\"https:\\\/\\\/culturahenko.com\\\/\",\"logo\":{\"@type\":\"ImageObject\",\"inLanguage\":\"ca\",\"@id\":\"https:\\\/\\\/culturahenko.com\\\/#\\\/schema\\\/logo\\\/image\\\/\",\"url\":\"https:\\\/\\\/culturahenko.com\\\/wp-content\\\/uploads\\\/2025\\\/05\\\/logo-cultura-henko.png\",\"contentUrl\":\"https:\\\/\\\/culturahenko.com\\\/wp-content\\\/uploads\\\/2025\\\/05\\\/logo-cultura-henko.png\",\"width\":252,\"height\":92,\"caption\":\"Cultura Henko\"},\"image\":{\"@id\":\"https:\\\/\\\/culturahenko.com\\\/#\\\/schema\\\/logo\\\/image\\\/\"},\"sameAs\":[\"https:\\\/\\\/facebook.com\\\/culturahenko\",\"https:\\\/\\\/instagram.com\\\/culturahenko\"]}]}<\/script>\n<!-- \/ Yoast SEO plugin. -->","yoast_head_json":{"title":"Transparencia - Cultura Henko","robots":{"index":"noindex","follow":"nofollow"},"og_locale":"ca_ES","og_type":"article","og_title":"Transparencia - Cultura Henko","og_description":"En Cultura Henko creemos en una econom\u00eda feminista, \u00e9tica y transformadora. Por eso, compartimos de forma abierta el funcionamiento de nuestra asociaci\u00f3n sin \u00e1nimo de lucro. Ingresos 2024: El 100\u202f% de los ingresos provienen de proyectos propios, facturaci\u00f3n por servicios y aportaciones voluntarias. No hemos recibido subvenciones p\u00fablicas hasta el momento.\u00a0 Gastos y gesti\u00f3n: Realizamos [&hellip;]","og_url":"https:\/\/culturahenko.com\/ca\/transparencia\/","og_site_name":"Cultura Henko","article_publisher":"https:\/\/facebook.com\/culturahenko","article_modified_time":"2025-05-10T16:11:04+00:00","twitter_card":"summary_large_image","twitter_misc":{"Temps estimat de lectura":"1 minut"},"schema":{"@context":"https:\/\/schema.org","@graph":[{"@type":"WebPage","@id":"https:\/\/culturahenko.com\/es\/transparencia\/","url":"https:\/\/culturahenko.com\/es\/transparencia\/","name":"Transparencia - Cultura Henko","isPartOf":{"@id":"https:\/\/culturahenko.com\/#website"},"datePublished":"2025-05-10T15:26:42+00:00","dateModified":"2025-05-10T16:11:04+00:00","breadcrumb":{"@id":"https:\/\/culturahenko.com\/es\/transparencia\/#breadcrumb"},"inLanguage":"ca","potentialAction":[{"@type":"ReadAction","target":["https:\/\/culturahenko.com\/es\/transparencia\/"]}]},{"@type":"BreadcrumbList","@id":"https:\/\/culturahenko.com\/es\/transparencia\/#breadcrumb","itemListElement":[{"@type":"ListItem","position":1,"name":"Portada","item":"https:\/\/culturahenko.com\/es\/"},{"@type":"ListItem","position":2,"name":"Transparencia"}]},{"@type":"WebSite","@id":"https:\/\/culturahenko.com\/#website","url":"https:\/\/culturahenko.com\/","name":"Cultura Henko","description":"Els valors importen","publisher":{"@id":"https:\/\/culturahenko.com\/#organization"},"potentialAction":[{"@type":"SearchAction","target":{"@type":"EntryPoint","urlTemplate":"https:\/\/culturahenko.com\/?s={search_term_string}"},"query-input":{"@type":"PropertyValueSpecification","valueRequired":true,"valueName":"search_term_string"}}],"inLanguage":"ca"},{"@type":"Organization","@id":"https:\/\/culturahenko.com\/#organization","name":"Cultura Henko","url":"https:\/\/culturahenko.com\/","logo":{"@type":"ImageObject","inLanguage":"ca","@id":"https:\/\/culturahenko.com\/#\/schema\/logo\/image\/","url":"https:\/\/culturahenko.com\/wp-content\/uploads\/2025\/05\/logo-cultura-henko.png","contentUrl":"https:\/\/culturahenko.com\/wp-content\/uploads\/2025\/05\/logo-cultura-henko.png","width":252,"height":92,"caption":"Cultura Henko"},"image":{"@id":"https:\/\/culturahenko.com\/#\/schema\/logo\/image\/"},"sameAs":["https:\/\/facebook.com\/culturahenko","https:\/\/instagram.com\/culturahenko"]}]}},"_links":{"self":[{"href":"https:\/\/culturahenko.com\/ca\/wp-json\/wp\/v2\/pages\/698","targetHints":{"allow":["GET"]}}],"collection":[{"href":"https:\/\/culturahenko.com\/ca\/wp-json\/wp\/v2\/pages"}],"about":[{"href":"https:\/\/culturahenko.com\/ca\/wp-json\/wp\/v2\/types\/page"}],"author":[{"embeddable":true,"href":"https:\/\/culturahenko.com\/ca\/wp-json\/wp\/v2\/users\/1"}],"replies":[{"embeddable":true,"href":"https:\/\/culturahenko.com\/ca\/wp-json\/wp\/v2\/comments?post=698"}],"version-history":[{"count":6,"href":"https:\/\/culturahenko.com\/ca\/wp-json\/wp\/v2\/pages\/698\/revisions"}],"predecessor-version":[{"id":712,"href":"https:\/\/culturahenko.com\/ca\/wp-json\/wp\/v2\/pages\/698\/revisions\/712"}],"wp:attachment":[{"href":"https:\/\/culturahenko.com\/ca\/wp-json\/wp\/v2\/media?parent=698"}],"curies":[{"name":"wp","href":"https:\/\/api.w.org\/{rel}","templated":true}]}}