{"id":731,"date":"2025-05-12T14:31:37","date_gmt":"2025-05-12T14:31:37","guid":{"rendered":"https:\/\/culturahenko.com\/?page_id=731"},"modified":"2025-10-22T14:42:16","modified_gmt":"2025-10-22T14:42:16","slug":"estatutos","status":"publish","type":"page","link":"https:\/\/culturahenko.com\/ca\/estatutos\/","title":{"rendered":"Estatuts"},"content":{"rendered":"<p>[et_pb_section fb_built=\u00bb1&#8243; _builder_version=\u00bb4.25.2&#8243; _module_preset=\u00bbdefault\u00bb background_color=\u00bb#F1EDE1&#8243; global_colors_info=\u00bb{}\u00bb][et_pb_row _builder_version=\u00bb4.25.2&#8243; _module_preset=\u00bbdefault\u00bb global_colors_info=\u00bb{}\u00bb][et_pb_column type=\u00bb4_4&#8243; _builder_version=\u00bb4.25.2&#8243; _module_preset=\u00bbdefault\u00bb global_colors_info=\u00bb{}\u00bb][et_pb_text _builder_version=\u00bb4.25.2&#8243; _module_preset=\u00bbdefault\u00bb text_font=\u00bbmontreal regular||||||||\u00bb text_font_size=\u00bb16px\u00bb background_color=\u00bb#F1EDE1&#8243; global_colors_info=\u00bb{}\u00bb]<\/p>\n<h3 data-start=\"102\" data-end=\"170\" class=\"\"><\/h3>\n<h3 data-start=\"102\" data-end=\"170\" class=\"\"><\/h3>\n<h3 data-start=\"102\" data-end=\"170\" class=\"\">Extracto de los estatutos de Despega con Henko<\/h3>\n<p data-start=\"172\" data-end=\"397\" class=\"\"><strong data-start=\"172\" data-end=\"193\">Despega con Henko<\/strong> es una asociaci\u00f3n sin \u00e1nimo de lucro con sede en Barcelona, creada en 2024 con el objetivo de impulsar proyectos culturales, educativos y sociales con perspectiva feminista, comunitaria e interseccional.<\/p>\n<h4 data-start=\"399\" data-end=\"425\" class=\"\">Objetivos principales<\/h4>\n<ul data-start=\"426\" data-end=\"756\">\n<li data-start=\"426\" data-end=\"479\" class=\"\">\n<p data-start=\"428\" data-end=\"479\" class=\"\">Impulsar la creaci\u00f3n cultural con impacto social.<\/p>\n<\/li>\n<li data-start=\"480\" data-end=\"584\" class=\"\">\n<p data-start=\"482\" data-end=\"584\" class=\"\">Fomentar el empoderamiento de colectivos vulnerabilizados, especialmente mujeres y personas LGTBIQ+.<\/p>\n<\/li>\n<li data-start=\"585\" data-end=\"659\" class=\"\">\n<p data-start=\"587\" data-end=\"659\" class=\"\">Desarrollar espacios de educaci\u00f3n transformadora y acci\u00f3n comunitaria.<\/p>\n<\/li>\n<li data-start=\"660\" data-end=\"756\" class=\"\">\n<p data-start=\"662\" data-end=\"756\" class=\"\">Promover redes de colaboraci\u00f3n entre artistas, activistas, profesionales y entidades afines.<\/p>\n<\/li>\n<\/ul>\n<h4 data-start=\"758\" data-end=\"786\" class=\"\">Actividades principales<\/h4>\n<ul data-start=\"787\" data-end=\"1119\">\n<li data-start=\"787\" data-end=\"865\" class=\"\">\n<p data-start=\"789\" data-end=\"865\" class=\"\">Producci\u00f3n y difusi\u00f3n de proyectos audiovisuales, esc\u00e9nicos y editoriales.<\/p>\n<\/li>\n<li data-start=\"866\" data-end=\"939\" class=\"\">\n<p data-start=\"868\" data-end=\"939\" class=\"\">Desarrollo de talleres, formaciones y espacios de creaci\u00f3n colectiva.<\/p>\n<\/li>\n<li data-start=\"940\" data-end=\"1009\" class=\"\">\n<p data-start=\"942\" data-end=\"1009\" class=\"\">Acompa\u00f1amiento estrat\u00e9gico a iniciativas con valores compartidos.<\/p>\n<\/li>\n<li data-start=\"1010\" data-end=\"1119\" class=\"\">\n<p data-start=\"1012\" data-end=\"1119\" class=\"\">Participaci\u00f3n en convocatorias locales e internacionales vinculadas a la cultura y la econom\u00eda solidaria.<\/p>\n<\/li>\n<\/ul>\n<h4 data-start=\"1121\" data-end=\"1146\" class=\"\">Organizaci\u00f3n interna<\/h4>\n<ul data-start=\"1147\" data-end=\"1468\">\n<li data-start=\"1147\" data-end=\"1185\" class=\"\">\n<p data-start=\"1149\" data-end=\"1185\" class=\"\">\u00d3rgano soberano: Asamblea General.<\/p>\n<\/li>\n<li data-start=\"1186\" data-end=\"1261\" class=\"\">\n<p data-start=\"1188\" data-end=\"1261\" class=\"\">\u00d3rgano ejecutivo: Junta Directiva (actualmente formada por 3 miembros).<\/p>\n<\/li>\n<li data-start=\"1262\" data-end=\"1359\" class=\"\">\n<p data-start=\"1264\" data-end=\"1359\" class=\"\">Las decisiones estrat\u00e9gicas se toman por consenso o mayor\u00eda simple en asambleas trimestrales.<\/p>\n<\/li>\n<li data-start=\"1360\" data-end=\"1468\" class=\"\">\n<p data-start=\"1362\" data-end=\"1468\" class=\"\">La asociaci\u00f3n se rige por principios de transparencia, trabajo digno, intercooperaci\u00f3n y sostenibilidad.<\/p>\n<\/li>\n<\/ul>\n<h4 data-start=\"1470\" data-end=\"1487\" class=\"\">Financiaci\u00f3n<\/h4>\n<ul data-start=\"1488\" data-end=\"1706\">\n<li data-start=\"1488\" data-end=\"1597\" class=\"\">\n<p data-start=\"1490\" data-end=\"1597\" class=\"\">La asociaci\u00f3n se financia mediante servicios, proyectos propios, aportaciones voluntarias y subvenciones.<\/p>\n<\/li>\n<li data-start=\"1598\" data-end=\"1706\" class=\"\">\n<p data-start=\"1600\" data-end=\"1706\" class=\"\">Existe un fondo social activo construido a partir de la facturaci\u00f3n y del trabajo no remunerado inicial.<\/p>\n<\/li>\n<\/ul>\n<p data-start=\"1708\" data-end=\"1826\" class=\"\">Para consultar los estatutos completos o solicitar m\u00e1s informaci\u00f3n, puedes escribirnos a <strong data-start=\"1797\" data-end=\"1825\"><a data-start=\"1799\" data-end=\"1823\" class=\"cursor-pointer\" rel=\"noopener\">hola@despegaconhenko.com<\/a><\/strong>.<\/p>\n<p>[\/et_pb_text][\/et_pb_column][\/et_pb_row][\/et_pb_section]<\/p>\n","protected":false},"excerpt":{"rendered":"<p>Extracto de los estatutos de Despega con Henko Despega con Henko es una asociaci\u00f3n sin \u00e1nimo de lucro con sede en Barcelona, creada en 2024 con el objetivo de impulsar proyectos culturales, educativos y sociales con perspectiva feminista, comunitaria e interseccional. Objetivos principales Impulsar la creaci\u00f3n cultural con impacto social. Fomentar el empoderamiento de colectivos [&hellip;]<\/p>\n","protected":false},"author":1,"featured_media":0,"parent":0,"menu_order":0,"comment_status":"closed","ping_status":"closed","template":"","meta":{"_et_pb_use_builder":"on","_et_pb_old_content":"","_et_gb_content_width":"","footnotes":""},"class_list":["post-731","page","type-page","status-publish","hentry"],"yoast_head":"<!-- This site is optimized with the Yoast SEO plugin v27.4 - https:\/\/yoast.com\/product\/yoast-seo-wordpress\/ -->\n<title>Estatutos - Cultura Henko<\/title>\n<meta name=\"description\" content=\"Estatutos resumidos de la Asociaci\u00f3n Despega con Henko\" \/>\n<meta name=\"robots\" content=\"index, follow, max-snippet:-1, max-image-preview:large, max-video-preview:-1\" \/>\n<link rel=\"canonical\" href=\"https:\/\/culturahenko.com\/ca\/estatutos\/\" \/>\n<meta property=\"og:locale\" content=\"ca_ES\" \/>\n<meta property=\"og:type\" content=\"article\" \/>\n<meta property=\"og:title\" content=\"Estatutos - Cultura Henko\" \/>\n<meta property=\"og:description\" content=\"Estatutos resumidos de la Asociaci\u00f3n Despega con Henko\" \/>\n<meta property=\"og:url\" content=\"https:\/\/culturahenko.com\/ca\/estatutos\/\" \/>\n<meta property=\"og:site_name\" content=\"Cultura Henko\" \/>\n<meta property=\"article:publisher\" content=\"https:\/\/facebook.com\/culturahenko\" \/>\n<meta property=\"article:modified_time\" content=\"2025-10-22T14:42:16+00:00\" \/>\n<meta name=\"twitter:card\" content=\"summary_large_image\" \/>\n<script type=\"application\/ld+json\" class=\"yoast-schema-graph\">{\"@context\":\"https:\\\/\\\/schema.org\",\"@graph\":[{\"@type\":\"WebPage\",\"@id\":\"https:\\\/\\\/culturahenko.com\\\/es\\\/estatutos\\\/\",\"url\":\"https:\\\/\\\/culturahenko.com\\\/es\\\/estatutos\\\/\",\"name\":\"Estatutos - Cultura Henko\",\"isPartOf\":{\"@id\":\"https:\\\/\\\/culturahenko.com\\\/#website\"},\"datePublished\":\"2025-05-12T14:31:37+00:00\",\"dateModified\":\"2025-10-22T14:42:16+00:00\",\"description\":\"Estatutos resumidos de la Asociaci\u00f3n Despega con Henko\",\"breadcrumb\":{\"@id\":\"https:\\\/\\\/culturahenko.com\\\/es\\\/estatutos\\\/#breadcrumb\"},\"inLanguage\":\"ca\",\"potentialAction\":[{\"@type\":\"ReadAction\",\"target\":[\"https:\\\/\\\/culturahenko.com\\\/es\\\/estatutos\\\/\"]}]},{\"@type\":\"BreadcrumbList\",\"@id\":\"https:\\\/\\\/culturahenko.com\\\/es\\\/estatutos\\\/#breadcrumb\",\"itemListElement\":[{\"@type\":\"ListItem\",\"position\":1,\"name\":\"Portada\",\"item\":\"https:\\\/\\\/culturahenko.com\\\/es\\\/\"},{\"@type\":\"ListItem\",\"position\":2,\"name\":\"Estatutos\"}]},{\"@type\":\"WebSite\",\"@id\":\"https:\\\/\\\/culturahenko.com\\\/#website\",\"url\":\"https:\\\/\\\/culturahenko.com\\\/\",\"name\":\"Cultura Henko\",\"description\":\"Los valores importan\",\"publisher\":{\"@id\":\"https:\\\/\\\/culturahenko.com\\\/#organization\"},\"potentialAction\":[{\"@type\":\"SearchAction\",\"target\":{\"@type\":\"EntryPoint\",\"urlTemplate\":\"https:\\\/\\\/culturahenko.com\\\/?s={search_term_string}\"},\"query-input\":{\"@type\":\"PropertyValueSpecification\",\"valueRequired\":true,\"valueName\":\"search_term_string\"}}],\"inLanguage\":\"ca\"},{\"@type\":\"Organization\",\"@id\":\"https:\\\/\\\/culturahenko.com\\\/#organization\",\"name\":\"Cultura Henko\",\"url\":\"https:\\\/\\\/culturahenko.com\\\/\",\"logo\":{\"@type\":\"ImageObject\",\"inLanguage\":\"ca\",\"@id\":\"https:\\\/\\\/culturahenko.com\\\/#\\\/schema\\\/logo\\\/image\\\/\",\"url\":\"https:\\\/\\\/culturahenko.com\\\/wp-content\\\/uploads\\\/2025\\\/05\\\/logo-cultura-henko.png\",\"contentUrl\":\"https:\\\/\\\/culturahenko.com\\\/wp-content\\\/uploads\\\/2025\\\/05\\\/logo-cultura-henko.png\",\"width\":252,\"height\":92,\"caption\":\"Cultura Henko\"},\"image\":{\"@id\":\"https:\\\/\\\/culturahenko.com\\\/#\\\/schema\\\/logo\\\/image\\\/\"},\"sameAs\":[\"https:\\\/\\\/facebook.com\\\/culturahenko\",\"https:\\\/\\\/instagram.com\\\/culturahenko\"]}]}<\/script>\n<!-- \/ Yoast SEO plugin. -->","yoast_head_json":{"title":"Estatuts - Cultura Henko","description":"Estatuts resumits de l'Associaci\u00f3 Desenganxa amb Henko","robots":{"index":"index","follow":"follow","max-snippet":"max-snippet:-1","max-image-preview":"max-image-preview:large","max-video-preview":"max-video-preview:-1"},"canonical":"https:\/\/culturahenko.com\/ca\/estatutos\/","og_locale":"ca_ES","og_type":"article","og_title":"Estatutos - Cultura Henko","og_description":"Estatutos resumidos de la Asociaci\u00f3n Despega con Henko","og_url":"https:\/\/culturahenko.com\/ca\/estatutos\/","og_site_name":"Cultura Henko","article_publisher":"https:\/\/facebook.com\/culturahenko","article_modified_time":"2025-10-22T14:42:16+00:00","twitter_card":"summary_large_image","schema":{"@context":"https:\/\/schema.org","@graph":[{"@type":"WebPage","@id":"https:\/\/culturahenko.com\/es\/estatutos\/","url":"https:\/\/culturahenko.com\/es\/estatutos\/","name":"Estatuts - Cultura Henko","isPartOf":{"@id":"https:\/\/culturahenko.com\/#website"},"datePublished":"2025-05-12T14:31:37+00:00","dateModified":"2025-10-22T14:42:16+00:00","description":"Estatuts resumits de l'Associaci\u00f3 Desenganxa amb Henko","breadcrumb":{"@id":"https:\/\/culturahenko.com\/es\/estatutos\/#breadcrumb"},"inLanguage":"ca","potentialAction":[{"@type":"ReadAction","target":["https:\/\/culturahenko.com\/es\/estatutos\/"]}]},{"@type":"BreadcrumbList","@id":"https:\/\/culturahenko.com\/es\/estatutos\/#breadcrumb","itemListElement":[{"@type":"ListItem","position":1,"name":"Portada","item":"https:\/\/culturahenko.com\/es\/"},{"@type":"ListItem","position":2,"name":"Estatutos"}]},{"@type":"WebSite","@id":"https:\/\/culturahenko.com\/#website","url":"https:\/\/culturahenko.com\/","name":"Cultura Henko","description":"Els valors importen","publisher":{"@id":"https:\/\/culturahenko.com\/#organization"},"potentialAction":[{"@type":"SearchAction","target":{"@type":"EntryPoint","urlTemplate":"https:\/\/culturahenko.com\/?s={search_term_string}"},"query-input":{"@type":"PropertyValueSpecification","valueRequired":true,"valueName":"search_term_string"}}],"inLanguage":"ca"},{"@type":"Organization","@id":"https:\/\/culturahenko.com\/#organization","name":"Cultura Henko","url":"https:\/\/culturahenko.com\/","logo":{"@type":"ImageObject","inLanguage":"ca","@id":"https:\/\/culturahenko.com\/#\/schema\/logo\/image\/","url":"https:\/\/culturahenko.com\/wp-content\/uploads\/2025\/05\/logo-cultura-henko.png","contentUrl":"https:\/\/culturahenko.com\/wp-content\/uploads\/2025\/05\/logo-cultura-henko.png","width":252,"height":92,"caption":"Cultura Henko"},"image":{"@id":"https:\/\/culturahenko.com\/#\/schema\/logo\/image\/"},"sameAs":["https:\/\/facebook.com\/culturahenko","https:\/\/instagram.com\/culturahenko"]}]}},"_links":{"self":[{"href":"https:\/\/culturahenko.com\/ca\/wp-json\/wp\/v2\/pages\/731","targetHints":{"allow":["GET"]}}],"collection":[{"href":"https:\/\/culturahenko.com\/ca\/wp-json\/wp\/v2\/pages"}],"about":[{"href":"https:\/\/culturahenko.com\/ca\/wp-json\/wp\/v2\/types\/page"}],"author":[{"embeddable":true,"href":"https:\/\/culturahenko.com\/ca\/wp-json\/wp\/v2\/users\/1"}],"replies":[{"embeddable":true,"href":"https:\/\/culturahenko.com\/ca\/wp-json\/wp\/v2\/comments?post=731"}],"version-history":[{"count":5,"href":"https:\/\/culturahenko.com\/ca\/wp-json\/wp\/v2\/pages\/731\/revisions"}],"predecessor-version":[{"id":820,"href":"https:\/\/culturahenko.com\/ca\/wp-json\/wp\/v2\/pages\/731\/revisions\/820"}],"wp:attachment":[{"href":"https:\/\/culturahenko.com\/ca\/wp-json\/wp\/v2\/media?parent=731"}],"curies":[{"name":"wp","href":"https:\/\/api.w.org\/{rel}","templated":true}]}}