{"id":860,"date":"2025-10-07T11:14:12","date_gmt":"2025-10-07T11:14:12","guid":{"rendered":"https:\/\/culturahenko.com\/?page_id=860"},"modified":"2025-10-31T11:33:10","modified_gmt":"2025-10-31T11:33:10","slug":"descubre-tu-proposito-de-vida","status":"publish","type":"page","link":"https:\/\/culturahenko.com\/ca\/talleres\/descubre-tu-proposito-de-vida\/","title":{"rendered":"Descobreix el teu prop\u00f2sit de vida"},"content":{"rendered":"<p>[et_pb_section fb_built=\u00bb1&#8243; _builder_version=\u00bb4.27.4&#8243; _module_preset=\u00bbdefault\u00bb background_color=\u00bb#F1EDE1&#8243; custom_margin=\u00bb0px||||false|false\u00bb custom_padding=\u00bb130px||||false|false\u00bb global_colors_info=\u00bb{}\u00bb][et_pb_row column_structure=\u00bb1_2,1_2&#8243; _builder_version=\u00bb4.27.4&#8243; _module_preset=\u00bbdefault\u00bb custom_margin=\u00bb78px||||false|false\u00bb global_colors_info=\u00bb{}\u00bb][et_pb_column type=\u00bb1_2&#8243; _builder_version=\u00bb4.25.2&#8243; _module_preset=\u00bbdefault\u00bb global_colors_info=\u00bb{}\u00bb][et_pb_text _builder_version=\u00bb4.25.2&#8243; _module_preset=\u00bbdefault\u00bb text_font=\u00bbMontreal bold||||||||\u00bb text_text_color=\u00bb#201648&#8243; text_font_size=\u00bb55px\u00bb text_line_height=\u00bb1em\u00bb custom_padding=\u00bb9px|||||\u00bb global_colors_info=\u00bb{}\u00bb]<\/p>\n<p>Descubre tu<br \/>prop\u00f3sito de vida<\/p>\n<p>[\/et_pb_text][et_pb_text _builder_version=\u00bb4.25.2&#8243; _module_preset=\u00bbdefault\u00bb text_font=\u00bbMontreal bold||||||||\u00bb text_text_color=\u00bb#201648&#8243; global_colors_info=\u00bb{}\u00bb]<\/p>\n<p>CON SARAH GAMAZO<\/p>\n<p>[\/et_pb_text][et_pb_text _builder_version=\u00bb4.25.2&#8243; _module_preset=\u00bbdefault\u00bb text_font=\u00bbMontreal light||||||||\u00bb text_text_color=\u00bb#201648&#8243; text_font_size=\u00bb23px\u00bb link_font=\u00bbMontreal bold||||||||\u00bb link_text_color=\u00bb#201648&#8243; custom_padding=\u00bb||0px|||\u00bb global_colors_info=\u00bb{}\u00bb]<\/p>\n<p data-start=\"358\" data-end=\"756\" style=\"text-align: justify;\">\u00bfSientes que est\u00e1s en un momento de b\u00fasqueda o de cambio? La coach de vida <a href=\"https:\/\/www.sarahgamazo.com\/spanish\"><strong>Sarah Gamazo<\/strong><\/a> te invita a detenerte en este taller y re-conectar con tu esencia, aquello que da verdadero sentido a tu vida.<\/p>\n<p>[\/et_pb_text][et_pb_text _builder_version=\u00bb4.25.2&#8243; _module_preset=\u00bbdefault\u00bb text_font=\u00bbMontreal light||||||||\u00bb text_text_color=\u00bb#201648&#8243; text_font_size=\u00bb16px\u00bb link_font=\u00bbMontreal bold||||||||\u00bb link_text_color=\u00bb#201648&#8243; global_colors_info=\u00bb{}\u00bb]<\/p>\n<p>A trav\u00e9s de una gu\u00eda pr\u00e1ctica y reflexiva, exploraremos qu\u00e9 significa el prop\u00f3sito m\u00e1s all\u00e1 de las metas o profesiones, entendiendo que vivir con prop\u00f3sito no es tener todas las respuestas, sino avanzar hacia la persona que estas destinada a ser, teniendo como ancla aquello que te impulsa y te inspira.<\/p>\n<p>Durante la sesi\u00f3n:<\/p>\n<p>* Comprender\u00e1s el concepto de prop\u00f3sito como motor de sentido y bienestar.<\/p>\n<p>* Descubrir\u00e1s los beneficios emocionales, motivacionales y sociales de tener un prop\u00f3sito claro.<\/p>\n<p>* Realizar\u00e1s ejercicios sencillos para desenterrar tus talentos \u00fanicos, desempolvar tus valores y comenzar tu propio camino de descubrimiento interior.<\/p>\n<p>Este encuentro est\u00e1 <strong>dise\u00f1ado para cualquier mujer que desee reconectar con su esencia<\/strong>, tomar decisiones m\u00e1s conscientes y vivir con mayor coherencia y claridad.<\/p>\n<p>[\/et_pb_text][et_pb_text _builder_version=\u00bb4.27.4&#8243; _module_preset=\u00bbdefault\u00bb text_font=\u00bbMontreal bold||||||||\u00bb text_text_color=\u00bb#201648&#8243; text_font_size=\u00bb16px\u00bb hover_enabled=\u00bb0&#8243; global_colors_info=\u00bb{}\u00bb sticky_enabled=\u00bb0&#8243;]<\/p>\n<p>Plazas limitadas<br \/>27 de noviembre de 2025 a las 19:00<br \/>Duraci\u00f3n 1 hora \u00b7 Modalidad online \u00b7 Gratuito<\/p>\n<p>[\/et_pb_text][et_pb_button button_url=\u00bbhttps:\/\/docs.google.com\/forms\/d\/e\/1FAIpQLScNufjkYuDmhYPK2GbI2KCabzn8zgcxkfzzuq-JZXKG1_vqGg\/viewform?usp=header\u00bb url_new_window=\u00bbon\u00bb button_text=\u00bbQuiero anotarme\u00bb button_alignment=\u00bbleft\u00bb button_alignment_tablet=\u00bbcenter\u00bb button_alignment_phone=\u00bbcenter\u00bb button_alignment_last_edited=\u00bbon|phone\u00bb _builder_version=\u00bb4.27.4&#8243; _module_preset=\u00bb31b4f027-aaa0-4f2f-ae02-959764e19e4f\u00bb custom_button=\u00bbon\u00bb button_text_size=\u00bb14px\u00bb button_text_color=\u00bb#201648&#8243; button_bg_color=\u00bb#F6BD55&#8243; button_border_width=\u00bb5px\u00bb button_border_color=\u00bb#201648&#8243; button_border_radius=\u00bb10px\u00bb button_font=\u00bbMontreal bold|700||on|||||\u00bb button_icon_color=\u00bb#201648&#8243; transform_scale_tablet=\u00bb\u00bb transform_scale_phone=\u00bb88%|88%\u00bb transform_scale_last_edited=\u00bbon|phone\u00bb transform_translate_tablet=\u00bb\u00bb transform_translate_phone=\u00bb\u00bb transform_translate_last_edited=\u00bbon|phone\u00bb transform_rotate_tablet=\u00bb\u00bb transform_rotate_phone=\u00bb\u00bb transform_rotate_last_edited=\u00bbon|phone\u00bb transform_skew_tablet=\u00bb\u00bb transform_skew_phone=\u00bb\u00bb transform_skew_last_edited=\u00bbon|phone\u00bb transform_origin_tablet=\u00bb\u00bb transform_origin_phone=\u00bb\u00bb transform_origin_last_edited=\u00bbon|phone\u00bb transform_styles_last_edited=\u00bbon|phone\u00bb custom_padding=\u00bb18px|30px|18px|30px|true|true\u00bb button_bg_color_tablet=\u00bb#F2CF65&#8243; button_bg_color_phone=\u00bb#F2CF65&#8243; button_bg_color_last_edited=\u00bbon|desktop\u00bb transform_styles_tablet=\u00bb\u00bb transform_styles_phone=\u00bb\u00bb box_shadow_style=\u00bbpreset4&#8243; box_shadow_horizontal=\u00bb7px\u00bb box_shadow_vertical=\u00bb7px\u00bb box_shadow_color=\u00bb#201648&#8243; saved_tabs=\u00bball\u00bb global_colors_info=\u00bb{}\u00bb button_text_color__hover_enabled=\u00bbon|desktop\u00bb button_bg_color__hover_enabled=\u00bbon|hover\u00bb button_bg_color__hover=\u00bb#8388EF\u00bb button_bg_enable_color__hover=\u00bbon\u00bb button_text_color__hover=\u00bb#201648&#8243;][\/et_pb_button][\/et_pb_column][et_pb_column type=\u00bb1_2&#8243; _builder_version=\u00bb4.25.2&#8243; _module_preset=\u00bbdefault\u00bb global_colors_info=\u00bb{}\u00bb][et_pb_image src=\u00bbhttps:\/\/culturahenko.com\/wp-content\/uploads\/2025\/10\/sarah-gamazo-1.png\u00bb title_text=\u00bbsarah gamazo\u00bb _builder_version=\u00bb4.25.2&#8243; _module_preset=\u00bbdefault\u00bb global_colors_info=\u00bb{}\u00bb][\/et_pb_image][\/et_pb_column][\/et_pb_row][\/et_pb_section]<\/p>\n","protected":false},"excerpt":{"rendered":"<p>Descubre tuprop\u00f3sito de vidaCON SARAH GAMAZO\u00bfSientes que est\u00e1s en un momento de b\u00fasqueda o de cambio? La coach de vida Sarah Gamazo te invita a detenerte en este taller y re-conectar con tu esencia, aquello que da verdadero sentido a tu vida.A trav\u00e9s de una gu\u00eda pr\u00e1ctica y reflexiva, exploraremos qu\u00e9 significa el prop\u00f3sito m\u00e1s [&hellip;]<\/p>\n","protected":false},"author":1,"featured_media":0,"parent":821,"menu_order":0,"comment_status":"closed","ping_status":"closed","template":"","meta":{"_et_pb_use_builder":"on","_et_pb_old_content":"","_et_gb_content_width":"","footnotes":""},"class_list":["post-860","page","type-page","status-publish","hentry"],"yoast_head":"<!-- This site is optimized with the Yoast SEO plugin v27.4 - https:\/\/yoast.com\/product\/yoast-seo-wordpress\/ -->\n<title>Descubre tu prop\u00f3sito de vida - Cultura Henko<\/title>\n<meta name=\"robots\" content=\"index, follow, max-snippet:-1, max-image-preview:large, max-video-preview:-1\" \/>\n<link rel=\"canonical\" href=\"https:\/\/culturahenko.com\/ca\/talleres\/descubre-tu-proposito-de-vida\/\" \/>\n<meta property=\"og:locale\" content=\"ca_ES\" \/>\n<meta property=\"og:type\" content=\"article\" \/>\n<meta property=\"og:title\" content=\"Descubre tu prop\u00f3sito de vida - Cultura Henko\" \/>\n<meta property=\"og:description\" content=\"Descubre tuprop\u00f3sito de vidaCON SARAH GAMAZO\u00bfSientes que est\u00e1s en un momento de b\u00fasqueda o de cambio? La coach de vida Sarah Gamazo te invita a detenerte en este taller y re-conectar con tu esencia, aquello que da verdadero sentido a tu vida.A trav\u00e9s de una gu\u00eda pr\u00e1ctica y reflexiva, exploraremos qu\u00e9 significa el prop\u00f3sito m\u00e1s [&hellip;]\" \/>\n<meta property=\"og:url\" content=\"https:\/\/culturahenko.com\/ca\/talleres\/descubre-tu-proposito-de-vida\/\" \/>\n<meta property=\"og:site_name\" content=\"Cultura Henko\" \/>\n<meta property=\"article:publisher\" content=\"https:\/\/facebook.com\/culturahenko\" \/>\n<meta property=\"article:modified_time\" content=\"2025-10-31T11:33:10+00:00\" \/>\n<meta name=\"twitter:card\" content=\"summary_large_image\" \/>\n<script type=\"application\/ld+json\" class=\"yoast-schema-graph\">{\"@context\":\"https:\\\/\\\/schema.org\",\"@graph\":[{\"@type\":\"WebPage\",\"@id\":\"https:\\\/\\\/culturahenko.com\\\/es\\\/talleres\\\/descubre-tu-proposito-de-vida\\\/\",\"url\":\"https:\\\/\\\/culturahenko.com\\\/es\\\/talleres\\\/descubre-tu-proposito-de-vida\\\/\",\"name\":\"Descubre tu prop\u00f3sito de vida - Cultura Henko\",\"isPartOf\":{\"@id\":\"https:\\\/\\\/culturahenko.com\\\/#website\"},\"datePublished\":\"2025-10-07T11:14:12+00:00\",\"dateModified\":\"2025-10-31T11:33:10+00:00\",\"breadcrumb\":{\"@id\":\"https:\\\/\\\/culturahenko.com\\\/es\\\/talleres\\\/descubre-tu-proposito-de-vida\\\/#breadcrumb\"},\"inLanguage\":\"ca\",\"potentialAction\":[{\"@type\":\"ReadAction\",\"target\":[\"https:\\\/\\\/culturahenko.com\\\/es\\\/talleres\\\/descubre-tu-proposito-de-vida\\\/\"]}]},{\"@type\":\"BreadcrumbList\",\"@id\":\"https:\\\/\\\/culturahenko.com\\\/es\\\/talleres\\\/descubre-tu-proposito-de-vida\\\/#breadcrumb\",\"itemListElement\":[{\"@type\":\"ListItem\",\"position\":1,\"name\":\"Portada\",\"item\":\"https:\\\/\\\/culturahenko.com\\\/es\\\/\"},{\"@type\":\"ListItem\",\"position\":2,\"name\":\"Talleres\",\"item\":\"https:\\\/\\\/culturahenko.com\\\/es\\\/talleres\\\/\"},{\"@type\":\"ListItem\",\"position\":3,\"name\":\"Descubre tu prop\u00f3sito de vida\"}]},{\"@type\":\"WebSite\",\"@id\":\"https:\\\/\\\/culturahenko.com\\\/#website\",\"url\":\"https:\\\/\\\/culturahenko.com\\\/\",\"name\":\"Cultura Henko\",\"description\":\"Los valores importan\",\"publisher\":{\"@id\":\"https:\\\/\\\/culturahenko.com\\\/#organization\"},\"potentialAction\":[{\"@type\":\"SearchAction\",\"target\":{\"@type\":\"EntryPoint\",\"urlTemplate\":\"https:\\\/\\\/culturahenko.com\\\/?s={search_term_string}\"},\"query-input\":{\"@type\":\"PropertyValueSpecification\",\"valueRequired\":true,\"valueName\":\"search_term_string\"}}],\"inLanguage\":\"ca\"},{\"@type\":\"Organization\",\"@id\":\"https:\\\/\\\/culturahenko.com\\\/#organization\",\"name\":\"Cultura Henko\",\"url\":\"https:\\\/\\\/culturahenko.com\\\/\",\"logo\":{\"@type\":\"ImageObject\",\"inLanguage\":\"ca\",\"@id\":\"https:\\\/\\\/culturahenko.com\\\/#\\\/schema\\\/logo\\\/image\\\/\",\"url\":\"https:\\\/\\\/culturahenko.com\\\/wp-content\\\/uploads\\\/2025\\\/05\\\/logo-cultura-henko.png\",\"contentUrl\":\"https:\\\/\\\/culturahenko.com\\\/wp-content\\\/uploads\\\/2025\\\/05\\\/logo-cultura-henko.png\",\"width\":252,\"height\":92,\"caption\":\"Cultura Henko\"},\"image\":{\"@id\":\"https:\\\/\\\/culturahenko.com\\\/#\\\/schema\\\/logo\\\/image\\\/\"},\"sameAs\":[\"https:\\\/\\\/facebook.com\\\/culturahenko\",\"https:\\\/\\\/instagram.com\\\/culturahenko\"]}]}<\/script>\n<!-- \/ Yoast SEO plugin. -->","yoast_head_json":{"title":"Descobreix el teu prop\u00f2sit de vida - Cultura Henko","robots":{"index":"index","follow":"follow","max-snippet":"max-snippet:-1","max-image-preview":"max-image-preview:large","max-video-preview":"max-video-preview:-1"},"canonical":"https:\/\/culturahenko.com\/ca\/talleres\/descubre-tu-proposito-de-vida\/","og_locale":"ca_ES","og_type":"article","og_title":"Descubre tu prop\u00f3sito de vida - Cultura Henko","og_description":"Descubre tuprop\u00f3sito de vidaCON SARAH GAMAZO\u00bfSientes que est\u00e1s en un momento de b\u00fasqueda o de cambio? La coach de vida Sarah Gamazo te invita a detenerte en este taller y re-conectar con tu esencia, aquello que da verdadero sentido a tu vida.A trav\u00e9s de una gu\u00eda pr\u00e1ctica y reflexiva, exploraremos qu\u00e9 significa el prop\u00f3sito m\u00e1s [&hellip;]","og_url":"https:\/\/culturahenko.com\/ca\/talleres\/descubre-tu-proposito-de-vida\/","og_site_name":"Cultura Henko","article_publisher":"https:\/\/facebook.com\/culturahenko","article_modified_time":"2025-10-31T11:33:10+00:00","twitter_card":"summary_large_image","schema":{"@context":"https:\/\/schema.org","@graph":[{"@type":"WebPage","@id":"https:\/\/culturahenko.com\/es\/talleres\/descubre-tu-proposito-de-vida\/","url":"https:\/\/culturahenko.com\/es\/talleres\/descubre-tu-proposito-de-vida\/","name":"Descobreix el teu prop\u00f2sit de vida - Cultura Henko","isPartOf":{"@id":"https:\/\/culturahenko.com\/#website"},"datePublished":"2025-10-07T11:14:12+00:00","dateModified":"2025-10-31T11:33:10+00:00","breadcrumb":{"@id":"https:\/\/culturahenko.com\/es\/talleres\/descubre-tu-proposito-de-vida\/#breadcrumb"},"inLanguage":"ca","potentialAction":[{"@type":"ReadAction","target":["https:\/\/culturahenko.com\/es\/talleres\/descubre-tu-proposito-de-vida\/"]}]},{"@type":"BreadcrumbList","@id":"https:\/\/culturahenko.com\/es\/talleres\/descubre-tu-proposito-de-vida\/#breadcrumb","itemListElement":[{"@type":"ListItem","position":1,"name":"Portada","item":"https:\/\/culturahenko.com\/es\/"},{"@type":"ListItem","position":2,"name":"Talleres","item":"https:\/\/culturahenko.com\/es\/talleres\/"},{"@type":"ListItem","position":3,"name":"Descubre tu prop\u00f3sito de vida"}]},{"@type":"WebSite","@id":"https:\/\/culturahenko.com\/#website","url":"https:\/\/culturahenko.com\/","name":"Cultura Henko","description":"Els valors importen","publisher":{"@id":"https:\/\/culturahenko.com\/#organization"},"potentialAction":[{"@type":"SearchAction","target":{"@type":"EntryPoint","urlTemplate":"https:\/\/culturahenko.com\/?s={search_term_string}"},"query-input":{"@type":"PropertyValueSpecification","valueRequired":true,"valueName":"search_term_string"}}],"inLanguage":"ca"},{"@type":"Organization","@id":"https:\/\/culturahenko.com\/#organization","name":"Cultura Henko","url":"https:\/\/culturahenko.com\/","logo":{"@type":"ImageObject","inLanguage":"ca","@id":"https:\/\/culturahenko.com\/#\/schema\/logo\/image\/","url":"https:\/\/culturahenko.com\/wp-content\/uploads\/2025\/05\/logo-cultura-henko.png","contentUrl":"https:\/\/culturahenko.com\/wp-content\/uploads\/2025\/05\/logo-cultura-henko.png","width":252,"height":92,"caption":"Cultura Henko"},"image":{"@id":"https:\/\/culturahenko.com\/#\/schema\/logo\/image\/"},"sameAs":["https:\/\/facebook.com\/culturahenko","https:\/\/instagram.com\/culturahenko"]}]}},"_links":{"self":[{"href":"https:\/\/culturahenko.com\/ca\/wp-json\/wp\/v2\/pages\/860","targetHints":{"allow":["GET"]}}],"collection":[{"href":"https:\/\/culturahenko.com\/ca\/wp-json\/wp\/v2\/pages"}],"about":[{"href":"https:\/\/culturahenko.com\/ca\/wp-json\/wp\/v2\/types\/page"}],"author":[{"embeddable":true,"href":"https:\/\/culturahenko.com\/ca\/wp-json\/wp\/v2\/users\/1"}],"replies":[{"embeddable":true,"href":"https:\/\/culturahenko.com\/ca\/wp-json\/wp\/v2\/comments?post=860"}],"version-history":[{"count":17,"href":"https:\/\/culturahenko.com\/ca\/wp-json\/wp\/v2\/pages\/860\/revisions"}],"predecessor-version":[{"id":1160,"href":"https:\/\/culturahenko.com\/ca\/wp-json\/wp\/v2\/pages\/860\/revisions\/1160"}],"up":[{"embeddable":true,"href":"https:\/\/culturahenko.com\/ca\/wp-json\/wp\/v2\/pages\/821"}],"wp:attachment":[{"href":"https:\/\/culturahenko.com\/ca\/wp-json\/wp\/v2\/media?parent=860"}],"curies":[{"name":"wp","href":"https:\/\/api.w.org\/{rel}","templated":true}]}}