{"id":868,"date":"2025-10-07T11:14:05","date_gmt":"2025-10-07T11:14:05","guid":{"rendered":"https:\/\/culturahenko.com\/?page_id=868"},"modified":"2025-10-28T14:16:08","modified_gmt":"2025-10-28T14:16:08","slug":"cuidar-la-infancia-en-la-era-digital","status":"publish","type":"page","link":"https:\/\/culturahenko.com\/ca\/talleres\/cuidar-la-infancia-en-la-era-digital\/","title":{"rendered":"Cuidar la inf\u00e0ncia a l\u2019era digital"},"content":{"rendered":"<p>[et_pb_section fb_built=\u00bb1&#8243; _builder_version=\u00bb4.27.4&#8243; _module_preset=\u00bbdefault\u00bb background_color=\u00bb#F1EDE1&#8243; custom_margin=\u00bb0px||||false|false\u00bb hover_enabled=\u00bb0&#8243; global_colors_info=\u00bb{}\u00bb custom_padding=\u00bb133px||||false|false\u00bb sticky_enabled=\u00bb0&#8243;][et_pb_row column_structure=\u00bb1_2,1_2&#8243; _builder_version=\u00bb4.27.4&#8243; _module_preset=\u00bbdefault\u00bb custom_margin=\u00bb90px||||false|false\u00bb global_colors_info=\u00bb{}\u00bb][et_pb_column type=\u00bb1_2&#8243; _builder_version=\u00bb4.25.2&#8243; _module_preset=\u00bbdefault\u00bb global_colors_info=\u00bb{}\u00bb][et_pb_text _builder_version=\u00bb4.25.2&#8243; _module_preset=\u00bbdefault\u00bb text_font=\u00bbMontreal bold||||||||\u00bb text_text_color=\u00bb#201648&#8243; text_font_size=\u00bb55px\u00bb text_line_height=\u00bb1em\u00bb global_colors_info=\u00bb{}\u00bb]<\/p>\n<p>Cuidar la infancia en la era digital<\/p>\n<p>[\/et_pb_text][et_pb_text _builder_version=\u00bb4.25.2&#8243; _module_preset=\u00bbdefault\u00bb text_font=\u00bbMontreal bold||||||||\u00bb text_text_color=\u00bb#201648&#8243; global_colors_info=\u00bb{}\u00bb]<\/p>\n<p>CON NAT\u00c0LIA C\u00c0LIX<\/p>\n<p>[\/et_pb_text][et_pb_text _builder_version=\u00bb4.25.2&#8243; _module_preset=\u00bbdefault\u00bb text_font=\u00bbMontreal light||||||||\u00bb text_text_color=\u00bb#201648&#8243; text_font_size=\u00bb23px\u00bb link_font=\u00bbMontreal bold||||||||\u00bb link_text_color=\u00bb#201648&#8243; global_colors_info=\u00bb{}\u00bb]<\/p>\n<p data-start=\"358\" data-end=\"756\">La tecnolog\u00eda forma parte del d\u00eda a d\u00eda de ni\u00f1as y ni\u00f1os, pero \u00bfc\u00f3mo acompa\u00f1arlos sin caer en el control o la sobrecarga mental? Este taller est\u00e1 pensado para madres y padres que buscan herramientas pr\u00e1cticas para cuidar la infancia en un entorno digital cada vez m\u00e1s complejo.<\/p>\n<p>[\/et_pb_text][et_pb_text _builder_version=\u00bb4.25.2&#8243; _module_preset=\u00bbdefault\u00bb text_font=\u00bbMontreal light||||||||\u00bb text_text_color=\u00bb#201648&#8243; text_font_size=\u00bb16px\u00bb link_font=\u00bbMontreal bold||||||||\u00bb link_text_color=\u00bb#201648&#8243; global_colors_info=\u00bb{}\u00bb]<\/p>\n<p data-start=\"619\" data-end=\"868\">Junto a la psic\u00f3loga <a href=\"https:\/\/nataliacalix.com\/\"><strong data-start=\"640\" data-end=\"657\">Nat\u00e0lia C\u00e0lix<\/strong><\/a>, reflexionaremos sobre los desaf\u00edos actuales de la crianza digital y compartiremos estrategias para crear un v\u00ednculo m\u00e1s sano y consciente con las pantallas, desde la empat\u00eda y la corresponsabilidad familiar.<\/p>\n<p data-start=\"870\" data-end=\"890\">Durante la sesi\u00f3n:<\/p>\n<ul data-start=\"891\" data-end=\"1186\">\n<li data-start=\"891\" data-end=\"991\">\n<p data-start=\"893\" data-end=\"991\">Comprender\u00e1s c\u00f3mo influye el entorno digital en el desarrollo emocional y social de la infancia.<\/p>\n<\/li>\n<li data-start=\"992\" data-end=\"1065\">\n<p data-start=\"994\" data-end=\"1065\">Aprender\u00e1s pautas para acompa\u00f1ar con presencia, l\u00edmites y coherencia.<\/p>\n<\/li>\n<li data-start=\"1066\" data-end=\"1186\">\n<p data-start=\"1068\" data-end=\"1186\">Explorar\u00e1s c\u00f3mo compartir la responsabilidad del cuidado digital entre madres y padres para aliviar la carga mental.<\/p>\n<\/li>\n<\/ul>\n<p data-start=\"1188\" data-end=\"1332\">Un encuentro para replantear la relaci\u00f3n entre tecnolog\u00eda, familia y bienestar, construyendo espacios m\u00e1s equilibrados, humanos y sostenibles.<\/p>\n<p>[\/et_pb_text][et_pb_text _builder_version=\u00bb4.25.2&#8243; _module_preset=\u00bbdefault\u00bb text_font=\u00bbMontreal bold||||||||\u00bb text_text_color=\u00bb#201648&#8243; text_font_size=\u00bb16px\u00bb global_colors_info=\u00bb{}\u00bb]<\/p>\n<p>Plazas limitadas<br \/>Fecha: 20 de noviembre de 2025 a las 18 horas<br \/>Duraci\u00f3n 1 hora \u00b7 Modalidad online \u00b7 Gratuito<\/p>\n<p>[\/et_pb_text][et_pb_button button_url=\u00bbhttps:\/\/docs.google.com\/forms\/d\/e\/1FAIpQLScNufjkYuDmhYPK2GbI2KCabzn8zgcxkfzzuq-JZXKG1_vqGg\/viewform?usp=header\u00bb url_new_window=\u00bbon\u00bb button_text=\u00bbQuiero anotarme\u00bb button_alignment=\u00bbleft\u00bb button_alignment_tablet=\u00bbcenter\u00bb button_alignment_phone=\u00bbcenter\u00bb button_alignment_last_edited=\u00bbon|phone\u00bb _builder_version=\u00bb4.27.4&#8243; _module_preset=\u00bb31b4f027-aaa0-4f2f-ae02-959764e19e4f\u00bb custom_button=\u00bbon\u00bb button_text_size=\u00bb14px\u00bb button_text_color=\u00bb#201648&#8243; button_bg_color=\u00bb#F6BD55&#8243; button_border_width=\u00bb5px\u00bb button_border_color=\u00bb#201648&#8243; button_border_radius=\u00bb10px\u00bb button_font=\u00bbMontreal bold|700||on|||||\u00bb button_icon_color=\u00bb#201648&#8243; transform_scale_tablet=\u00bb\u00bb transform_scale_phone=\u00bb88%|88%\u00bb transform_scale_last_edited=\u00bbon|phone\u00bb transform_translate_tablet=\u00bb\u00bb transform_translate_phone=\u00bb\u00bb transform_translate_last_edited=\u00bbon|phone\u00bb transform_rotate_tablet=\u00bb\u00bb transform_rotate_phone=\u00bb\u00bb transform_rotate_last_edited=\u00bbon|phone\u00bb transform_skew_tablet=\u00bb\u00bb transform_skew_phone=\u00bb\u00bb transform_skew_last_edited=\u00bbon|phone\u00bb transform_origin_tablet=\u00bb\u00bb transform_origin_phone=\u00bb\u00bb transform_origin_last_edited=\u00bbon|phone\u00bb transform_styles_last_edited=\u00bbon|phone\u00bb custom_padding=\u00bb18px|30px|18px|30px|true|true\u00bb button_bg_color_tablet=\u00bb#F6BD55&#8243; button_bg_color_phone=\u00bb#F6BD55&#8243; button_bg_color_last_edited=\u00bbon|phone\u00bb button_bg_enable_color_tablet=\u00bbon\u00bb button_bg_enable_color_phone=\u00bbon\u00bb transform_styles_tablet=\u00bb\u00bb transform_styles_phone=\u00bb\u00bb box_shadow_style=\u00bbpreset4&#8243; box_shadow_horizontal=\u00bb7px\u00bb box_shadow_vertical=\u00bb7px\u00bb box_shadow_color=\u00bb#201648&#8243; saved_tabs=\u00bball\u00bb global_colors_info=\u00bb{}\u00bb button_text_color__hover_enabled=\u00bbon|hover\u00bb button_bg_color__hover_enabled=\u00bbon|desktop\u00bb button_bg_color__hover=\u00bb#8388EF\u00bb button_bg_enable_color__hover=\u00bbon\u00bb button_text_color__hover=\u00bb#201648&#8243;][\/et_pb_button][\/et_pb_column][et_pb_column type=\u00bb1_2&#8243; _builder_version=\u00bb4.25.2&#8243; _module_preset=\u00bbdefault\u00bb global_colors_info=\u00bb{}\u00bb][et_pb_image src=\u00bbhttps:\/\/culturahenko.com\/wp-content\/uploads\/2025\/10\/Natalia-Calix.png\u00bb title_text=\u00bbNata\u0300lia Ca\u0300lix\u00bb _builder_version=\u00bb4.25.2&#8243; _module_preset=\u00bbdefault\u00bb global_colors_info=\u00bb{}\u00bb][\/et_pb_image][\/et_pb_column][\/et_pb_row][\/et_pb_section]<\/p>\n","protected":false},"excerpt":{"rendered":"<p>Cuidar la infancia en la era digitalCON NAT\u00c0LIA C\u00c0LIXLa tecnolog\u00eda forma parte del d\u00eda a d\u00eda de ni\u00f1as y ni\u00f1os, pero \u00bfc\u00f3mo acompa\u00f1arlos sin caer en el control o la sobrecarga mental? Este taller est\u00e1 pensado para madres y padres que buscan herramientas pr\u00e1cticas para cuidar la infancia en un entorno digital cada vez m\u00e1s [&hellip;]<\/p>\n","protected":false},"author":1,"featured_media":0,"parent":821,"menu_order":0,"comment_status":"closed","ping_status":"closed","template":"","meta":{"_et_pb_use_builder":"on","_et_pb_old_content":"","_et_gb_content_width":"","footnotes":""},"class_list":["post-868","page","type-page","status-publish","hentry"],"yoast_head":"<!-- This site is optimized with the Yoast SEO plugin v27.4 - https:\/\/yoast.com\/product\/yoast-seo-wordpress\/ -->\n<title>Cuidar la infancia en la era digital - Cultura Henko<\/title>\n<meta name=\"robots\" content=\"index, follow, max-snippet:-1, max-image-preview:large, max-video-preview:-1\" \/>\n<link rel=\"canonical\" href=\"https:\/\/culturahenko.com\/ca\/talleres\/cuidar-la-infancia-en-la-era-digital\/\" \/>\n<meta property=\"og:locale\" content=\"ca_ES\" \/>\n<meta property=\"og:type\" content=\"article\" \/>\n<meta property=\"og:title\" content=\"Cuidar la infancia en la era digital - Cultura Henko\" \/>\n<meta property=\"og:description\" content=\"Cuidar la infancia en la era digitalCON NAT\u00c0LIA C\u00c0LIXLa tecnolog\u00eda forma parte del d\u00eda a d\u00eda de ni\u00f1as y ni\u00f1os, pero \u00bfc\u00f3mo acompa\u00f1arlos sin caer en el control o la sobrecarga mental? Este taller est\u00e1 pensado para madres y padres que buscan herramientas pr\u00e1cticas para cuidar la infancia en un entorno digital cada vez m\u00e1s [&hellip;]\" \/>\n<meta property=\"og:url\" content=\"https:\/\/culturahenko.com\/ca\/talleres\/cuidar-la-infancia-en-la-era-digital\/\" \/>\n<meta property=\"og:site_name\" content=\"Cultura Henko\" \/>\n<meta property=\"article:publisher\" content=\"https:\/\/facebook.com\/culturahenko\" \/>\n<meta property=\"article:modified_time\" content=\"2025-10-28T14:16:08+00:00\" \/>\n<meta name=\"twitter:card\" content=\"summary_large_image\" \/>\n<meta name=\"twitter:label1\" content=\"Temps estimat de lectura\" \/>\n\t<meta name=\"twitter:data1\" content=\"1 minut\" \/>\n<script type=\"application\/ld+json\" class=\"yoast-schema-graph\">{\"@context\":\"https:\\\/\\\/schema.org\",\"@graph\":[{\"@type\":\"WebPage\",\"@id\":\"https:\\\/\\\/culturahenko.com\\\/es\\\/talleres\\\/cuidar-la-infancia-en-la-era-digital\\\/\",\"url\":\"https:\\\/\\\/culturahenko.com\\\/es\\\/talleres\\\/cuidar-la-infancia-en-la-era-digital\\\/\",\"name\":\"Cuidar la infancia en la era digital - Cultura Henko\",\"isPartOf\":{\"@id\":\"https:\\\/\\\/culturahenko.com\\\/#website\"},\"datePublished\":\"2025-10-07T11:14:05+00:00\",\"dateModified\":\"2025-10-28T14:16:08+00:00\",\"breadcrumb\":{\"@id\":\"https:\\\/\\\/culturahenko.com\\\/es\\\/talleres\\\/cuidar-la-infancia-en-la-era-digital\\\/#breadcrumb\"},\"inLanguage\":\"ca\",\"potentialAction\":[{\"@type\":\"ReadAction\",\"target\":[\"https:\\\/\\\/culturahenko.com\\\/es\\\/talleres\\\/cuidar-la-infancia-en-la-era-digital\\\/\"]}]},{\"@type\":\"BreadcrumbList\",\"@id\":\"https:\\\/\\\/culturahenko.com\\\/es\\\/talleres\\\/cuidar-la-infancia-en-la-era-digital\\\/#breadcrumb\",\"itemListElement\":[{\"@type\":\"ListItem\",\"position\":1,\"name\":\"Portada\",\"item\":\"https:\\\/\\\/culturahenko.com\\\/es\\\/\"},{\"@type\":\"ListItem\",\"position\":2,\"name\":\"Talleres\",\"item\":\"https:\\\/\\\/culturahenko.com\\\/es\\\/talleres\\\/\"},{\"@type\":\"ListItem\",\"position\":3,\"name\":\"Cuidar la infancia en la era digital\"}]},{\"@type\":\"WebSite\",\"@id\":\"https:\\\/\\\/culturahenko.com\\\/#website\",\"url\":\"https:\\\/\\\/culturahenko.com\\\/\",\"name\":\"Cultura Henko\",\"description\":\"Los valores importan\",\"publisher\":{\"@id\":\"https:\\\/\\\/culturahenko.com\\\/#organization\"},\"potentialAction\":[{\"@type\":\"SearchAction\",\"target\":{\"@type\":\"EntryPoint\",\"urlTemplate\":\"https:\\\/\\\/culturahenko.com\\\/?s={search_term_string}\"},\"query-input\":{\"@type\":\"PropertyValueSpecification\",\"valueRequired\":true,\"valueName\":\"search_term_string\"}}],\"inLanguage\":\"ca\"},{\"@type\":\"Organization\",\"@id\":\"https:\\\/\\\/culturahenko.com\\\/#organization\",\"name\":\"Cultura Henko\",\"url\":\"https:\\\/\\\/culturahenko.com\\\/\",\"logo\":{\"@type\":\"ImageObject\",\"inLanguage\":\"ca\",\"@id\":\"https:\\\/\\\/culturahenko.com\\\/#\\\/schema\\\/logo\\\/image\\\/\",\"url\":\"https:\\\/\\\/culturahenko.com\\\/wp-content\\\/uploads\\\/2025\\\/05\\\/logo-cultura-henko.png\",\"contentUrl\":\"https:\\\/\\\/culturahenko.com\\\/wp-content\\\/uploads\\\/2025\\\/05\\\/logo-cultura-henko.png\",\"width\":252,\"height\":92,\"caption\":\"Cultura Henko\"},\"image\":{\"@id\":\"https:\\\/\\\/culturahenko.com\\\/#\\\/schema\\\/logo\\\/image\\\/\"},\"sameAs\":[\"https:\\\/\\\/facebook.com\\\/culturahenko\",\"https:\\\/\\\/instagram.com\\\/culturahenko\"]}]}<\/script>\n<!-- \/ Yoast SEO plugin. -->","yoast_head_json":{"title":"Cuidar la inf\u00e0ncia a l\u2019era digital - Cultura Henko","robots":{"index":"index","follow":"follow","max-snippet":"max-snippet:-1","max-image-preview":"max-image-preview:large","max-video-preview":"max-video-preview:-1"},"canonical":"https:\/\/culturahenko.com\/ca\/talleres\/cuidar-la-infancia-en-la-era-digital\/","og_locale":"ca_ES","og_type":"article","og_title":"Cuidar la infancia en la era digital - Cultura Henko","og_description":"Cuidar la infancia en la era digitalCON NAT\u00c0LIA C\u00c0LIXLa tecnolog\u00eda forma parte del d\u00eda a d\u00eda de ni\u00f1as y ni\u00f1os, pero \u00bfc\u00f3mo acompa\u00f1arlos sin caer en el control o la sobrecarga mental? Este taller est\u00e1 pensado para madres y padres que buscan herramientas pr\u00e1cticas para cuidar la infancia en un entorno digital cada vez m\u00e1s [&hellip;]","og_url":"https:\/\/culturahenko.com\/ca\/talleres\/cuidar-la-infancia-en-la-era-digital\/","og_site_name":"Cultura Henko","article_publisher":"https:\/\/facebook.com\/culturahenko","article_modified_time":"2025-10-28T14:16:08+00:00","twitter_card":"summary_large_image","twitter_misc":{"Temps estimat de lectura":"1 minut"},"schema":{"@context":"https:\/\/schema.org","@graph":[{"@type":"WebPage","@id":"https:\/\/culturahenko.com\/es\/talleres\/cuidar-la-infancia-en-la-era-digital\/","url":"https:\/\/culturahenko.com\/es\/talleres\/cuidar-la-infancia-en-la-era-digital\/","name":"Cuidar la inf\u00e0ncia a l\u2019era digital - Cultura Henko","isPartOf":{"@id":"https:\/\/culturahenko.com\/#website"},"datePublished":"2025-10-07T11:14:05+00:00","dateModified":"2025-10-28T14:16:08+00:00","breadcrumb":{"@id":"https:\/\/culturahenko.com\/es\/talleres\/cuidar-la-infancia-en-la-era-digital\/#breadcrumb"},"inLanguage":"ca","potentialAction":[{"@type":"ReadAction","target":["https:\/\/culturahenko.com\/es\/talleres\/cuidar-la-infancia-en-la-era-digital\/"]}]},{"@type":"BreadcrumbList","@id":"https:\/\/culturahenko.com\/es\/talleres\/cuidar-la-infancia-en-la-era-digital\/#breadcrumb","itemListElement":[{"@type":"ListItem","position":1,"name":"Portada","item":"https:\/\/culturahenko.com\/es\/"},{"@type":"ListItem","position":2,"name":"Talleres","item":"https:\/\/culturahenko.com\/es\/talleres\/"},{"@type":"ListItem","position":3,"name":"Cuidar la infancia en la era digital"}]},{"@type":"WebSite","@id":"https:\/\/culturahenko.com\/#website","url":"https:\/\/culturahenko.com\/","name":"Cultura Henko","description":"Els valors importen","publisher":{"@id":"https:\/\/culturahenko.com\/#organization"},"potentialAction":[{"@type":"SearchAction","target":{"@type":"EntryPoint","urlTemplate":"https:\/\/culturahenko.com\/?s={search_term_string}"},"query-input":{"@type":"PropertyValueSpecification","valueRequired":true,"valueName":"search_term_string"}}],"inLanguage":"ca"},{"@type":"Organization","@id":"https:\/\/culturahenko.com\/#organization","name":"Cultura Henko","url":"https:\/\/culturahenko.com\/","logo":{"@type":"ImageObject","inLanguage":"ca","@id":"https:\/\/culturahenko.com\/#\/schema\/logo\/image\/","url":"https:\/\/culturahenko.com\/wp-content\/uploads\/2025\/05\/logo-cultura-henko.png","contentUrl":"https:\/\/culturahenko.com\/wp-content\/uploads\/2025\/05\/logo-cultura-henko.png","width":252,"height":92,"caption":"Cultura Henko"},"image":{"@id":"https:\/\/culturahenko.com\/#\/schema\/logo\/image\/"},"sameAs":["https:\/\/facebook.com\/culturahenko","https:\/\/instagram.com\/culturahenko"]}]}},"_links":{"self":[{"href":"https:\/\/culturahenko.com\/ca\/wp-json\/wp\/v2\/pages\/868","targetHints":{"allow":["GET"]}}],"collection":[{"href":"https:\/\/culturahenko.com\/ca\/wp-json\/wp\/v2\/pages"}],"about":[{"href":"https:\/\/culturahenko.com\/ca\/wp-json\/wp\/v2\/types\/page"}],"author":[{"embeddable":true,"href":"https:\/\/culturahenko.com\/ca\/wp-json\/wp\/v2\/users\/1"}],"replies":[{"embeddable":true,"href":"https:\/\/culturahenko.com\/ca\/wp-json\/wp\/v2\/comments?post=868"}],"version-history":[{"count":11,"href":"https:\/\/culturahenko.com\/ca\/wp-json\/wp\/v2\/pages\/868\/revisions"}],"predecessor-version":[{"id":1156,"href":"https:\/\/culturahenko.com\/ca\/wp-json\/wp\/v2\/pages\/868\/revisions\/1156"}],"up":[{"embeddable":true,"href":"https:\/\/culturahenko.com\/ca\/wp-json\/wp\/v2\/pages\/821"}],"wp:attachment":[{"href":"https:\/\/culturahenko.com\/ca\/wp-json\/wp\/v2\/media?parent=868"}],"curies":[{"name":"wp","href":"https:\/\/api.w.org\/{rel}","templated":true}]}}