{"id":1008,"date":"2025-10-22T12:15:36","date_gmt":"2025-10-22T12:15:36","guid":{"rendered":"https:\/\/culturahenko.com\/?page_id=1008"},"modified":"2026-03-16T20:20:24","modified_gmt":"2026-03-16T20:20:24","slug":"beca-hazte-visible","status":"publish","type":"page","link":"https:\/\/culturahenko.com\/en\/quienes-somos\/beca-hazte-visible\/","title":{"rendered":"Make Yourself Visible Grant"},"content":{"rendered":"<p>[et_pb_section fb_built=\u00bb1&#8243; _builder_version=\u00bb4.27.4&#8243; _module_preset=\u00bbdefault\u00bb background_color=\u00bb#F1EDE1&#8243; custom_margin=\u00bb93px||||false|false\u00bb custom_padding=\u00bb19px||||false|false\u00bb global_colors_info=\u00bb{}\u00bb][et_pb_row _builder_version=\u00bb4.27.6&#8243; _module_preset=\u00bbdefault\u00bb custom_margin=\u00bb79px||||false|false\u00bb global_colors_info=\u00bb{}\u00bb][et_pb_column type=\u00bb4_4&#8243; _builder_version=\u00bb4.25.2&#8243; _module_preset=\u00bbdefault\u00bb global_colors_info=\u00bb{}\u00bb][et_pb_text _builder_version=\u00bb4.27.6&#8243; _module_preset=\u00bbdefault\u00bb text_font=\u00bbMontreal bold||||||||\u00bb text_text_color=\u00bb#201648&#8243; text_font_size=\u00bb55px\u00bb text_line_height=\u00bb1em\u00bb hover_enabled=\u00bb0&#8243; global_colors_info=\u00bb{}\u00bb sticky_enabled=\u00bb0&#8243;]<\/p>\n<p style=\"text-align: center;\">Beca Hazte Visible<\/p>\n<p>[\/et_pb_text][et_pb_text _builder_version=\u00bb4.27.6&#8243; _module_preset=\u00bbdefault\u00bb text_font=\u00bbMontreal bold||||||||\u00bb text_text_color=\u00bb#201648&#8243; hover_enabled=\u00bb0&#8243; global_colors_info=\u00bb{}\u00bb sticky_enabled=\u00bb0&#8243;]<\/p>\n<p style=\"text-align: center;\">CON RAQUEL RUIZ<\/p>\n<p>[\/et_pb_text][et_pb_text _builder_version=\u00bb4.27.6&#8243; _module_preset=\u00bbdefault\u00bb text_font=\u00bbMontreal light||||||||\u00bb text_text_color=\u00bb#201648&#8243; text_font_size=\u00bb23px\u00bb link_font=\u00bbMontreal bold||||||||\u00bb link_text_color=\u00bb#201648&#8243; hover_enabled=\u00bb0&#8243; global_colors_info=\u00bb{}\u00bb sticky_enabled=\u00bb0&#8243;]<\/p>\n<h2 data-start=\"292\" data-end=\"354\" style=\"text-align: center;\">\u00bfTienes un proyecto art\u00edstico, cultural o de salud mental y todav\u00eda no tienes web?<\/h2>\n<p>[\/et_pb_text][et_pb_text _builder_version=\u00bb4.25.2&#8243; _module_preset=\u00bbdefault\u00bb text_font=\u00bbMontreal light||||||||\u00bb text_text_color=\u00bb#201648&#8243; text_font_size=\u00bb16px\u00bb link_font=\u00bbMontreal bold||||||||\u00bb link_text_color=\u00bb#201648&#8243; global_colors_info=\u00bb{}\u00bb]<\/p>\n<p data-start=\"558\" data-end=\"910\" style=\"text-align: justify;\">La <strong data-start=\"561\" data-end=\"575\">Beca Henko<\/strong> nace para ayudarte a dar ese primer paso. Cada trimestre, Cultura Henko dona la creaci\u00f3n de una <strong data-start=\"674\" data-end=\"706\">web tipo landing profesional<\/strong> a una <strong data-start=\"713\" data-end=\"753\">mujer en situaci\u00f3n de vulnerabilidad<\/strong> o a una <strong data-start=\"762\" data-end=\"795\">persona del colectivo LGBTIQ+<\/strong> que est\u00e9 impulsando un proyecto con prop\u00f3sito \u2014ya sea art\u00edstico, cultural, terap\u00e9utico o de bienestar emocional.<\/p>\n<p data-start=\"741\" data-end=\"887\" style=\"text-align: justify;\">Una web sencilla, funcional y autogestionable para que puedas <strong data-start=\"803\" data-end=\"886\">dar visibilidad a tu trabajo, compartir tu historia y conectar con tu comunidad<\/strong>.<\/p>\n<p data-start=\"741\" data-end=\"887\" style=\"text-align: justify;\">Esta plantilla ser\u00e1 la misma para todas las personas seleccionadas y podr\u00e1s <strong data-start=\"1324\" data-end=\"1353\">personalizarla libremente<\/strong> con tus propios textos, im\u00e1genes y colores.<\/p>\n<p data-start=\"1399\" data-end=\"1551\" style=\"text-align: justify;\">Nosotras nos encargamos de la <strong data-start=\"1429\" data-end=\"1472\">base t\u00e9cnica y la configuraci\u00f3n inicial<\/strong>. T\u00fa das forma al contenido que representa tu energ\u00eda, tu voz y tu prop\u00f3sito.<\/p>\n<p data-start=\"1194\" data-end=\"1217\" style=\"text-align: justify;\">Durante la experiencia:<\/p>\n<ul data-start=\"1586\" data-end=\"1795\">\n<li data-start=\"1586\" data-end=\"1636\">\n<p data-start=\"1588\" data-end=\"1636\">Tendr\u00e1s tu propia web publicada en tu dominio.<\/p>\n<\/li>\n<li data-start=\"1637\" data-end=\"1680\">\n<p data-start=\"1639\" data-end=\"1680\">Aprender\u00e1s a gestionarla con autonom\u00eda.<\/p>\n<\/li>\n<li data-start=\"1681\" data-end=\"1738\">\n<p data-start=\"1683\" data-end=\"1738\">Podr\u00e1s a\u00f1adir o quitar m\u00f3dulos seg\u00fan tus necesidades.<\/p>\n<\/li>\n<li data-start=\"1739\" data-end=\"1795\">\n<p data-start=\"1741\" data-end=\"1795\">Podr\u00e1s actualizarla y hacerla crecer cuando quieras.<\/p>\n<\/li>\n<\/ul>\n<blockquote data-start=\"1797\" data-end=\"1955\">\n<p data-start=\"1799\" data-end=\"1955\"><strong><em data-start=\"1799\" data-end=\"1863\">No entra en la beca dise\u00f1os a medida, ecommerce, ni tareas de mantenimiento web.<\/em><\/strong><br data-start=\"1863\" data-end=\"1866\" \/><em data-start=\"1868\" data-end=\"1955\">La Beca Henko ofrece la base t\u00e9cnica funcional, sobre una misma plantilla compartida.<\/em><\/p>\n<p>Un proyecto pensado para <strong data-start=\"1399\" data-end=\"1443\">mujeres y personas del colectivo LGBTIQ+ <\/strong>que crean, acompa\u00f1an o inspiran desde el arte, la cultura o la salud mental y que necesitan un espacio digital coherente con sus valores y su proceso de vida.<\/p>\n<\/blockquote>\n<p>[\/et_pb_text][et_pb_text _builder_version=\u00bb4.25.2&#8243; _module_preset=\u00bbdefault\u00bb text_font=\u00bbMontserrat||||||||\u00bb text_text_color=\u00bb#201648&#8243; text_font_size=\u00bb16px\u00bb link_font=\u00bbMontreal bold||||||||\u00bb link_text_color=\u00bb#8388EF\u00bb global_colors_info=\u00bb{}\u00bb]<\/p>\n<p>Plazas limitadas<br \/>Convocatoria abierta<br data-start=\"1935\" data-end=\"1938\" \/>\ud83d\uddd3\ufe0f Del 1 al 20 de noviembre<br data-start=\"1986\" data-end=\"1989\" \/>\ud83d\udce3 Anuncio en <a data-start=\"2003\" data-end=\"2058\" class=\"decorated-link\" href=\"https:\/\/www.instagram.com\/culturahenko\">@culturahenko<span aria-hidden=\"true\" class=\"ms-0.5 inline-block align-middle leading-none\"><svg width=\"20\" height=\"20\" viewbox=\"0 0 20 20\" fill=\"currentColor\" xmlns=\"http:\/\/www.w3.org\/2000\/svg\" data-rtl-flip=\"\" class=\"block h-[0.75em] w-[0.75em] stroke-current stroke-[0.75]\"><path d=\"M14.3349 13.3301V6.60645L5.47065 15.4707C5.21095 15.7304 4.78895 15.7304 4.52925 15.4707C4.26955 15.211 4.26955 14.789 4.52925 14.5293L13.3935 5.66504H6.66011C6.29284 5.66504 5.99507 5.36727 5.99507 5C5.99507 4.63273 6.29284 4.33496 6.66011 4.33496H14.9999L15.1337 4.34863C15.4369 4.41057 15.665 4.67857 15.665 5V13.3301C15.6649 13.6973 15.3672 13.9951 14.9999 13.9951C14.6327 13.9951 14.335 13.6973 14.3349 13.3301Z\"><\/path><\/svg><\/span><\/a> el d\u00eda 30<br data-start=\"2068\" data-end=\"2071\" \/>\ud83c\udf10 Modalidad online \u00b7 Donaci\u00f3n digital \u00b7 Sin coste de desarrollo<\/p>\n<p>[\/et_pb_text][et_pb_text _builder_version=\u00bb4.25.2&#8243; _module_preset=\u00bbdefault\u00bb text_font=\u00bbMontserrat||||||||\u00bb text_text_color=\u00bb#201648&#8243; text_font_size=\u00bb12px\u00bb text_line_height=\u00bb0.2em\u00bb global_colors_info=\u00bb{}\u00bb]<\/p>\n<p data-start=\"1614\" data-end=\"1628\"><strong data-start=\"1614\" data-end=\"1628\">Requisitos<\/strong><\/p>\n<p data-start=\"1614\" data-end=\"1628\"><strong data-start=\"1614\" data-end=\"1628\"><\/strong><\/p>\n<ul data-start=\"1629\" data-end=\"1904\">\n<li data-start=\"1629\" data-end=\"1704\">\n<p data-start=\"1631\" data-end=\"1704\">Contar con un <strong data-start=\"1645\" data-end=\"1663\">dominio propio<\/strong>.<\/p>\n<\/li>\n<li data-start=\"1705\" data-end=\"1794\">\n<p data-start=\"1707\" data-end=\"1794\">Realizar una <strong data-start=\"1720\" data-end=\"1746\">donaci\u00f3n anual de 80 \u20ac<\/strong> para el hosting gestionado por Cultura Henko.<\/p>\n<\/li>\n<li data-start=\"1795\" data-end=\"1837\">\n<p data-start=\"1797\" data-end=\"1837\">Disponer de textos e im\u00e1genes propios.<\/p>\n<\/li>\n<li data-start=\"1838\" data-end=\"1904\">\n<p data-start=\"1840\" data-end=\"1904\">Comprometerse a autogestionar la web con autonom\u00eda y coherencia.<\/p>\n<\/li>\n<li data-start=\"1838\" data-end=\"1904\">No entra el mantenimiento web.<\/li>\n<li data-start=\"1838\" data-end=\"1904\">Seguir a Cultura Henko en redes sociales y estar anotada a la newsletter.<\/li>\n<\/ul>\n<p>[\/et_pb_text][et_pb_button button_url=\u00bbhttps:\/\/docs.google.com\/forms\/d\/e\/1FAIpQLSfHWe5iYSleWOWQgs-Ck46___FEcNB-lfo-AtAtLf4HB3pAmw\/viewform?usp=dialog\u00bb url_new_window=\u00bbon\u00bb button_text=\u00bbPost\u00falate aqu\u00ed\u00bb button_alignment=\u00bbleft\u00bb button_alignment_tablet=\u00bbcenter\u00bb button_alignment_phone=\u00bbcenter\u00bb button_alignment_last_edited=\u00bbon|phone\u00bb _builder_version=\u00bb4.27.4&#8243; _module_preset=\u00bb31b4f027-aaa0-4f2f-ae02-959764e19e4f\u00bb custom_button=\u00bbon\u00bb button_text_size=\u00bb14px\u00bb button_text_color=\u00bb#201648&#8243; button_bg_color=\u00bb#F2CF65&#8243; button_border_width=\u00bb5px\u00bb button_border_color=\u00bb#201648&#8243; button_border_radius=\u00bb10px\u00bb button_font=\u00bbMontreal bold|700||on|||||\u00bb button_icon_color=\u00bb#201648&#8243; transform_scale_tablet=\u00bb\u00bb transform_scale_phone=\u00bb88%|88%\u00bb transform_scale_last_edited=\u00bbon|phone\u00bb transform_translate_tablet=\u00bb\u00bb transform_translate_phone=\u00bb\u00bb transform_translate_last_edited=\u00bbon|phone\u00bb transform_rotate_tablet=\u00bb\u00bb transform_rotate_phone=\u00bb\u00bb transform_rotate_last_edited=\u00bbon|phone\u00bb transform_skew_tablet=\u00bb\u00bb transform_skew_phone=\u00bb\u00bb transform_skew_last_edited=\u00bbon|phone\u00bb transform_origin_tablet=\u00bb\u00bb transform_origin_phone=\u00bb\u00bb transform_origin_last_edited=\u00bbon|phone\u00bb transform_styles_last_edited=\u00bbon|phone\u00bb custom_padding=\u00bb18px|30px|18px|30px|true|true\u00bb button_bg_color_tablet=\u00bb#F2CF65&#8243; button_bg_color_phone=\u00bb#F2CF65&#8243; button_bg_color_last_edited=\u00bbon|phone\u00bb transform_styles_tablet=\u00bb\u00bb transform_styles_phone=\u00bb\u00bb box_shadow_style=\u00bbpreset4&#8243; box_shadow_horizontal=\u00bb7px\u00bb box_shadow_vertical=\u00bb7px\u00bb box_shadow_color=\u00bb#201648&#8243; saved_tabs=\u00bball\u00bb global_colors_info=\u00bb{}\u00bb button_text_color__hover_enabled=\u00bbon|desktop\u00bb button_bg_color__hover_enabled=\u00bbon|hover\u00bb button_bg_color__hover=\u00bb#8388EF\u00bb button_bg_enable_color__hover=\u00bbon\u00bb button_text_color__hover=\u00bb#201648&#8243;][\/et_pb_button][\/et_pb_column][\/et_pb_row][\/et_pb_section]<\/p>\n","protected":false},"excerpt":{"rendered":"<p>Beca Hazte VisibleCON RAQUEL RUIZ\u00bfTienes un proyecto art\u00edstico, cultural o de salud mental y todav\u00eda no tienes web?La Beca Henko nace para ayudarte a dar ese primer paso. Cada trimestre, Cultura Henko dona la creaci\u00f3n de una web tipo landing profesional a una mujer en situaci\u00f3n de vulnerabilidad o a una persona del colectivo LGBTIQ+ [&hellip;]<\/p>\n","protected":false},"author":1,"featured_media":0,"parent":581,"menu_order":0,"comment_status":"closed","ping_status":"closed","template":"","meta":{"_et_pb_use_builder":"on","_et_pb_old_content":"","_et_gb_content_width":"","footnotes":""},"class_list":["post-1008","page","type-page","status-publish","hentry"],"yoast_head":"<!-- This site is optimized with the Yoast SEO plugin v27.4 - https:\/\/yoast.com\/product\/yoast-seo-wordpress\/ -->\n<title>Beca Hazte Visible - Cultura Henko<\/title>\n<meta name=\"robots\" content=\"index, follow, max-snippet:-1, max-image-preview:large, max-video-preview:-1\" \/>\n<link rel=\"canonical\" href=\"https:\/\/culturahenko.com\/en\/quienes-somos\/beca-hazte-visible\/\" \/>\n<meta property=\"og:locale\" content=\"en_GB\" \/>\n<meta property=\"og:type\" content=\"article\" \/>\n<meta property=\"og:title\" content=\"Beca Hazte Visible - Cultura Henko\" \/>\n<meta property=\"og:description\" content=\"Beca Hazte VisibleCON RAQUEL RUIZ\u00bfTienes un proyecto art\u00edstico, cultural o de salud mental y todav\u00eda no tienes web?La Beca Henko nace para ayudarte a dar ese primer paso. Cada trimestre, Cultura Henko dona la creaci\u00f3n de una web tipo landing profesional a una mujer en situaci\u00f3n de vulnerabilidad o a una persona del colectivo LGBTIQ+ [&hellip;]\" \/>\n<meta property=\"og:url\" content=\"https:\/\/culturahenko.com\/en\/quienes-somos\/beca-hazte-visible\/\" \/>\n<meta property=\"og:site_name\" content=\"Cultura Henko\" \/>\n<meta property=\"article:publisher\" content=\"https:\/\/facebook.com\/culturahenko\" \/>\n<meta property=\"article:modified_time\" content=\"2026-03-16T20:20:24+00:00\" \/>\n<meta name=\"twitter:card\" content=\"summary_large_image\" \/>\n<meta name=\"twitter:label1\" content=\"Estimated reading time\" \/>\n\t<meta name=\"twitter:data1\" content=\"2 minutes\" \/>\n<script type=\"application\/ld+json\" class=\"yoast-schema-graph\">{\"@context\":\"https:\\\/\\\/schema.org\",\"@graph\":[{\"@type\":\"WebPage\",\"@id\":\"https:\\\/\\\/culturahenko.com\\\/es\\\/quienes-somos\\\/beca-hazte-visible\\\/\",\"url\":\"https:\\\/\\\/culturahenko.com\\\/es\\\/quienes-somos\\\/beca-hazte-visible\\\/\",\"name\":\"Beca Hazte Visible - Cultura Henko\",\"isPartOf\":{\"@id\":\"https:\\\/\\\/culturahenko.com\\\/#website\"},\"datePublished\":\"2025-10-22T12:15:36+00:00\",\"dateModified\":\"2026-03-16T20:20:24+00:00\",\"breadcrumb\":{\"@id\":\"https:\\\/\\\/culturahenko.com\\\/es\\\/quienes-somos\\\/beca-hazte-visible\\\/#breadcrumb\"},\"inLanguage\":\"en-GB\",\"potentialAction\":[{\"@type\":\"ReadAction\",\"target\":[\"https:\\\/\\\/culturahenko.com\\\/es\\\/quienes-somos\\\/beca-hazte-visible\\\/\"]}]},{\"@type\":\"BreadcrumbList\",\"@id\":\"https:\\\/\\\/culturahenko.com\\\/es\\\/quienes-somos\\\/beca-hazte-visible\\\/#breadcrumb\",\"itemListElement\":[{\"@type\":\"ListItem\",\"position\":1,\"name\":\"Portada\",\"item\":\"https:\\\/\\\/culturahenko.com\\\/es\\\/\"},{\"@type\":\"ListItem\",\"position\":2,\"name\":\"Qui\u00e9nes somos\",\"item\":\"https:\\\/\\\/culturahenko.com\\\/es\\\/quienes-somos\\\/\"},{\"@type\":\"ListItem\",\"position\":3,\"name\":\"Beca Hazte Visible\"}]},{\"@type\":\"WebSite\",\"@id\":\"https:\\\/\\\/culturahenko.com\\\/#website\",\"url\":\"https:\\\/\\\/culturahenko.com\\\/\",\"name\":\"Cultura Henko\",\"description\":\"Los valores importan\",\"publisher\":{\"@id\":\"https:\\\/\\\/culturahenko.com\\\/#organization\"},\"potentialAction\":[{\"@type\":\"SearchAction\",\"target\":{\"@type\":\"EntryPoint\",\"urlTemplate\":\"https:\\\/\\\/culturahenko.com\\\/?s={search_term_string}\"},\"query-input\":{\"@type\":\"PropertyValueSpecification\",\"valueRequired\":true,\"valueName\":\"search_term_string\"}}],\"inLanguage\":\"en-GB\"},{\"@type\":\"Organization\",\"@id\":\"https:\\\/\\\/culturahenko.com\\\/#organization\",\"name\":\"Cultura Henko\",\"url\":\"https:\\\/\\\/culturahenko.com\\\/\",\"logo\":{\"@type\":\"ImageObject\",\"inLanguage\":\"en-GB\",\"@id\":\"https:\\\/\\\/culturahenko.com\\\/#\\\/schema\\\/logo\\\/image\\\/\",\"url\":\"https:\\\/\\\/culturahenko.com\\\/wp-content\\\/uploads\\\/2025\\\/05\\\/logo-cultura-henko.png\",\"contentUrl\":\"https:\\\/\\\/culturahenko.com\\\/wp-content\\\/uploads\\\/2025\\\/05\\\/logo-cultura-henko.png\",\"width\":252,\"height\":92,\"caption\":\"Cultura Henko\"},\"image\":{\"@id\":\"https:\\\/\\\/culturahenko.com\\\/#\\\/schema\\\/logo\\\/image\\\/\"},\"sameAs\":[\"https:\\\/\\\/facebook.com\\\/culturahenko\",\"https:\\\/\\\/instagram.com\\\/culturahenko\"]}]}<\/script>\n<!-- \/ Yoast SEO plugin. -->","yoast_head_json":{"title":"Beca Hazte Visible - Cultura Henko","robots":{"index":"index","follow":"follow","max-snippet":"max-snippet:-1","max-image-preview":"max-image-preview:large","max-video-preview":"max-video-preview:-1"},"canonical":"https:\/\/culturahenko.com\/en\/quienes-somos\/beca-hazte-visible\/","og_locale":"en_GB","og_type":"article","og_title":"Beca Hazte Visible - Cultura Henko","og_description":"Beca Hazte VisibleCON RAQUEL RUIZ\u00bfTienes un proyecto art\u00edstico, cultural o de salud mental y todav\u00eda no tienes web?La Beca Henko nace para ayudarte a dar ese primer paso. Cada trimestre, Cultura Henko dona la creaci\u00f3n de una web tipo landing profesional a una mujer en situaci\u00f3n de vulnerabilidad o a una persona del colectivo LGBTIQ+ [&hellip;]","og_url":"https:\/\/culturahenko.com\/en\/quienes-somos\/beca-hazte-visible\/","og_site_name":"Cultura Henko","article_publisher":"https:\/\/facebook.com\/culturahenko","article_modified_time":"2026-03-16T20:20:24+00:00","twitter_card":"summary_large_image","twitter_misc":{"Estimated reading time":"2 minutes"},"schema":{"@context":"https:\/\/schema.org","@graph":[{"@type":"WebPage","@id":"https:\/\/culturahenko.com\/es\/quienes-somos\/beca-hazte-visible\/","url":"https:\/\/culturahenko.com\/es\/quienes-somos\/beca-hazte-visible\/","name":"Beca Hazte Visible - Cultura Henko","isPartOf":{"@id":"https:\/\/culturahenko.com\/#website"},"datePublished":"2025-10-22T12:15:36+00:00","dateModified":"2026-03-16T20:20:24+00:00","breadcrumb":{"@id":"https:\/\/culturahenko.com\/es\/quienes-somos\/beca-hazte-visible\/#breadcrumb"},"inLanguage":"en-GB","potentialAction":[{"@type":"ReadAction","target":["https:\/\/culturahenko.com\/es\/quienes-somos\/beca-hazte-visible\/"]}]},{"@type":"BreadcrumbList","@id":"https:\/\/culturahenko.com\/es\/quienes-somos\/beca-hazte-visible\/#breadcrumb","itemListElement":[{"@type":"ListItem","position":1,"name":"Portada","item":"https:\/\/culturahenko.com\/es\/"},{"@type":"ListItem","position":2,"name":"Qui\u00e9nes somos","item":"https:\/\/culturahenko.com\/es\/quienes-somos\/"},{"@type":"ListItem","position":3,"name":"Beca Hazte Visible"}]},{"@type":"WebSite","@id":"https:\/\/culturahenko.com\/#website","url":"https:\/\/culturahenko.com\/","name":"Cultura Henko","description":"Values matter","publisher":{"@id":"https:\/\/culturahenko.com\/#organization"},"potentialAction":[{"@type":"SearchAction","target":{"@type":"EntryPoint","urlTemplate":"https:\/\/culturahenko.com\/?s={search_term_string}"},"query-input":{"@type":"PropertyValueSpecification","valueRequired":true,"valueName":"search_term_string"}}],"inLanguage":"en-GB"},{"@type":"Organization","@id":"https:\/\/culturahenko.com\/#organization","name":"Cultura Henko","url":"https:\/\/culturahenko.com\/","logo":{"@type":"ImageObject","inLanguage":"en-GB","@id":"https:\/\/culturahenko.com\/#\/schema\/logo\/image\/","url":"https:\/\/culturahenko.com\/wp-content\/uploads\/2025\/05\/logo-cultura-henko.png","contentUrl":"https:\/\/culturahenko.com\/wp-content\/uploads\/2025\/05\/logo-cultura-henko.png","width":252,"height":92,"caption":"Cultura Henko"},"image":{"@id":"https:\/\/culturahenko.com\/#\/schema\/logo\/image\/"},"sameAs":["https:\/\/facebook.com\/culturahenko","https:\/\/instagram.com\/culturahenko"]}]}},"_links":{"self":[{"href":"https:\/\/culturahenko.com\/en\/wp-json\/wp\/v2\/pages\/1008","targetHints":{"allow":["GET"]}}],"collection":[{"href":"https:\/\/culturahenko.com\/en\/wp-json\/wp\/v2\/pages"}],"about":[{"href":"https:\/\/culturahenko.com\/en\/wp-json\/wp\/v2\/types\/page"}],"author":[{"embeddable":true,"href":"https:\/\/culturahenko.com\/en\/wp-json\/wp\/v2\/users\/1"}],"replies":[{"embeddable":true,"href":"https:\/\/culturahenko.com\/en\/wp-json\/wp\/v2\/comments?post=1008"}],"version-history":[{"count":18,"href":"https:\/\/culturahenko.com\/en\/wp-json\/wp\/v2\/pages\/1008\/revisions"}],"predecessor-version":[{"id":1174,"href":"https:\/\/culturahenko.com\/en\/wp-json\/wp\/v2\/pages\/1008\/revisions\/1174"}],"up":[{"embeddable":true,"href":"https:\/\/culturahenko.com\/en\/wp-json\/wp\/v2\/pages\/581"}],"wp:attachment":[{"href":"https:\/\/culturahenko.com\/en\/wp-json\/wp\/v2\/media?parent=1008"}],"curies":[{"name":"wp","href":"https:\/\/api.w.org\/{rel}","templated":true}]}}