{"id":103,"date":"2024-02-28T10:53:33","date_gmt":"2024-02-28T10:53:33","guid":{"rendered":"https:\/\/culturahenko.com\/?page_id=103"},"modified":"2025-05-20T08:51:30","modified_gmt":"2025-05-20T08:51:30","slug":"aviso-legal","status":"publish","type":"page","link":"https:\/\/culturahenko.com\/en\/aviso-legal\/","title":{"rendered":"Legal Notice"},"content":{"rendered":"[et_pb_section fb_built=\u00bb1&#8243; admin_label=\u00bbsection\u00bb _builder_version=\u00bb4.25.2&#8243; hover_enabled=\u00bb0&#8243; global_colors_info=\u00bb{}\u00bb background_color=\u00bb#F1EDE1&#8243; sticky_enabled=\u00bb0&#8243;][et_pb_row admin_label=\u00bbrow\u00bb _builder_version=\u00bb4.16&#8243; background_size=\u00bbinitial\u00bb background_position=\u00bbtop_left\u00bb background_repeat=\u00bbrepeat\u00bb hover_enabled=\u00bb0&#8243; global_colors_info=\u00bb{}\u00bb sticky_enabled=\u00bb0&#8243;][et_pb_column type=\u00bb4_4&#8243; _builder_version=\u00bb4.16&#8243; custom_padding=\u00bb|||\u00bb global_colors_info=\u00bb{}\u00bb custom_padding__hover=\u00bb|||\u00bb][et_pb_text admin_label=\u00bbText\u00bb _builder_version=\u00bb4.25.2&#8243; background_size=\u00bbinitial\u00bb background_position=\u00bbtop_left\u00bb background_repeat=\u00bbrepeat\u00bb hover_enabled=\u00bb0&#8243; global_colors_info=\u00bb{}\u00bb text_text_color=\u00bb#201648&#8243; text_font=\u00bbmontreal regular||||||||\u00bb sticky_enabled=\u00bb0&#8243;]<p><strong>AVISO LEGAL<\/strong><\/p>\n<p>Mediante el presente texto, la Asociaci\u00f3n Despega con Henko, de ahora en adelante Despega con Henko, desea informarte sobre nuestro Aviso Legal, el cual se entender\u00e1 aceptado por el mero hecho de conectarse y navegar por nuestra web.<\/p>\n<p><\/p>\n<p>Despega con Henko tiene su domicilio en Barcelona, Espa\u00f1a. Si deseas ponerte en contacto con nosotros en relaci\u00f3n a este Aviso Legal, por favor env\u00eda un correo electr\u00f3nico a <a>hola@culturahenko.com<\/a> indicando la referencia: Aviso Legal.<\/p>\n<p><\/p>\n<p>Te informamos que cumplimos con la obligaci\u00f3n legal de tener inscrito en el Registro Mercantil al menos uno de los dominios de los que somos titulares y nuestro CIF es el G70715446.<\/p>\n<p><\/p>\n<p>Cumplimos con la normativa de protecci\u00f3n de datos y todos los datos que recabamos se tratan conforme a lo estipulado en nuestra pol\u00edtica de protecci\u00f3n de datos, la cual puedes consultar en el formulario donde solicitamos la informaci\u00f3n, siempre respetando la confidencialidad de los mismos.<\/p>\n<p><\/p>\n<p>Declinamos cualquier responsabilidad sobre los enlaces externos que puedan aparecer en nuestra p\u00e1gina, los cuales tienen un car\u00e1cter meramente informativo, as\u00ed como de aquellas p\u00e1ginas o enlaces que remitan a la nuestra.<\/p>\n<p><\/p>\n<p>Despega con Henko se reserva todos los derechos de propiedad intelectual respecto a esta web y cualquier tipo de elemento que la integre, y tan solo se podr\u00e1 excepcionar con el consentimiento previo, expreso y por escrito del Administrador de Despega con Henko.<\/p>\n<p><\/p>\n<p><strong>Aceptaci\u00f3n de la Pol\u00edtica de Cookies:<\/strong><\/p>\n<p><\/p>\n<p>El usuario acepta expresamente, por la utilizaci\u00f3n de este Sitio, el tratamiento de la informaci\u00f3n recabada en la forma y con los fines anteriormente mencionados. Reconoce conocer la posibilidad de rechazar el tratamiento de tales datos o informaci\u00f3n rechazando el uso de cookies mediante la selecci\u00f3n de la configuraci\u00f3n apropiada en su navegador. Sin embargo, es posible que esta opci\u00f3n de bloqueo de cookies en su navegador no le permita el uso pleno de todas las funcionalidades del Sitio.<\/p>\n<p><\/p>\n<p>Te informamos que mostramos informaci\u00f3n sobre la pol\u00edtica de cookies en la parte superior de las p\u00e1ginas del sitio para que puedas ser consciente de ello. Ante esta informaci\u00f3n, puedes llevar a cabo las siguientes acciones:<\/p>\n<p><\/p>\n<p><\/p>\n<ul class=\"wp-block-list\">\n<ul><\/p>\n<li>Ocultar este mensaje: Se oculta el aviso en la presente p\u00e1gina.<\/li>\n<\/ul>\n<\/ul>\n<p><\/p>\n<p><\/p>\n<ul>\n<ul>\n<li>Modificar su configuraci\u00f3n: Puedes obtener m\u00e1s informaci\u00f3n sobre qu\u00e9 son las cookies, conocer la pol\u00edtica de cookies y modificar la configuraci\u00f3n de tu navegador.<\/li>\n<\/ul>\n<\/ul>\n<p><\/p>\n<p><\/p>\n<p>Despega con Henko se reserva la posibilidad de realizar modificaciones del presente aviso legal en cualquier momento y sin necesidad de avisar previamente.<\/p>\n<p><\/p>[\/et_pb_text][\/et_pb_column][\/et_pb_row][\/et_pb_section]","protected":false},"excerpt":{"rendered":"<p>AVISO LEGAL Mediante el presente texto, la Asociaci\u00f3n Despega con Henko, de ahora en adelante Despega con Henko, desea informarte sobre nuestro Aviso Legal, el cual se entender\u00e1 aceptado por el mero hecho de conectarse y navegar por nuestra web. Despega con Henko tiene su domicilio en Barcelona, Espa\u00f1a. Si deseas ponerte en contacto con [&hellip;]<\/p>\n","protected":false},"author":1,"featured_media":0,"parent":0,"menu_order":0,"comment_status":"closed","ping_status":"closed","template":"","meta":{"_et_pb_use_builder":"on","_et_pb_old_content":"<!-- wp:paragraph -->\n<p>Mediante el presente texto, la Asociaci\u00f3n Despega con Henko, de ahora en adelante Despega con Henko, desea informarte sobre nuestro Aviso Legal, el cual se entender\u00e1 aceptado por el mero hecho de conectarse y navegar por nuestra web.<\/p>\n<!-- \/wp:paragraph -->\n\n<!-- wp:paragraph -->\n<p>Despega con Henko tiene su domicilio en Barcelona, Espa\u00f1a. Si deseas ponerte en contacto con nosotros en relaci\u00f3n a este Aviso Legal, por favor env\u00eda un correo electr\u00f3nico a <a>hola@culturahenko.com<\/a> indicando la referencia: Aviso Legal.<\/p>\n<!-- \/wp:paragraph -->\n\n<!-- wp:paragraph -->\n<p>Te informamos que cumplimos con la obligaci\u00f3n legal de tener inscrito en el Registro Mercantil al menos uno de los dominios de los que somos titulares y nuestro CIF es el G70715446.<\/p>\n<!-- \/wp:paragraph -->\n\n<!-- wp:paragraph -->\n<p>Cumplimos con la normativa de protecci\u00f3n de datos y todos los datos que recabamos se tratan conforme a lo estipulado en nuestra pol\u00edtica de protecci\u00f3n de datos, la cual puedes consultar en el formulario donde solicitamos la informaci\u00f3n, siempre respetando la confidencialidad de los mismos.<\/p>\n<!-- \/wp:paragraph -->\n\n<!-- wp:paragraph -->\n<p>Declinamos cualquier responsabilidad sobre los enlaces externos que puedan aparecer en nuestra p\u00e1gina, los cuales tienen un car\u00e1cter meramente informativo, as\u00ed como de aquellas p\u00e1ginas o enlaces que remitan a la nuestra.<\/p>\n<!-- \/wp:paragraph -->\n\n<!-- wp:paragraph -->\n<p>Despega con Henko se reserva todos los derechos de propiedad intelectual respecto a esta web y cualquier tipo de elemento que la integre, y tan solo se podr\u00e1 excepcionar con el consentimiento previo, expreso y por escrito del Administrador de Despega con Henko.<\/p>\n<!-- \/wp:paragraph -->\n\n<!-- wp:paragraph -->\n<p><strong>Aceptaci\u00f3n de la Pol\u00edtica de Cookies:<\/strong><\/p>\n<!-- \/wp:paragraph -->\n\n<!-- wp:paragraph -->\n<p>El usuario acepta expresamente, por la utilizaci\u00f3n de este Sitio, el tratamiento de la informaci\u00f3n recabada en la forma y con los fines anteriormente mencionados. Reconoce conocer la posibilidad de rechazar el tratamiento de tales datos o informaci\u00f3n rechazando el uso de cookies mediante la selecci\u00f3n de la configuraci\u00f3n apropiada en su navegador. Sin embargo, es posible que esta opci\u00f3n de bloqueo de cookies en su navegador no le permita el uso pleno de todas las funcionalidades del Sitio.<\/p>\n<!-- \/wp:paragraph -->\n\n<!-- wp:paragraph -->\n<p>Te informamos que mostramos informaci\u00f3n sobre la pol\u00edtica de cookies en la parte superior de las p\u00e1ginas del sitio para que puedas ser consciente de ello. Ante esta informaci\u00f3n, puedes llevar a cabo las siguientes acciones:<\/p>\n<!-- \/wp:paragraph -->\n\n<!-- wp:list -->\n<ul><!-- wp:list-item -->\n<li>Ocultar este mensaje: Se oculta el aviso en la presente p\u00e1gina.<\/li>\n<!-- \/wp:list-item -->\n\n<!-- wp:list-item -->\n<li>Modificar su configuraci\u00f3n: Puedes obtener m\u00e1s informaci\u00f3n sobre qu\u00e9 son las cookies, conocer la pol\u00edtica de cookies y modificar la configuraci\u00f3n de tu navegador.<\/li>\n<!-- \/wp:list-item --><\/ul>\n<!-- \/wp:list -->\n\n<!-- wp:paragraph -->\n<p>Despega con Henko se reserva la posibilidad de realizar modificaciones del presente aviso legal en cualquier momento y sin necesidad de avisar previamente.<\/p>\n<!-- \/wp:paragraph -->","_et_gb_content_width":"","footnotes":""},"class_list":["post-103","page","type-page","status-publish","hentry"],"yoast_head":"<!-- This site is optimized with the Yoast SEO plugin v27.4 - https:\/\/yoast.com\/product\/yoast-seo-wordpress\/ -->\n<title>Aviso Legal - Cultura Henko<\/title>\n<meta name=\"robots\" content=\"index, follow, max-snippet:-1, max-image-preview:large, max-video-preview:-1\" \/>\n<link rel=\"canonical\" href=\"https:\/\/culturahenko.com\/en\/aviso-legal\/\" \/>\n<meta property=\"og:locale\" content=\"en_GB\" \/>\n<meta property=\"og:type\" content=\"article\" \/>\n<meta property=\"og:title\" content=\"Aviso Legal - Cultura Henko\" \/>\n<meta property=\"og:description\" content=\"AVISO LEGAL Mediante el presente texto, la Asociaci\u00f3n Despega con Henko, de ahora en adelante Despega con Henko, desea informarte sobre nuestro Aviso Legal, el cual se entender\u00e1 aceptado por el mero hecho de conectarse y navegar por nuestra web. Despega con Henko tiene su domicilio en Barcelona, Espa\u00f1a. Si deseas ponerte en contacto con [&hellip;]\" \/>\n<meta property=\"og:url\" content=\"https:\/\/culturahenko.com\/en\/aviso-legal\/\" \/>\n<meta property=\"og:site_name\" content=\"Cultura Henko\" \/>\n<meta property=\"article:publisher\" content=\"https:\/\/facebook.com\/culturahenko\" \/>\n<meta property=\"article:modified_time\" content=\"2025-05-20T08:51:30+00:00\" \/>\n<meta name=\"twitter:card\" content=\"summary_large_image\" \/>\n<meta name=\"twitter:label1\" content=\"Estimated reading time\" \/>\n\t<meta name=\"twitter:data1\" content=\"2 minutes\" \/>\n<script type=\"application\/ld+json\" class=\"yoast-schema-graph\">{\"@context\":\"https:\\\/\\\/schema.org\",\"@graph\":[{\"@type\":\"WebPage\",\"@id\":\"https:\\\/\\\/culturahenko.com\\\/es\\\/aviso-legal\\\/\",\"url\":\"https:\\\/\\\/culturahenko.com\\\/es\\\/aviso-legal\\\/\",\"name\":\"Aviso Legal - Cultura Henko\",\"isPartOf\":{\"@id\":\"https:\\\/\\\/culturahenko.com\\\/#website\"},\"datePublished\":\"2024-02-28T10:53:33+00:00\",\"dateModified\":\"2025-05-20T08:51:30+00:00\",\"breadcrumb\":{\"@id\":\"https:\\\/\\\/culturahenko.com\\\/es\\\/aviso-legal\\\/#breadcrumb\"},\"inLanguage\":\"en-GB\",\"potentialAction\":[{\"@type\":\"ReadAction\",\"target\":[\"https:\\\/\\\/culturahenko.com\\\/es\\\/aviso-legal\\\/\"]}]},{\"@type\":\"BreadcrumbList\",\"@id\":\"https:\\\/\\\/culturahenko.com\\\/es\\\/aviso-legal\\\/#breadcrumb\",\"itemListElement\":[{\"@type\":\"ListItem\",\"position\":1,\"name\":\"Portada\",\"item\":\"https:\\\/\\\/culturahenko.com\\\/es\\\/\"},{\"@type\":\"ListItem\",\"position\":2,\"name\":\"Aviso Legal\"}]},{\"@type\":\"WebSite\",\"@id\":\"https:\\\/\\\/culturahenko.com\\\/#website\",\"url\":\"https:\\\/\\\/culturahenko.com\\\/\",\"name\":\"Cultura Henko\",\"description\":\"Los valores importan\",\"publisher\":{\"@id\":\"https:\\\/\\\/culturahenko.com\\\/#organization\"},\"potentialAction\":[{\"@type\":\"SearchAction\",\"target\":{\"@type\":\"EntryPoint\",\"urlTemplate\":\"https:\\\/\\\/culturahenko.com\\\/?s={search_term_string}\"},\"query-input\":{\"@type\":\"PropertyValueSpecification\",\"valueRequired\":true,\"valueName\":\"search_term_string\"}}],\"inLanguage\":\"en-GB\"},{\"@type\":\"Organization\",\"@id\":\"https:\\\/\\\/culturahenko.com\\\/#organization\",\"name\":\"Cultura Henko\",\"url\":\"https:\\\/\\\/culturahenko.com\\\/\",\"logo\":{\"@type\":\"ImageObject\",\"inLanguage\":\"en-GB\",\"@id\":\"https:\\\/\\\/culturahenko.com\\\/#\\\/schema\\\/logo\\\/image\\\/\",\"url\":\"https:\\\/\\\/culturahenko.com\\\/wp-content\\\/uploads\\\/2025\\\/05\\\/logo-cultura-henko.png\",\"contentUrl\":\"https:\\\/\\\/culturahenko.com\\\/wp-content\\\/uploads\\\/2025\\\/05\\\/logo-cultura-henko.png\",\"width\":252,\"height\":92,\"caption\":\"Cultura Henko\"},\"image\":{\"@id\":\"https:\\\/\\\/culturahenko.com\\\/#\\\/schema\\\/logo\\\/image\\\/\"},\"sameAs\":[\"https:\\\/\\\/facebook.com\\\/culturahenko\",\"https:\\\/\\\/instagram.com\\\/culturahenko\"]}]}<\/script>\n<!-- \/ Yoast SEO plugin. -->","yoast_head_json":{"title":"Aviso Legal - Cultura Henko","robots":{"index":"index","follow":"follow","max-snippet":"max-snippet:-1","max-image-preview":"max-image-preview:large","max-video-preview":"max-video-preview:-1"},"canonical":"https:\/\/culturahenko.com\/en\/aviso-legal\/","og_locale":"en_GB","og_type":"article","og_title":"Aviso Legal - Cultura Henko","og_description":"AVISO LEGAL Mediante el presente texto, la Asociaci\u00f3n Despega con Henko, de ahora en adelante Despega con Henko, desea informarte sobre nuestro Aviso Legal, el cual se entender\u00e1 aceptado por el mero hecho de conectarse y navegar por nuestra web. Despega con Henko tiene su domicilio en Barcelona, Espa\u00f1a. Si deseas ponerte en contacto con [&hellip;]","og_url":"https:\/\/culturahenko.com\/en\/aviso-legal\/","og_site_name":"Cultura Henko","article_publisher":"https:\/\/facebook.com\/culturahenko","article_modified_time":"2025-05-20T08:51:30+00:00","twitter_card":"summary_large_image","twitter_misc":{"Estimated reading time":"2 minutes"},"schema":{"@context":"https:\/\/schema.org","@graph":[{"@type":"WebPage","@id":"https:\/\/culturahenko.com\/es\/aviso-legal\/","url":"https:\/\/culturahenko.com\/es\/aviso-legal\/","name":"Aviso Legal - Cultura Henko","isPartOf":{"@id":"https:\/\/culturahenko.com\/#website"},"datePublished":"2024-02-28T10:53:33+00:00","dateModified":"2025-05-20T08:51:30+00:00","breadcrumb":{"@id":"https:\/\/culturahenko.com\/es\/aviso-legal\/#breadcrumb"},"inLanguage":"en-GB","potentialAction":[{"@type":"ReadAction","target":["https:\/\/culturahenko.com\/es\/aviso-legal\/"]}]},{"@type":"BreadcrumbList","@id":"https:\/\/culturahenko.com\/es\/aviso-legal\/#breadcrumb","itemListElement":[{"@type":"ListItem","position":1,"name":"Portada","item":"https:\/\/culturahenko.com\/es\/"},{"@type":"ListItem","position":2,"name":"Aviso Legal"}]},{"@type":"WebSite","@id":"https:\/\/culturahenko.com\/#website","url":"https:\/\/culturahenko.com\/","name":"Cultura Henko","description":"Values matter","publisher":{"@id":"https:\/\/culturahenko.com\/#organization"},"potentialAction":[{"@type":"SearchAction","target":{"@type":"EntryPoint","urlTemplate":"https:\/\/culturahenko.com\/?s={search_term_string}"},"query-input":{"@type":"PropertyValueSpecification","valueRequired":true,"valueName":"search_term_string"}}],"inLanguage":"en-GB"},{"@type":"Organization","@id":"https:\/\/culturahenko.com\/#organization","name":"Cultura Henko","url":"https:\/\/culturahenko.com\/","logo":{"@type":"ImageObject","inLanguage":"en-GB","@id":"https:\/\/culturahenko.com\/#\/schema\/logo\/image\/","url":"https:\/\/culturahenko.com\/wp-content\/uploads\/2025\/05\/logo-cultura-henko.png","contentUrl":"https:\/\/culturahenko.com\/wp-content\/uploads\/2025\/05\/logo-cultura-henko.png","width":252,"height":92,"caption":"Cultura Henko"},"image":{"@id":"https:\/\/culturahenko.com\/#\/schema\/logo\/image\/"},"sameAs":["https:\/\/facebook.com\/culturahenko","https:\/\/instagram.com\/culturahenko"]}]}},"_links":{"self":[{"href":"https:\/\/culturahenko.com\/en\/wp-json\/wp\/v2\/pages\/103","targetHints":{"allow":["GET"]}}],"collection":[{"href":"https:\/\/culturahenko.com\/en\/wp-json\/wp\/v2\/pages"}],"about":[{"href":"https:\/\/culturahenko.com\/en\/wp-json\/wp\/v2\/types\/page"}],"author":[{"embeddable":true,"href":"https:\/\/culturahenko.com\/en\/wp-json\/wp\/v2\/users\/1"}],"replies":[{"embeddable":true,"href":"https:\/\/culturahenko.com\/en\/wp-json\/wp\/v2\/comments?post=103"}],"version-history":[{"count":3,"href":"https:\/\/culturahenko.com\/en\/wp-json\/wp\/v2\/pages\/103\/revisions"}],"predecessor-version":[{"id":759,"href":"https:\/\/culturahenko.com\/en\/wp-json\/wp\/v2\/pages\/103\/revisions\/759"}],"wp:attachment":[{"href":"https:\/\/culturahenko.com\/en\/wp-json\/wp\/v2\/media?parent=103"}],"curies":[{"name":"wp","href":"https:\/\/api.w.org\/{rel}","templated":true}]}}