{"id":333,"date":"2024-03-04T11:43:16","date_gmt":"2024-03-04T11:43:16","guid":{"rendered":"https:\/\/culturahenko.com\/?page_id=333"},"modified":"2025-05-20T08:53:10","modified_gmt":"2025-05-20T08:53:10","slug":"politica-de-privacidad","status":"publish","type":"page","link":"https:\/\/culturahenko.com\/en\/politica-de-privacidad\/","title":{"rendered":"Privacy policy"},"content":{"rendered":"[et_pb_section fb_built=\u00bb1&#8243; admin_label=\u00bbsection\u00bb _builder_version=\u00bb4.25.2&#8243; hover_enabled=\u00bb0&#8243; global_colors_info=\u00bb{}\u00bb background_color=\u00bb#F1EDE1&#8243; sticky_enabled=\u00bb0&#8243;][et_pb_row admin_label=\u00bbrow\u00bb _builder_version=\u00bb4.16&#8243; background_size=\u00bbinitial\u00bb background_position=\u00bbtop_left\u00bb background_repeat=\u00bbrepeat\u00bb custom_padding=\u00bb68px|||||\u00bb global_colors_info=\u00bb{}\u00bb][et_pb_column type=\u00bb4_4&#8243; _builder_version=\u00bb4.16&#8243; custom_padding=\u00bb|||\u00bb global_colors_info=\u00bb{}\u00bb custom_padding__hover=\u00bb|||\u00bb][et_pb_text admin_label=\u00bbText\u00bb _builder_version=\u00bb4.25.2&#8243; background_size=\u00bbinitial\u00bb background_position=\u00bbtop_left\u00bb background_repeat=\u00bbrepeat\u00bb hover_enabled=\u00bb0&#8243; global_colors_info=\u00bb{}\u00bb text_font=\u00bbmontreal regular||||||||\u00bb sticky_enabled=\u00bb0&#8243;]<p><strong>POL\u00cdTICA DE PRIVACIDAD<\/strong><\/p>\n<p><strong>Tratamiento de Datos de Car\u00e1cter Personal<\/strong><\/p>\n<p><!-- \/wp:post-content --><!-- wp:paragraph --><\/p>\n<p>La Asociaci\u00f3n Despega con Henko est\u00e1 en Barcelona, con CIF G70715446, correo electr\u00f3nico <a>hola@culturahenko.com<\/a>.<\/p>\n<p><!-- \/wp:paragraph --><!-- wp:paragraph --><\/p>\n<p>En cumplimiento con lo dispuesto en la legislaci\u00f3n vigente sobre protecci\u00f3n de datos de car\u00e1cter personal, incluyendo el Reglamento General de Protecci\u00f3n de Datos (RGPD), te informamos sobre c\u00f3mo tratamos los datos personales que nos facilitas al utilizar nuestro sitio web.<\/p>\n<p><!-- \/wp:paragraph --><!-- wp:paragraph --><\/p>\n<p><strong>1. Responsable del Tratamiento:<\/strong> El responsable del tratamiento de tus datos personales es Despega con Henko.<\/p>\n<p><!-- \/wp:paragraph --><!-- wp:paragraph --><\/p>\n<p><strong>2. Finalidades del Tratamiento:<\/strong> Los datos personales e informaci\u00f3n que nos facilites ser\u00e1n tratados con la finalidad de establecer una relaci\u00f3n de usuarios del Sitio, mantener contacto comercial, gestionar la prestaci\u00f3n de nuestros servicios, realizar estad\u00edsticas y segmentaci\u00f3n, as\u00ed como para el env\u00edo de comunicaciones comerciales, en caso de que hayas otorgado tu consentimiento expreso para ello. <strong>3. Comunicaci\u00f3n de Datos:<\/strong> Tus datos podr\u00e1n ser comunicados a proveedores que intervienen en la oferta y prestaci\u00f3n de nuestros servicios, con el exclusivo fin de la correcta consecuci\u00f3n del servicio solicitado. <strong>4. Derechos ARCO:<\/strong> Tienes derecho a ejercer gratuitamente tus derechos de Acceso, Rectificaci\u00f3n, Cancelaci\u00f3n y Oposici\u00f3n (ARCO) en relaci\u00f3n con tus datos personales. Para ejercer estos derechos, puedes enviarnos un correo electr\u00f3nico a <a>hola@culturahenko.com<\/a>, indicando tu nombre y apellidos y adjuntando una copia de tu documento de identidad.<\/p>\n<p><!-- \/wp:paragraph --><!-- wp:paragraph --><\/p>\n<p><strong>5. Modificaciones a la Pol\u00edtica de Privacidad:<\/strong> Nos reservamos el derecho de modificar esta Pol\u00edtica de Privacidad en cualquier momento. Las modificaciones ser\u00e1n efectivas desde su publicaci\u00f3n en el Sitio. Te recomendamos revisar peri\u00f3dicamente esta p\u00e1gina para estar al tanto de cualquier cambio.<\/p>\n<p><!-- \/wp:paragraph --><!-- wp:paragraph --><\/p>\n<p><strong>6. Contacto:<\/strong> Si tienes alguna pregunta o inquietud sobre nuestra Pol\u00edtica de Privacidad o el tratamiento de tus datos personales, no dudes en contactarnos a trav\u00e9s de <a>hola@culturahenko.com<\/a>.<\/p>\n<p><!-- \/wp:paragraph --><!-- wp:paragraph --><\/p>\n<p>Fecha de \u00faltima actualizaci\u00f3n: 28 de febrero de 2024<\/p>[\/et_pb_text][\/et_pb_column][\/et_pb_row][\/et_pb_section]","protected":false},"excerpt":{"rendered":"<p>POL\u00cdTICA DE PRIVACIDAD Tratamiento de Datos de Car\u00e1cter Personal La Asociaci\u00f3n Despega con Henko est\u00e1 en Barcelona, con CIF G70715446, correo electr\u00f3nico hola@culturahenko.com. En cumplimiento con lo dispuesto en la legislaci\u00f3n vigente sobre protecci\u00f3n de datos de car\u00e1cter personal, incluyendo el Reglamento General de Protecci\u00f3n de Datos (RGPD), te informamos sobre c\u00f3mo tratamos los datos [&hellip;]<\/p>\n","protected":false},"author":1,"featured_media":0,"parent":0,"menu_order":0,"comment_status":"closed","ping_status":"closed","template":"","meta":{"_et_pb_use_builder":"on","_et_pb_old_content":"<strong>Tratamiento de Datos de Car\u00e1cter Personal<\/strong>\n\n<!-- \/wp:paragraph --><!-- wp:paragraph -->\n\nLa Asociaci\u00f3n Despega con Henko est\u00e1 en Barcelona, con CIF G70715446, correo electr\u00f3nico <a>hola@culturahenko.com<\/a>.\n\n<!-- \/wp:paragraph --><!-- wp:paragraph -->\n\nEn cumplimiento con lo dispuesto en la legislaci\u00f3n vigente sobre protecci\u00f3n de datos de car\u00e1cter personal, incluyendo el Reglamento General de Protecci\u00f3n de Datos (RGPD), te informamos sobre c\u00f3mo tratamos los datos personales que nos facilitas al utilizar nuestro sitio web.\n\n<!-- \/wp:paragraph --><!-- wp:paragraph -->\n\n<strong>1. Responsable del Tratamiento:<\/strong> El responsable del tratamiento de tus datos personales es Despega con Henko.\n\n<!-- \/wp:paragraph --><!-- wp:paragraph -->\n\n<strong>2. Finalidades del Tratamiento:<\/strong> Los datos personales e informaci\u00f3n que nos facilites ser\u00e1n tratados con la finalidad de establecer una relaci\u00f3n de usuarios del Sitio, mantener contacto comercial, gestionar la prestaci\u00f3n de nuestros servicios, realizar estad\u00edsticas y segmentaci\u00f3n, as\u00ed como para el env\u00edo de comunicaciones comerciales, en caso de que hayas otorgado tu consentimiento expreso para ello. <strong>3. Comunicaci\u00f3n de Datos:<\/strong> Tus datos podr\u00e1n ser comunicados a proveedores que intervienen en la oferta y prestaci\u00f3n de nuestros servicios, con el exclusivo fin de la correcta consecuci\u00f3n del servicio solicitado. <strong>4. Derechos ARCO:<\/strong> Tienes derecho a ejercer gratuitamente tus derechos de Acceso, Rectificaci\u00f3n, Cancelaci\u00f3n y Oposici\u00f3n (ARCO) en relaci\u00f3n con tus datos personales. Para ejercer estos derechos, puedes enviarnos un correo electr\u00f3nico a <a>hola@culturahenko.com<\/a>, indicando tu nombre y apellidos y adjuntando una copia de tu documento de identidad.\n\n<!-- \/wp:paragraph --><!-- wp:paragraph -->\n\n<strong>5. Modificaciones a la Pol\u00edtica de Privacidad:<\/strong> Nos reservamos el derecho de modificar esta Pol\u00edtica de Privacidad en cualquier momento. Las modificaciones ser\u00e1n efectivas desde su publicaci\u00f3n en el Sitio. Te recomendamos revisar peri\u00f3dicamente esta p\u00e1gina para estar al tanto de cualquier cambio.\n\n<!-- \/wp:paragraph --><!-- wp:paragraph -->\n\n<strong>6. Contacto:<\/strong> Si tienes alguna pregunta o inquietud sobre nuestra Pol\u00edtica de Privacidad o el tratamiento de tus datos personales, no dudes en contactarnos a trav\u00e9s de <a>hola@culturahenko.com<\/a>.\n\n<!-- \/wp:paragraph --><!-- wp:paragraph -->\n\nFecha de \u00faltima actualizaci\u00f3n: 28 de febrero de 2024","_et_gb_content_width":"","footnotes":""},"class_list":["post-333","page","type-page","status-publish","hentry"],"yoast_head":"<!-- This site is optimized with the Yoast SEO plugin v27.4 - https:\/\/yoast.com\/product\/yoast-seo-wordpress\/ -->\n<title>Pol\u00edtica de privacidad - Cultura Henko<\/title>\n<meta name=\"robots\" content=\"noindex, nofollow\" \/>\n<meta property=\"og:locale\" content=\"en_GB\" \/>\n<meta property=\"og:type\" content=\"article\" \/>\n<meta property=\"og:title\" content=\"Pol\u00edtica de privacidad - Cultura Henko\" \/>\n<meta property=\"og:description\" content=\"POL\u00cdTICA DE PRIVACIDAD Tratamiento de Datos de Car\u00e1cter Personal La Asociaci\u00f3n Despega con Henko est\u00e1 en Barcelona, con CIF G70715446, correo electr\u00f3nico hola@culturahenko.com. En cumplimiento con lo dispuesto en la legislaci\u00f3n vigente sobre protecci\u00f3n de datos de car\u00e1cter personal, incluyendo el Reglamento General de Protecci\u00f3n de Datos (RGPD), te informamos sobre c\u00f3mo tratamos los datos [&hellip;]\" \/>\n<meta property=\"og:url\" content=\"https:\/\/culturahenko.com\/en\/politica-de-privacidad\/\" \/>\n<meta property=\"og:site_name\" content=\"Cultura Henko\" \/>\n<meta property=\"article:publisher\" content=\"https:\/\/facebook.com\/culturahenko\" \/>\n<meta property=\"article:modified_time\" content=\"2025-05-20T08:53:10+00:00\" \/>\n<meta name=\"twitter:card\" content=\"summary_large_image\" \/>\n<meta name=\"twitter:label1\" content=\"Estimated reading time\" \/>\n\t<meta name=\"twitter:data1\" content=\"2 minutes\" \/>\n<script type=\"application\/ld+json\" class=\"yoast-schema-graph\">{\"@context\":\"https:\\\/\\\/schema.org\",\"@graph\":[{\"@type\":\"WebPage\",\"@id\":\"https:\\\/\\\/culturahenko.com\\\/es\\\/politica-de-privacidad\\\/\",\"url\":\"https:\\\/\\\/culturahenko.com\\\/es\\\/politica-de-privacidad\\\/\",\"name\":\"Pol\u00edtica de privacidad - Cultura Henko\",\"isPartOf\":{\"@id\":\"https:\\\/\\\/culturahenko.com\\\/#website\"},\"datePublished\":\"2024-03-04T11:43:16+00:00\",\"dateModified\":\"2025-05-20T08:53:10+00:00\",\"breadcrumb\":{\"@id\":\"https:\\\/\\\/culturahenko.com\\\/es\\\/politica-de-privacidad\\\/#breadcrumb\"},\"inLanguage\":\"en-GB\",\"potentialAction\":[{\"@type\":\"ReadAction\",\"target\":[\"https:\\\/\\\/culturahenko.com\\\/es\\\/politica-de-privacidad\\\/\"]}]},{\"@type\":\"BreadcrumbList\",\"@id\":\"https:\\\/\\\/culturahenko.com\\\/es\\\/politica-de-privacidad\\\/#breadcrumb\",\"itemListElement\":[{\"@type\":\"ListItem\",\"position\":1,\"name\":\"Portada\",\"item\":\"https:\\\/\\\/culturahenko.com\\\/es\\\/\"},{\"@type\":\"ListItem\",\"position\":2,\"name\":\"Pol\u00edtica de privacidad\"}]},{\"@type\":\"WebSite\",\"@id\":\"https:\\\/\\\/culturahenko.com\\\/#website\",\"url\":\"https:\\\/\\\/culturahenko.com\\\/\",\"name\":\"Cultura Henko\",\"description\":\"Los valores importan\",\"publisher\":{\"@id\":\"https:\\\/\\\/culturahenko.com\\\/#organization\"},\"potentialAction\":[{\"@type\":\"SearchAction\",\"target\":{\"@type\":\"EntryPoint\",\"urlTemplate\":\"https:\\\/\\\/culturahenko.com\\\/?s={search_term_string}\"},\"query-input\":{\"@type\":\"PropertyValueSpecification\",\"valueRequired\":true,\"valueName\":\"search_term_string\"}}],\"inLanguage\":\"en-GB\"},{\"@type\":\"Organization\",\"@id\":\"https:\\\/\\\/culturahenko.com\\\/#organization\",\"name\":\"Cultura Henko\",\"url\":\"https:\\\/\\\/culturahenko.com\\\/\",\"logo\":{\"@type\":\"ImageObject\",\"inLanguage\":\"en-GB\",\"@id\":\"https:\\\/\\\/culturahenko.com\\\/#\\\/schema\\\/logo\\\/image\\\/\",\"url\":\"https:\\\/\\\/culturahenko.com\\\/wp-content\\\/uploads\\\/2025\\\/05\\\/logo-cultura-henko.png\",\"contentUrl\":\"https:\\\/\\\/culturahenko.com\\\/wp-content\\\/uploads\\\/2025\\\/05\\\/logo-cultura-henko.png\",\"width\":252,\"height\":92,\"caption\":\"Cultura Henko\"},\"image\":{\"@id\":\"https:\\\/\\\/culturahenko.com\\\/#\\\/schema\\\/logo\\\/image\\\/\"},\"sameAs\":[\"https:\\\/\\\/facebook.com\\\/culturahenko\",\"https:\\\/\\\/instagram.com\\\/culturahenko\"]}]}<\/script>\n<!-- \/ Yoast SEO plugin. -->","yoast_head_json":{"title":"Pol\u00edtica de privacidad - Cultura Henko","robots":{"index":"noindex","follow":"nofollow"},"og_locale":"en_GB","og_type":"article","og_title":"Pol\u00edtica de privacidad - Cultura Henko","og_description":"POL\u00cdTICA DE PRIVACIDAD Tratamiento de Datos de Car\u00e1cter Personal La Asociaci\u00f3n Despega con Henko est\u00e1 en Barcelona, con CIF G70715446, correo electr\u00f3nico hola@culturahenko.com. En cumplimiento con lo dispuesto en la legislaci\u00f3n vigente sobre protecci\u00f3n de datos de car\u00e1cter personal, incluyendo el Reglamento General de Protecci\u00f3n de Datos (RGPD), te informamos sobre c\u00f3mo tratamos los datos [&hellip;]","og_url":"https:\/\/culturahenko.com\/en\/politica-de-privacidad\/","og_site_name":"Cultura Henko","article_publisher":"https:\/\/facebook.com\/culturahenko","article_modified_time":"2025-05-20T08:53:10+00:00","twitter_card":"summary_large_image","twitter_misc":{"Estimated reading time":"2 minutes"},"schema":{"@context":"https:\/\/schema.org","@graph":[{"@type":"WebPage","@id":"https:\/\/culturahenko.com\/es\/politica-de-privacidad\/","url":"https:\/\/culturahenko.com\/es\/politica-de-privacidad\/","name":"Pol\u00edtica de privacidad - Cultura Henko","isPartOf":{"@id":"https:\/\/culturahenko.com\/#website"},"datePublished":"2024-03-04T11:43:16+00:00","dateModified":"2025-05-20T08:53:10+00:00","breadcrumb":{"@id":"https:\/\/culturahenko.com\/es\/politica-de-privacidad\/#breadcrumb"},"inLanguage":"en-GB","potentialAction":[{"@type":"ReadAction","target":["https:\/\/culturahenko.com\/es\/politica-de-privacidad\/"]}]},{"@type":"BreadcrumbList","@id":"https:\/\/culturahenko.com\/es\/politica-de-privacidad\/#breadcrumb","itemListElement":[{"@type":"ListItem","position":1,"name":"Portada","item":"https:\/\/culturahenko.com\/es\/"},{"@type":"ListItem","position":2,"name":"Pol\u00edtica de privacidad"}]},{"@type":"WebSite","@id":"https:\/\/culturahenko.com\/#website","url":"https:\/\/culturahenko.com\/","name":"Cultura Henko","description":"Values matter","publisher":{"@id":"https:\/\/culturahenko.com\/#organization"},"potentialAction":[{"@type":"SearchAction","target":{"@type":"EntryPoint","urlTemplate":"https:\/\/culturahenko.com\/?s={search_term_string}"},"query-input":{"@type":"PropertyValueSpecification","valueRequired":true,"valueName":"search_term_string"}}],"inLanguage":"en-GB"},{"@type":"Organization","@id":"https:\/\/culturahenko.com\/#organization","name":"Cultura Henko","url":"https:\/\/culturahenko.com\/","logo":{"@type":"ImageObject","inLanguage":"en-GB","@id":"https:\/\/culturahenko.com\/#\/schema\/logo\/image\/","url":"https:\/\/culturahenko.com\/wp-content\/uploads\/2025\/05\/logo-cultura-henko.png","contentUrl":"https:\/\/culturahenko.com\/wp-content\/uploads\/2025\/05\/logo-cultura-henko.png","width":252,"height":92,"caption":"Cultura Henko"},"image":{"@id":"https:\/\/culturahenko.com\/#\/schema\/logo\/image\/"},"sameAs":["https:\/\/facebook.com\/culturahenko","https:\/\/instagram.com\/culturahenko"]}]}},"_links":{"self":[{"href":"https:\/\/culturahenko.com\/en\/wp-json\/wp\/v2\/pages\/333","targetHints":{"allow":["GET"]}}],"collection":[{"href":"https:\/\/culturahenko.com\/en\/wp-json\/wp\/v2\/pages"}],"about":[{"href":"https:\/\/culturahenko.com\/en\/wp-json\/wp\/v2\/types\/page"}],"author":[{"embeddable":true,"href":"https:\/\/culturahenko.com\/en\/wp-json\/wp\/v2\/users\/1"}],"replies":[{"embeddable":true,"href":"https:\/\/culturahenko.com\/en\/wp-json\/wp\/v2\/comments?post=333"}],"version-history":[{"count":9,"href":"https:\/\/culturahenko.com\/en\/wp-json\/wp\/v2\/pages\/333\/revisions"}],"predecessor-version":[{"id":762,"href":"https:\/\/culturahenko.com\/en\/wp-json\/wp\/v2\/pages\/333\/revisions\/762"}],"wp:attachment":[{"href":"https:\/\/culturahenko.com\/en\/wp-json\/wp\/v2\/media?parent=333"}],"curies":[{"name":"wp","href":"https:\/\/api.w.org\/{rel}","templated":true}]}}