{"id":735,"date":"2025-05-12T14:39:37","date_gmt":"2025-05-12T14:39:37","guid":{"rendered":"https:\/\/culturahenko.com\/?page_id=735"},"modified":"2025-10-07T09:11:22","modified_gmt":"2025-10-07T09:11:22","slug":"codigo-etico","status":"publish","type":"page","link":"https:\/\/culturahenko.com\/en\/codigo-etico\/","title":{"rendered":"Code of Ethics"},"content":{"rendered":"<p>[et_pb_section fb_built=\u00bb1&#8243; _builder_version=\u00bb4.25.2&#8243; _module_preset=\u00bbdefault\u00bb background_color=\u00bb#F1EDE1&#8243; global_colors_info=\u00bb{}\u00bb][et_pb_row _builder_version=\u00bb4.25.2&#8243; _module_preset=\u00bbdefault\u00bb global_colors_info=\u00bb{}\u00bb][et_pb_column type=\u00bb4_4&#8243; _builder_version=\u00bb4.25.2&#8243; _module_preset=\u00bbdefault\u00bb global_colors_info=\u00bb{}\u00bb][et_pb_text _builder_version=\u00bb4.25.2&#8243; _module_preset=\u00bbdefault\u00bb text_font=\u00bbmontreal regular||||||||\u00bb text_font_size=\u00bb18px\u00bb background_color=\u00bb#F1EDE1&#8243; global_colors_info=\u00bb{}\u00bb]<\/p>\n<h3 data-start=\"373\" data-end=\"410\" class=\"\" style=\"text-align: justify;\"><\/h3>\n<h3 data-start=\"373\" data-end=\"410\" class=\"\" style=\"text-align: justify;\"><\/h3>\n<h3 data-start=\"373\" data-end=\"410\" class=\"\" style=\"text-align: justify;\"><\/h3>\n<h3 data-start=\"373\" data-end=\"410\" class=\"\" style=\"text-align: justify;\">C\u00f3digo \u00e9tico de Despega con Henko<\/h3>\n<p data-start=\"412\" data-end=\"722\" class=\"\" style=\"text-align: justify;\"><strong data-start=\"412\" data-end=\"475\">1. Compromiso con los derechos humanos y la justicia social<\/strong><br data-start=\"475\" data-end=\"478\" \/>Promovemos el respeto, la equidad y la dignidad de todas las personas, con especial atenci\u00f3n a mujeres, personas LGTBIQ+, racializadas y otros colectivos vulnerabilizados. Nos oponemos a cualquier forma de discriminaci\u00f3n, violencia o exclusi\u00f3n.<\/p>\n<p data-start=\"724\" data-end=\"948\" class=\"\" style=\"text-align: justify;\"><strong data-start=\"724\" data-end=\"767\">2. Transparencia y rendici\u00f3n de cuentas<\/strong><br data-start=\"767\" data-end=\"770\" \/>Nos comprometemos a una gesti\u00f3n responsable y coherente con nuestros valores. Compartimos de forma clara nuestros objetivos, actividades y resultados, manteniendo la confidencialidad de los aspectos econ\u00f3micos sensibles. La informaci\u00f3n financiera detallada est\u00e1 disponible para socias, financiadoras y auditor\u00edas internas, seg\u00fan criterios de buen gobierno.<\/p>\n<p data-start=\"950\" data-end=\"1218\" class=\"\" style=\"text-align: justify;\"><strong data-start=\"950\" data-end=\"987\">3. Trabajo digno y corresponsable<\/strong><br data-start=\"987\" data-end=\"990\" \/>Fomentamos condiciones laborales justas, con criterios de cuidado, reconocimiento, equilibrio y participaci\u00f3n. Priorizamos la contrataci\u00f3n de profesionales afines a nuestros valores, garantizando procesos \u00e9ticos de colaboraci\u00f3n.<\/p>\n<p data-start=\"1220\" data-end=\"1411\" class=\"\" style=\"text-align: justify;\"><strong data-start=\"1220\" data-end=\"1246\">4. Cultura del cuidado<\/strong><br data-start=\"1246\" data-end=\"1249\" \/>Cuidamos los v\u00ednculos, los tiempos, los cuerpos y las emociones. Entendemos el bienestar como un eje estructural y transversal en nuestros proyectos y relaciones.<\/p>\n<p data-start=\"1413\" data-end=\"1664\" class=\"\" style=\"text-align: justify;\"><strong data-start=\"1413\" data-end=\"1454\">5. Pr\u00e1cticas sostenibles y coherentes<\/strong><br data-start=\"1454\" data-end=\"1457\" \/>Aplicamos criterios de sostenibilidad ecol\u00f3gica, digital y emocional. Apostamos por modelos de producci\u00f3n responsables, reutilizaci\u00f3n de recursos y herramientas tecnol\u00f3gicas respetuosas con el medioambiente.<\/p>\n<p data-start=\"1666\" data-end=\"1904\" class=\"\" style=\"text-align: justify;\"><strong data-start=\"1666\" data-end=\"1706\">6. Participaci\u00f3n activa y horizontal<\/strong><br data-start=\"1706\" data-end=\"1709\" \/>Favorecemos la toma de decisiones compartida, la escucha activa y la diversidad de voces. Nuestra estructura organizativa est\u00e1 basada en la cooperaci\u00f3n, la corresponsabilidad y la horizontalidad.<\/p>\n<p data-start=\"1906\" data-end=\"2127\" class=\"\" style=\"text-align: justify;\"><strong data-start=\"1906\" data-end=\"1947\">7. Compromiso con la intercooperaci\u00f3n<\/strong><br data-start=\"1947\" data-end=\"1950\" \/>Trabajamos en red con otras entidades y profesionales del \u00e1mbito cultural, social y educativo. Entendemos el trabajo colectivo como una v\u00eda esencial para transformar realidades.<\/p>\n<p>[\/et_pb_text][\/et_pb_column][\/et_pb_row][\/et_pb_section]<\/p>\n","protected":false},"excerpt":{"rendered":"<p>C\u00f3digo \u00e9tico de Despega con Henko 1. Compromiso con los derechos humanos y la justicia socialPromovemos el respeto, la equidad y la dignidad de todas las personas, con especial atenci\u00f3n a mujeres, personas LGTBIQ+, racializadas y otros colectivos vulnerabilizados. Nos oponemos a cualquier forma de discriminaci\u00f3n, violencia o exclusi\u00f3n. 2. Transparencia y rendici\u00f3n de cuentasNos [&hellip;]<\/p>\n","protected":false},"author":1,"featured_media":0,"parent":0,"menu_order":0,"comment_status":"closed","ping_status":"closed","template":"","meta":{"_et_pb_use_builder":"on","_et_pb_old_content":"","_et_gb_content_width":"","footnotes":""},"class_list":["post-735","page","type-page","status-publish","hentry"],"yoast_head":"<!-- This site is optimized with the Yoast SEO plugin v27.4 - https:\/\/yoast.com\/product\/yoast-seo-wordpress\/ -->\n<title>C\u00f3digo \u00e9tico - Cultura Henko<\/title>\n<meta name=\"description\" content=\"C\u00f3digo \u00e9tico de Asociaci\u00f3n Despega con Henko\" \/>\n<meta name=\"robots\" content=\"index, follow, max-snippet:-1, max-image-preview:large, max-video-preview:-1\" \/>\n<link rel=\"canonical\" href=\"https:\/\/culturahenko.com\/en\/codigo-etico\/\" \/>\n<meta property=\"og:locale\" content=\"en_GB\" \/>\n<meta property=\"og:type\" content=\"article\" \/>\n<meta property=\"og:title\" content=\"C\u00f3digo \u00e9tico - Cultura Henko\" \/>\n<meta property=\"og:description\" content=\"C\u00f3digo \u00e9tico de Asociaci\u00f3n Despega con Henko\" \/>\n<meta property=\"og:url\" content=\"https:\/\/culturahenko.com\/en\/codigo-etico\/\" \/>\n<meta property=\"og:site_name\" content=\"Cultura Henko\" \/>\n<meta property=\"article:publisher\" content=\"https:\/\/facebook.com\/culturahenko\" \/>\n<meta property=\"article:modified_time\" content=\"2025-10-07T09:11:22+00:00\" \/>\n<meta name=\"twitter:card\" content=\"summary_large_image\" \/>\n<script type=\"application\/ld+json\" class=\"yoast-schema-graph\">{\"@context\":\"https:\\\/\\\/schema.org\",\"@graph\":[{\"@type\":\"WebPage\",\"@id\":\"https:\\\/\\\/culturahenko.com\\\/es\\\/codigo-etico\\\/\",\"url\":\"https:\\\/\\\/culturahenko.com\\\/es\\\/codigo-etico\\\/\",\"name\":\"C\u00f3digo \u00e9tico - Cultura Henko\",\"isPartOf\":{\"@id\":\"https:\\\/\\\/culturahenko.com\\\/#website\"},\"datePublished\":\"2025-05-12T14:39:37+00:00\",\"dateModified\":\"2025-10-07T09:11:22+00:00\",\"description\":\"C\u00f3digo \u00e9tico de Asociaci\u00f3n Despega con Henko\",\"breadcrumb\":{\"@id\":\"https:\\\/\\\/culturahenko.com\\\/es\\\/codigo-etico\\\/#breadcrumb\"},\"inLanguage\":\"en-GB\",\"potentialAction\":[{\"@type\":\"ReadAction\",\"target\":[\"https:\\\/\\\/culturahenko.com\\\/es\\\/codigo-etico\\\/\"]}]},{\"@type\":\"BreadcrumbList\",\"@id\":\"https:\\\/\\\/culturahenko.com\\\/es\\\/codigo-etico\\\/#breadcrumb\",\"itemListElement\":[{\"@type\":\"ListItem\",\"position\":1,\"name\":\"Portada\",\"item\":\"https:\\\/\\\/culturahenko.com\\\/es\\\/\"},{\"@type\":\"ListItem\",\"position\":2,\"name\":\"C\u00f3digo \u00e9tico\"}]},{\"@type\":\"WebSite\",\"@id\":\"https:\\\/\\\/culturahenko.com\\\/#website\",\"url\":\"https:\\\/\\\/culturahenko.com\\\/\",\"name\":\"Cultura Henko\",\"description\":\"Los valores importan\",\"publisher\":{\"@id\":\"https:\\\/\\\/culturahenko.com\\\/#organization\"},\"potentialAction\":[{\"@type\":\"SearchAction\",\"target\":{\"@type\":\"EntryPoint\",\"urlTemplate\":\"https:\\\/\\\/culturahenko.com\\\/?s={search_term_string}\"},\"query-input\":{\"@type\":\"PropertyValueSpecification\",\"valueRequired\":true,\"valueName\":\"search_term_string\"}}],\"inLanguage\":\"en-GB\"},{\"@type\":\"Organization\",\"@id\":\"https:\\\/\\\/culturahenko.com\\\/#organization\",\"name\":\"Cultura Henko\",\"url\":\"https:\\\/\\\/culturahenko.com\\\/\",\"logo\":{\"@type\":\"ImageObject\",\"inLanguage\":\"en-GB\",\"@id\":\"https:\\\/\\\/culturahenko.com\\\/#\\\/schema\\\/logo\\\/image\\\/\",\"url\":\"https:\\\/\\\/culturahenko.com\\\/wp-content\\\/uploads\\\/2025\\\/05\\\/logo-cultura-henko.png\",\"contentUrl\":\"https:\\\/\\\/culturahenko.com\\\/wp-content\\\/uploads\\\/2025\\\/05\\\/logo-cultura-henko.png\",\"width\":252,\"height\":92,\"caption\":\"Cultura Henko\"},\"image\":{\"@id\":\"https:\\\/\\\/culturahenko.com\\\/#\\\/schema\\\/logo\\\/image\\\/\"},\"sameAs\":[\"https:\\\/\\\/facebook.com\\\/culturahenko\",\"https:\\\/\\\/instagram.com\\\/culturahenko\"]}]}<\/script>\n<!-- \/ Yoast SEO plugin. -->","yoast_head_json":{"title":"Code of Ethics - Cultura Henko","description":"Code of Ethics of Asociaci\u00f3n Despega con Henko","robots":{"index":"index","follow":"follow","max-snippet":"max-snippet:-1","max-image-preview":"max-image-preview:large","max-video-preview":"max-video-preview:-1"},"canonical":"https:\/\/culturahenko.com\/en\/codigo-etico\/","og_locale":"en_GB","og_type":"article","og_title":"C\u00f3digo \u00e9tico - Cultura Henko","og_description":"C\u00f3digo \u00e9tico de Asociaci\u00f3n Despega con Henko","og_url":"https:\/\/culturahenko.com\/en\/codigo-etico\/","og_site_name":"Cultura Henko","article_publisher":"https:\/\/facebook.com\/culturahenko","article_modified_time":"2025-10-07T09:11:22+00:00","twitter_card":"summary_large_image","schema":{"@context":"https:\/\/schema.org","@graph":[{"@type":"WebPage","@id":"https:\/\/culturahenko.com\/es\/codigo-etico\/","url":"https:\/\/culturahenko.com\/es\/codigo-etico\/","name":"Code of Ethics - Cultura Henko","isPartOf":{"@id":"https:\/\/culturahenko.com\/#website"},"datePublished":"2025-05-12T14:39:37+00:00","dateModified":"2025-10-07T09:11:22+00:00","description":"Code of Ethics of Asociaci\u00f3n Despega con Henko","breadcrumb":{"@id":"https:\/\/culturahenko.com\/es\/codigo-etico\/#breadcrumb"},"inLanguage":"en-GB","potentialAction":[{"@type":"ReadAction","target":["https:\/\/culturahenko.com\/es\/codigo-etico\/"]}]},{"@type":"BreadcrumbList","@id":"https:\/\/culturahenko.com\/es\/codigo-etico\/#breadcrumb","itemListElement":[{"@type":"ListItem","position":1,"name":"Portada","item":"https:\/\/culturahenko.com\/es\/"},{"@type":"ListItem","position":2,"name":"C\u00f3digo \u00e9tico"}]},{"@type":"WebSite","@id":"https:\/\/culturahenko.com\/#website","url":"https:\/\/culturahenko.com\/","name":"Cultura Henko","description":"Values matter","publisher":{"@id":"https:\/\/culturahenko.com\/#organization"},"potentialAction":[{"@type":"SearchAction","target":{"@type":"EntryPoint","urlTemplate":"https:\/\/culturahenko.com\/?s={search_term_string}"},"query-input":{"@type":"PropertyValueSpecification","valueRequired":true,"valueName":"search_term_string"}}],"inLanguage":"en-GB"},{"@type":"Organization","@id":"https:\/\/culturahenko.com\/#organization","name":"Cultura Henko","url":"https:\/\/culturahenko.com\/","logo":{"@type":"ImageObject","inLanguage":"en-GB","@id":"https:\/\/culturahenko.com\/#\/schema\/logo\/image\/","url":"https:\/\/culturahenko.com\/wp-content\/uploads\/2025\/05\/logo-cultura-henko.png","contentUrl":"https:\/\/culturahenko.com\/wp-content\/uploads\/2025\/05\/logo-cultura-henko.png","width":252,"height":92,"caption":"Cultura Henko"},"image":{"@id":"https:\/\/culturahenko.com\/#\/schema\/logo\/image\/"},"sameAs":["https:\/\/facebook.com\/culturahenko","https:\/\/instagram.com\/culturahenko"]}]}},"_links":{"self":[{"href":"https:\/\/culturahenko.com\/en\/wp-json\/wp\/v2\/pages\/735","targetHints":{"allow":["GET"]}}],"collection":[{"href":"https:\/\/culturahenko.com\/en\/wp-json\/wp\/v2\/pages"}],"about":[{"href":"https:\/\/culturahenko.com\/en\/wp-json\/wp\/v2\/types\/page"}],"author":[{"embeddable":true,"href":"https:\/\/culturahenko.com\/en\/wp-json\/wp\/v2\/users\/1"}],"replies":[{"embeddable":true,"href":"https:\/\/culturahenko.com\/en\/wp-json\/wp\/v2\/comments?post=735"}],"version-history":[{"count":5,"href":"https:\/\/culturahenko.com\/en\/wp-json\/wp\/v2\/pages\/735\/revisions"}],"predecessor-version":[{"id":818,"href":"https:\/\/culturahenko.com\/en\/wp-json\/wp\/v2\/pages\/735\/revisions\/818"}],"wp:attachment":[{"href":"https:\/\/culturahenko.com\/en\/wp-json\/wp\/v2\/media?parent=735"}],"curies":[{"name":"wp","href":"https:\/\/api.w.org\/{rel}","templated":true}]}}