{"id":789,"date":"2025-06-12T12:39:35","date_gmt":"2025-06-12T12:39:35","guid":{"rendered":"https:\/\/culturahenko.com\/?page_id=789"},"modified":"2025-10-07T09:11:47","modified_gmt":"2025-10-07T09:11:47","slug":"ods","status":"publish","type":"page","link":"https:\/\/culturahenko.com\/en\/ods\/","title":{"rendered":"ODS"},"content":{"rendered":"<p>[et_pb_section fb_built=\u00bb1&#8243; _builder_version=\u00bb4.25.2&#8243; _module_preset=\u00bbdefault\u00bb background_color=\u00bb#F1EDE1&#8243; global_colors_info=\u00bb{}\u00bb][et_pb_row _builder_version=\u00bb4.25.2&#8243; _module_preset=\u00bbdefault\u00bb global_colors_info=\u00bb{}\u00bb][et_pb_column type=\u00bb4_4&#8243; _builder_version=\u00bb4.25.2&#8243; _module_preset=\u00bbdefault\u00bb global_colors_info=\u00bb{}\u00bb][et_pb_text _builder_version=\u00bb4.25.2&#8243; _module_preset=\u00bbdefault\u00bb text_font=\u00bbMontreal medium||||||||\u00bb background_color=\u00bb#F1EDE1&#8243; global_colors_info=\u00bb{}\u00bb]<\/p>\n<h3 data-start=\"179\" data-end=\"288\"><\/h3>\n<h3 data-start=\"179\" data-end=\"288\"><\/h3>\n<h3 data-start=\"179\" data-end=\"288\"><\/h3>\n<h3 data-start=\"179\" data-end=\"288\">Cultura Henko se compromete con los siguientes Objetivos de Desarrollo Sostenible (ODS):<\/h3>\n<p data-start=\"290\" data-end=\"319\"><strong data-start=\"290\" data-end=\"319\">ODS 5: Igualdad de g\u00e9nero<\/strong><\/p>\n<ul data-start=\"320\" data-end=\"495\">\n<li data-start=\"320\" data-end=\"392\">\n<p data-start=\"322\" data-end=\"392\">Garantizando condiciones laborales equitativas para hombres y mujeres.<\/p>\n<\/li>\n<li data-start=\"393\" data-end=\"495\">\n<p data-start=\"395\" data-end=\"495\">Fomentando la diversidad y la inclusi\u00f3n, contratando y formando a personas de grupos desfavorecidos.<\/p>\n<\/li>\n<\/ul>\n<p data-start=\"497\" data-end=\"547\"><strong data-start=\"497\" data-end=\"547\">ODS 8: Trabajo decente y crecimiento econ\u00f3mico<\/strong><\/p>\n<ul data-start=\"548\" data-end=\"762\">\n<li data-start=\"548\" data-end=\"644\">\n<p data-start=\"550\" data-end=\"644\">Proporcionando condiciones laborales dignas, sueldos justos a empleados y proveedores locales.<\/p>\n<\/li>\n<li data-start=\"645\" data-end=\"762\">\n<p data-start=\"647\" data-end=\"762\">Impulsando el desarrollo econ\u00f3mico a trav\u00e9s del teletrabajo flexible que permita conciliar vida laboral y personal.<\/p>\n<\/li>\n<\/ul>\n<p data-start=\"764\" data-end=\"814\"><strong data-start=\"764\" data-end=\"814\">ODS 9: Industria, innovaci\u00f3n e infraestructura<\/strong><\/p>\n<ul data-start=\"815\" data-end=\"978\">\n<li data-start=\"815\" data-end=\"895\">\n<p data-start=\"817\" data-end=\"895\">Implementando sistemas IoT y tecnolog\u00edas inteligentes en operaciones internas.<\/p>\n<\/li>\n<li data-start=\"896\" data-end=\"978\">\n<p data-start=\"898\" data-end=\"978\">Promoviendo servicios en la nube para mejorar eficiencia energ\u00e9tica y operativa.<\/p>\n<\/li>\n<\/ul>\n<p data-start=\"980\" data-end=\"1022\"><strong data-start=\"980\" data-end=\"1022\">ODS 10: Reducci\u00f3n de las desigualdades<\/strong><\/p>\n<ul data-start=\"1023\" data-end=\"1153\">\n<li data-start=\"1023\" data-end=\"1153\">\n<p data-start=\"1025\" data-end=\"1153\">Integrando laboralmente a personas en riesgo de exclusi\u00f3n social o residentes en barrios marginales, aumentando cohesi\u00f3n social.<\/p>\n<\/li>\n<\/ul>\n<p data-start=\"1155\" data-end=\"1201\"><strong data-start=\"1155\" data-end=\"1201\">ODS 11: Ciudades y comunidades sostenibles<\/strong><\/p>\n<ul data-start=\"1202\" data-end=\"1467\">\n<li data-start=\"1202\" data-end=\"1316\">\n<p data-start=\"1204\" data-end=\"1316\">Impulsando movilidad sostenible: promoviendo transporte p\u00fablico, desplazamientos a pie, bicicleta o compartidos.<\/p>\n<\/li>\n<li data-start=\"1317\" data-end=\"1393\">\n<p data-start=\"1319\" data-end=\"1393\">Promoviendo teletrabajo para reducir la contaminaci\u00f3n y congesti\u00f3n urbana.<\/p>\n<\/li>\n<li data-start=\"1394\" data-end=\"1467\">\n<p data-start=\"1396\" data-end=\"1467\">Utilizando materiales y veh\u00edculos sostenibles en todas las operaciones.<\/p>\n<\/li>\n<\/ul>\n<p data-start=\"1469\" data-end=\"1514\"><strong data-start=\"1469\" data-end=\"1514\">ODS 12: Producci\u00f3n y consumo responsables<\/strong><\/p>\n<ul data-start=\"1515\" data-end=\"1634\">\n<li data-start=\"1515\" data-end=\"1567\">\n<p data-start=\"1517\" data-end=\"1567\">Priorizando proveedores con pr\u00e1cticas sostenibles.<\/p>\n<\/li>\n<li data-start=\"1568\" data-end=\"1634\">\n<p data-start=\"1570\" data-end=\"1634\">Aplicando econom\u00eda circular: reducci\u00f3n y valoraci\u00f3n de residuos.<\/p>\n<\/li>\n<\/ul>\n<p data-start=\"1636\" data-end=\"1667\"><strong data-start=\"1636\" data-end=\"1667\">ODS 13: Acci\u00f3n por el clima<\/strong><\/p>\n<ul data-start=\"1668\" data-end=\"1793\">\n<li data-start=\"1668\" data-end=\"1793\">\n<p data-start=\"1670\" data-end=\"1793\">Reduciendo emisiones a trav\u00e9s de eficiencia energ\u00e9tica, energ\u00edas renovables, y promoviendo transporte limpio y teletrabajo.<\/p>\n<\/li>\n<\/ul>\n<h3 data-start=\"1795\" data-end=\"1849\">Cultura Henko implementa estas pr\u00e1cticas mediante:<\/h3>\n<ul data-start=\"1850\" data-end=\"2114\">\n<li data-start=\"1850\" data-end=\"1910\">\n<p data-start=\"1852\" data-end=\"1910\">Incentivos para transporte p\u00fablico y movilidad sostenible.<\/p>\n<\/li>\n<li data-start=\"1911\" data-end=\"1960\">\n<p data-start=\"1913\" data-end=\"1960\">Adaptaci\u00f3n de horarios flexibles y teletrabajo.<\/p>\n<\/li>\n<li data-start=\"1961\" data-end=\"2008\">\n<p data-start=\"1963\" data-end=\"2008\">Formaci\u00f3n en diversidad cultural e inclusi\u00f3n.<\/p>\n<\/li>\n<li data-start=\"2009\" data-end=\"2061\">\n<p data-start=\"2011\" data-end=\"2061\">Uso eficiente de recursos y tecnolog\u00eda sostenible.<\/p>\n<\/li>\n<li data-start=\"2062\" data-end=\"2114\">\n<p data-start=\"2064\" data-end=\"2114\">Espacios verdes y accesibles en sus instalaciones.<\/p>\n<\/li>\n<\/ul>\n<p data-start=\"2116\" data-end=\"2213\" data-is-last-node=\"\" data-is-only-node=\"\">Estas acciones refuerzan un compromiso real con un desarrollo sostenible, equitativo e inclusivo.<\/p>\n<p>[\/et_pb_text][\/et_pb_column][\/et_pb_row][\/et_pb_section]<\/p>\n","protected":false},"excerpt":{"rendered":"<p>Cultura Henko se compromete con los siguientes Objetivos de Desarrollo Sostenible (ODS): ODS 5: Igualdad de g\u00e9nero Garantizando condiciones laborales equitativas para hombres y mujeres. Fomentando la diversidad y la inclusi\u00f3n, contratando y formando a personas de grupos desfavorecidos. ODS 8: Trabajo decente y crecimiento econ\u00f3mico Proporcionando condiciones laborales dignas, sueldos justos a empleados y [&hellip;]<\/p>\n","protected":false},"author":1,"featured_media":0,"parent":0,"menu_order":0,"comment_status":"closed","ping_status":"closed","template":"","meta":{"_et_pb_use_builder":"on","_et_pb_old_content":"","_et_gb_content_width":"","footnotes":""},"class_list":["post-789","page","type-page","status-publish","hentry"],"yoast_head":"<!-- This site is optimized with the Yoast SEO plugin v27.4 - https:\/\/yoast.com\/product\/yoast-seo-wordpress\/ -->\n<title>ODS - Cultura Henko<\/title>\n<meta name=\"robots\" content=\"index, follow, max-snippet:-1, max-image-preview:large, max-video-preview:-1\" \/>\n<link rel=\"canonical\" href=\"https:\/\/culturahenko.com\/en\/ods\/\" \/>\n<meta property=\"og:locale\" content=\"en_GB\" \/>\n<meta property=\"og:type\" content=\"article\" \/>\n<meta property=\"og:title\" content=\"ODS - Cultura Henko\" \/>\n<meta property=\"og:description\" content=\"Cultura Henko se compromete con los siguientes Objetivos de Desarrollo Sostenible (ODS): ODS 5: Igualdad de g\u00e9nero Garantizando condiciones laborales equitativas para hombres y mujeres. Fomentando la diversidad y la inclusi\u00f3n, contratando y formando a personas de grupos desfavorecidos. ODS 8: Trabajo decente y crecimiento econ\u00f3mico Proporcionando condiciones laborales dignas, sueldos justos a empleados y [&hellip;]\" \/>\n<meta property=\"og:url\" content=\"https:\/\/culturahenko.com\/en\/ods\/\" \/>\n<meta property=\"og:site_name\" content=\"Cultura Henko\" \/>\n<meta property=\"article:publisher\" content=\"https:\/\/facebook.com\/culturahenko\" \/>\n<meta property=\"article:modified_time\" content=\"2025-10-07T09:11:47+00:00\" \/>\n<meta name=\"twitter:card\" content=\"summary_large_image\" \/>\n<script type=\"application\/ld+json\" class=\"yoast-schema-graph\">{\"@context\":\"https:\\\/\\\/schema.org\",\"@graph\":[{\"@type\":\"WebPage\",\"@id\":\"https:\\\/\\\/culturahenko.com\\\/es\\\/ods\\\/\",\"url\":\"https:\\\/\\\/culturahenko.com\\\/es\\\/ods\\\/\",\"name\":\"ODS - Cultura Henko\",\"isPartOf\":{\"@id\":\"https:\\\/\\\/culturahenko.com\\\/#website\"},\"datePublished\":\"2025-06-12T12:39:35+00:00\",\"dateModified\":\"2025-10-07T09:11:47+00:00\",\"breadcrumb\":{\"@id\":\"https:\\\/\\\/culturahenko.com\\\/es\\\/ods\\\/#breadcrumb\"},\"inLanguage\":\"en-GB\",\"potentialAction\":[{\"@type\":\"ReadAction\",\"target\":[\"https:\\\/\\\/culturahenko.com\\\/es\\\/ods\\\/\"]}]},{\"@type\":\"BreadcrumbList\",\"@id\":\"https:\\\/\\\/culturahenko.com\\\/es\\\/ods\\\/#breadcrumb\",\"itemListElement\":[{\"@type\":\"ListItem\",\"position\":1,\"name\":\"Portada\",\"item\":\"https:\\\/\\\/culturahenko.com\\\/es\\\/\"},{\"@type\":\"ListItem\",\"position\":2,\"name\":\"ODS\"}]},{\"@type\":\"WebSite\",\"@id\":\"https:\\\/\\\/culturahenko.com\\\/#website\",\"url\":\"https:\\\/\\\/culturahenko.com\\\/\",\"name\":\"Cultura Henko\",\"description\":\"Los valores importan\",\"publisher\":{\"@id\":\"https:\\\/\\\/culturahenko.com\\\/#organization\"},\"potentialAction\":[{\"@type\":\"SearchAction\",\"target\":{\"@type\":\"EntryPoint\",\"urlTemplate\":\"https:\\\/\\\/culturahenko.com\\\/?s={search_term_string}\"},\"query-input\":{\"@type\":\"PropertyValueSpecification\",\"valueRequired\":true,\"valueName\":\"search_term_string\"}}],\"inLanguage\":\"en-GB\"},{\"@type\":\"Organization\",\"@id\":\"https:\\\/\\\/culturahenko.com\\\/#organization\",\"name\":\"Cultura Henko\",\"url\":\"https:\\\/\\\/culturahenko.com\\\/\",\"logo\":{\"@type\":\"ImageObject\",\"inLanguage\":\"en-GB\",\"@id\":\"https:\\\/\\\/culturahenko.com\\\/#\\\/schema\\\/logo\\\/image\\\/\",\"url\":\"https:\\\/\\\/culturahenko.com\\\/wp-content\\\/uploads\\\/2025\\\/05\\\/logo-cultura-henko.png\",\"contentUrl\":\"https:\\\/\\\/culturahenko.com\\\/wp-content\\\/uploads\\\/2025\\\/05\\\/logo-cultura-henko.png\",\"width\":252,\"height\":92,\"caption\":\"Cultura Henko\"},\"image\":{\"@id\":\"https:\\\/\\\/culturahenko.com\\\/#\\\/schema\\\/logo\\\/image\\\/\"},\"sameAs\":[\"https:\\\/\\\/facebook.com\\\/culturahenko\",\"https:\\\/\\\/instagram.com\\\/culturahenko\"]}]}<\/script>\n<!-- \/ Yoast SEO plugin. -->","yoast_head_json":{"title":"ODS - Cultura Henko","robots":{"index":"index","follow":"follow","max-snippet":"max-snippet:-1","max-image-preview":"max-image-preview:large","max-video-preview":"max-video-preview:-1"},"canonical":"https:\/\/culturahenko.com\/en\/ods\/","og_locale":"en_GB","og_type":"article","og_title":"ODS - Cultura Henko","og_description":"Cultura Henko se compromete con los siguientes Objetivos de Desarrollo Sostenible (ODS): ODS 5: Igualdad de g\u00e9nero Garantizando condiciones laborales equitativas para hombres y mujeres. Fomentando la diversidad y la inclusi\u00f3n, contratando y formando a personas de grupos desfavorecidos. ODS 8: Trabajo decente y crecimiento econ\u00f3mico Proporcionando condiciones laborales dignas, sueldos justos a empleados y [&hellip;]","og_url":"https:\/\/culturahenko.com\/en\/ods\/","og_site_name":"Cultura Henko","article_publisher":"https:\/\/facebook.com\/culturahenko","article_modified_time":"2025-10-07T09:11:47+00:00","twitter_card":"summary_large_image","schema":{"@context":"https:\/\/schema.org","@graph":[{"@type":"WebPage","@id":"https:\/\/culturahenko.com\/es\/ods\/","url":"https:\/\/culturahenko.com\/es\/ods\/","name":"ODS - Cultura Henko","isPartOf":{"@id":"https:\/\/culturahenko.com\/#website"},"datePublished":"2025-06-12T12:39:35+00:00","dateModified":"2025-10-07T09:11:47+00:00","breadcrumb":{"@id":"https:\/\/culturahenko.com\/es\/ods\/#breadcrumb"},"inLanguage":"en-GB","potentialAction":[{"@type":"ReadAction","target":["https:\/\/culturahenko.com\/es\/ods\/"]}]},{"@type":"BreadcrumbList","@id":"https:\/\/culturahenko.com\/es\/ods\/#breadcrumb","itemListElement":[{"@type":"ListItem","position":1,"name":"Portada","item":"https:\/\/culturahenko.com\/es\/"},{"@type":"ListItem","position":2,"name":"ODS"}]},{"@type":"WebSite","@id":"https:\/\/culturahenko.com\/#website","url":"https:\/\/culturahenko.com\/","name":"Cultura Henko","description":"Values matter","publisher":{"@id":"https:\/\/culturahenko.com\/#organization"},"potentialAction":[{"@type":"SearchAction","target":{"@type":"EntryPoint","urlTemplate":"https:\/\/culturahenko.com\/?s={search_term_string}"},"query-input":{"@type":"PropertyValueSpecification","valueRequired":true,"valueName":"search_term_string"}}],"inLanguage":"en-GB"},{"@type":"Organization","@id":"https:\/\/culturahenko.com\/#organization","name":"Cultura Henko","url":"https:\/\/culturahenko.com\/","logo":{"@type":"ImageObject","inLanguage":"en-GB","@id":"https:\/\/culturahenko.com\/#\/schema\/logo\/image\/","url":"https:\/\/culturahenko.com\/wp-content\/uploads\/2025\/05\/logo-cultura-henko.png","contentUrl":"https:\/\/culturahenko.com\/wp-content\/uploads\/2025\/05\/logo-cultura-henko.png","width":252,"height":92,"caption":"Cultura Henko"},"image":{"@id":"https:\/\/culturahenko.com\/#\/schema\/logo\/image\/"},"sameAs":["https:\/\/facebook.com\/culturahenko","https:\/\/instagram.com\/culturahenko"]}]}},"_links":{"self":[{"href":"https:\/\/culturahenko.com\/en\/wp-json\/wp\/v2\/pages\/789","targetHints":{"allow":["GET"]}}],"collection":[{"href":"https:\/\/culturahenko.com\/en\/wp-json\/wp\/v2\/pages"}],"about":[{"href":"https:\/\/culturahenko.com\/en\/wp-json\/wp\/v2\/types\/page"}],"author":[{"embeddable":true,"href":"https:\/\/culturahenko.com\/en\/wp-json\/wp\/v2\/users\/1"}],"replies":[{"embeddable":true,"href":"https:\/\/culturahenko.com\/en\/wp-json\/wp\/v2\/comments?post=789"}],"version-history":[{"count":3,"href":"https:\/\/culturahenko.com\/en\/wp-json\/wp\/v2\/pages\/789\/revisions"}],"predecessor-version":[{"id":819,"href":"https:\/\/culturahenko.com\/en\/wp-json\/wp\/v2\/pages\/789\/revisions\/819"}],"wp:attachment":[{"href":"https:\/\/culturahenko.com\/en\/wp-json\/wp\/v2\/media?parent=789"}],"curies":[{"name":"wp","href":"https:\/\/api.w.org\/{rel}","templated":true}]}}