{"id":99,"date":"2024-02-28T10:51:12","date_gmt":"2024-02-28T10:51:12","guid":{"rendered":"https:\/\/culturahenko.com\/?page_id=99"},"modified":"2025-05-20T08:52:21","modified_gmt":"2025-05-20T08:52:21","slug":"politica-de-cookies","status":"publish","type":"page","link":"https:\/\/culturahenko.com\/en\/politica-de-cookies\/","title":{"rendered":"Cookies policy"},"content":{"rendered":"[et_pb_section fb_built=\u00bb1&#8243; admin_label=\u00bbsection\u00bb _builder_version=\u00bb4.25.2&#8243; hover_enabled=\u00bb0&#8243; global_colors_info=\u00bb{}\u00bb background_color=\u00bb#F1EDE1&#8243; sticky_enabled=\u00bb0&#8243;][et_pb_row admin_label=\u00bbrow\u00bb _builder_version=\u00bb4.16&#8243; background_size=\u00bbinitial\u00bb background_position=\u00bbtop_left\u00bb background_repeat=\u00bbrepeat\u00bb global_colors_info=\u00bb{}\u00bb][et_pb_column type=\u00bb4_4&#8243; _builder_version=\u00bb4.16&#8243; custom_padding=\u00bb|||\u00bb global_colors_info=\u00bb{}\u00bb custom_padding__hover=\u00bb|||\u00bb][et_pb_text admin_label=\u00bbText\u00bb _builder_version=\u00bb4.25.2&#8243; background_size=\u00bbinitial\u00bb background_position=\u00bbtop_left\u00bb background_repeat=\u00bbrepeat\u00bb hover_enabled=\u00bb0&#8243; global_colors_info=\u00bb{}\u00bb text_font=\u00bbmontreal regular||||||||\u00bb sticky_enabled=\u00bb0&#8243;]<p>POL\u00cdTICA DE COOKIES<\/p>\n<p><!-- \/wp:post-content --><\/p>\n<p><!-- wp:paragraph --><strong>Fecha de \u00faltima actualizaci\u00f3n: 28 de febrero de 2024<\/strong><\/p>\n<p><!-- \/wp:paragraph --><\/p>\n<p><!-- wp:paragraph --><strong>1. \u00bfQu\u00e9 son las cookies?<\/strong><\/p>\n<p><!-- \/wp:paragraph --><\/p>\n<p><!-- wp:paragraph -->Las cookies son peque\u00f1os archivos de texto que se almacenan en su dispositivo cuando visita un sitio web. Se utilizan ampliamente para hacer que los sitios web funcionen de manera m\u00e1s eficiente, as\u00ed como para proporcionar informaci\u00f3n a los propietarios del sitio.<\/p>\n<p><!-- \/wp:paragraph --><\/p>\n<p><!-- wp:paragraph --><strong>2. \u00bfC\u00f3mo utilizamos las cookies en la Asociaci\u00f3n Despega con Henko?<\/strong><\/p>\n<p><!-- \/wp:paragraph --><\/p>\n<p><!-- wp:paragraph -->En Despega con Henko, utilizamos cookies para los siguientes prop\u00f3sitos:<\/p>\n<p><!-- \/wp:paragraph --><\/p>\n<p><!-- wp:list --><\/p>\n<ul>\n<ul><!-- wp:list-item --><\/p>\n<li>Analizar c\u00f3mo los usuarios interact\u00faan con nuestro sitio web.<\/li>\n<\/ul>\n<\/ul>\n<p><!-- \/wp:list-item --><\/p>\n<p><!-- wp:list-item --><\/p>\n<ul>\n<ul>\n<li>Personalizar el contenido y la publicidad seg\u00fan sus intereses.<\/li>\n<\/ul>\n<\/ul>\n<p><!-- \/wp:list-item --><\/p>\n<p><!-- wp:list-item --><\/p>\n<ul>\n<ul>\n<li>Proporcionar funciones de redes sociales.<\/li>\n<\/ul>\n<\/ul>\n<p><!-- \/wp:list-item --><\/p>\n<p><!-- wp:list-item --><\/p>\n<ul>\n<ul>\n<li>Mejorar la seguridad del sitio web.<\/li>\n<\/ul>\n<\/ul>\n<p><!-- \/wp:list-item --><\/p>\n<p><!-- \/wp:list --><\/p>\n<p><!-- wp:paragraph --><strong>3. Tipos de cookies que utilizamos<\/strong><\/p>\n<p><!-- \/wp:paragraph --><\/p>\n<p><!-- wp:list --><\/p>\n<ul>\n<ul><!-- wp:list-item --><\/p>\n<li><strong>Cookies necesarias:<\/strong> Estas cookies son esenciales para que nuestro sitio web funcione correctamente. No se pueden desactivar en nuestros sistemas y generalmente se establecen solo en respuesta a acciones realizadas por usted que equivalen a una solicitud de servicios, como establecer sus preferencias de privacidad, iniciar sesi\u00f3n o completar formularios. Puede configurar su navegador para bloquear o alertarlo sobre estas cookies, pero algunas partes del sitio pueden no funcionar correctamente.<\/li>\n<\/ul>\n<\/ul>\n<p><!-- \/wp:list-item --><\/p>\n<p><!-- wp:list-item --><\/p>\n<ul>\n<ul>\n<li><strong>Cookies de rendimiento:<\/strong> Estas cookies nos permiten contar las visitas y fuentes de tr\u00e1fico para que podamos medir y mejorar el rendimiento de nuestro sitio. Nos ayudan a saber qu\u00e9 p\u00e1ginas son las m\u00e1s y las menos populares y a ver c\u00f3mo los visitantes se desplazan por el sitio. Toda la informaci\u00f3n que recogen estas cookies es agregada y, por lo tanto, an\u00f3nima. Si no permite estas cookies, no sabremos cu\u00e1ndo ha visitado nuestro sitio y no podremos controlar su rendimiento.<\/li>\n<\/ul>\n<\/ul>\n<p><!-- \/wp:list-item --><\/p>\n<p><!-- wp:list-item --><\/p>\n<ul>\n<ul>\n<li><strong>Cookies de funcionalidad:<\/strong> Estas cookies permiten que el sitio web recuerde las elecciones que realiza (como su nombre de usuario, idioma o la regi\u00f3n en la que se encuentra) y proporciona caracter\u00edsticas mejoradas y m\u00e1s personales. Por ejemplo, un sitio web puede proporcionarle pron\u00f3sticos meteorol\u00f3gicos locales o noticias de tr\u00e1fico almacenando en una cookie la regi\u00f3n en la que se encuentra actualmente. Estas cookies tambi\u00e9n pueden utilizarse para recordar los cambios que ha realizado en el tama\u00f1o del texto, las fuentes y otras partes de las p\u00e1ginas web que puede personalizar. La informaci\u00f3n que recopilan estas cookies puede ser an\u00f3nima y no pueden rastrear su actividad de navegaci\u00f3n en otros sitios web.<\/li>\n<\/ul>\n<\/ul>\n<p><!-- \/wp:list-item --><\/p>\n<p><!-- wp:list-item --><\/p>\n<ul>\n<ul>\n<li><strong>Cookies de marketing:<\/strong> Estas cookies se utilizan para hacer que la publicidad que se muestra sea m\u00e1s relevante para usted y sus intereses. Tambi\u00e9n se utilizan para limitar el n\u00famero de veces que ve un anuncio y para medir la efectividad de una campa\u00f1a publicitaria. Por lo general, son colocadas por redes publicitarias con el permiso del operador del sitio web. Recuerdan que ha visitado un sitio web y esta informaci\u00f3n se comparte con otras organizaciones, como anunciantes. A menudo, las cookies de segmentaci\u00f3n o publicidad se vinculan a la funcionalidad del sitio proporcionada por otras organizaciones.<\/li>\n<\/ul>\n<\/ul>\n<p><!-- \/wp:list-item --><\/p>\n<p><!-- \/wp:list --><\/p>\n<p><!-- wp:paragraph --><strong>4. Control de cookies<\/strong><\/p>\n<p><!-- \/wp:paragraph --><\/p>\n<p><!-- wp:paragraph -->Puede controlar y administrar las cookies de diversas formas. Tenga en cuenta que desactivar las cookies puede afectar su experiencia en nuestro sitio web. Consulte las opciones de configuraci\u00f3n y ayuda de su navegador para obtener m\u00e1s detalles sobre c\u00f3mo ajustar la configuraci\u00f3n de cookies.<\/p>\n<p><!-- \/wp:paragraph --><\/p>[\/et_pb_text][\/et_pb_column][\/et_pb_row][\/et_pb_section]","protected":false},"excerpt":{"rendered":"<p>POL\u00cdTICA DE COOKIES Fecha de \u00faltima actualizaci\u00f3n: 28 de febrero de 2024 1. \u00bfQu\u00e9 son las cookies? Las cookies son peque\u00f1os archivos de texto que se almacenan en su dispositivo cuando visita un sitio web. Se utilizan ampliamente para hacer que los sitios web funcionen de manera m\u00e1s eficiente, as\u00ed como para proporcionar informaci\u00f3n a [&hellip;]<\/p>\n","protected":false},"author":1,"featured_media":0,"parent":0,"menu_order":0,"comment_status":"closed","ping_status":"closed","template":"","meta":{"_et_pb_use_builder":"on","_et_pb_old_content":"<!-- wp:paragraph -->\n<p><strong>Pol\u00edtica de Cookies<\/strong><\/p>\n<!-- \/wp:paragraph -->\n\n<!-- wp:paragraph -->\n<p><strong>Fecha de \u00faltima actualizaci\u00f3n: 28 de febrero de 2024<\/strong><\/p>\n<!-- \/wp:paragraph -->\n\n<!-- wp:paragraph -->\n<p><strong>1. \u00bfQu\u00e9 son las cookies?<\/strong><\/p>\n<!-- \/wp:paragraph -->\n\n<!-- wp:paragraph -->\n<p>Las cookies son peque\u00f1os archivos de texto que se almacenan en su dispositivo cuando visita un sitio web. Se utilizan ampliamente para hacer que los sitios web funcionen de manera m\u00e1s eficiente, as\u00ed como para proporcionar informaci\u00f3n a los propietarios del sitio.<\/p>\n<!-- \/wp:paragraph -->\n\n<!-- wp:paragraph -->\n<p><strong>2. \u00bfC\u00f3mo utilizamos las cookies en la Asociaci\u00f3n Despega con Henko?<\/strong><\/p>\n<!-- \/wp:paragraph -->\n\n<!-- wp:paragraph -->\n<p>En Despega con Henko, utilizamos cookies para los siguientes prop\u00f3sitos:<\/p>\n<!-- \/wp:paragraph -->\n\n<!-- wp:list -->\n<ul><!-- wp:list-item -->\n<li>Analizar c\u00f3mo los usuarios interact\u00faan con nuestro sitio web.<\/li>\n<!-- \/wp:list-item -->\n\n<!-- wp:list-item -->\n<li>Personalizar el contenido y la publicidad seg\u00fan sus intereses.<\/li>\n<!-- \/wp:list-item -->\n\n<!-- wp:list-item -->\n<li>Proporcionar funciones de redes sociales.<\/li>\n<!-- \/wp:list-item -->\n\n<!-- wp:list-item -->\n<li>Mejorar la seguridad del sitio web.<\/li>\n<!-- \/wp:list-item --><\/ul>\n<!-- \/wp:list -->\n\n<!-- wp:paragraph -->\n<p><strong>3. Tipos de cookies que utilizamos<\/strong><\/p>\n<!-- \/wp:paragraph -->\n\n<!-- wp:list -->\n<ul><!-- wp:list-item -->\n<li><strong>Cookies necesarias:<\/strong> Estas cookies son esenciales para que nuestro sitio web funcione correctamente. No se pueden desactivar en nuestros sistemas y generalmente se establecen solo en respuesta a acciones realizadas por usted que equivalen a una solicitud de servicios, como establecer sus preferencias de privacidad, iniciar sesi\u00f3n o completar formularios. Puede configurar su navegador para bloquear o alertarlo sobre estas cookies, pero algunas partes del sitio pueden no funcionar correctamente.<\/li>\n<!-- \/wp:list-item -->\n\n<!-- wp:list-item -->\n<li><strong>Cookies de rendimiento:<\/strong> Estas cookies nos permiten contar las visitas y fuentes de tr\u00e1fico para que podamos medir y mejorar el rendimiento de nuestro sitio. Nos ayudan a saber qu\u00e9 p\u00e1ginas son las m\u00e1s y las menos populares y a ver c\u00f3mo los visitantes se desplazan por el sitio. Toda la informaci\u00f3n que recogen estas cookies es agregada y, por lo tanto, an\u00f3nima. Si no permite estas cookies, no sabremos cu\u00e1ndo ha visitado nuestro sitio y no podremos controlar su rendimiento.<\/li>\n<!-- \/wp:list-item -->\n\n<!-- wp:list-item -->\n<li><strong>Cookies de funcionalidad:<\/strong> Estas cookies permiten que el sitio web recuerde las elecciones que realiza (como su nombre de usuario, idioma o la regi\u00f3n en la que se encuentra) y proporciona caracter\u00edsticas mejoradas y m\u00e1s personales. Por ejemplo, un sitio web puede proporcionarle pron\u00f3sticos meteorol\u00f3gicos locales o noticias de tr\u00e1fico almacenando en una cookie la regi\u00f3n en la que se encuentra actualmente. Estas cookies tambi\u00e9n pueden utilizarse para recordar los cambios que ha realizado en el tama\u00f1o del texto, las fuentes y otras partes de las p\u00e1ginas web que puede personalizar. La informaci\u00f3n que recopilan estas cookies puede ser an\u00f3nima y no pueden rastrear su actividad de navegaci\u00f3n en otros sitios web.<\/li>\n<!-- \/wp:list-item -->\n\n<!-- wp:list-item -->\n<li><strong>Cookies de marketing:<\/strong> Estas cookies se utilizan para hacer que la publicidad que se muestra sea m\u00e1s relevante para usted y sus intereses. Tambi\u00e9n se utilizan para limitar el n\u00famero de veces que ve un anuncio y para medir la efectividad de una campa\u00f1a publicitaria. Por lo general, son colocadas por redes publicitarias con el permiso del operador del sitio web. Recuerdan que ha visitado un sitio web y esta informaci\u00f3n se comparte con otras organizaciones, como anunciantes. A menudo, las cookies de segmentaci\u00f3n o publicidad se vinculan a la funcionalidad del sitio proporcionada por otras organizaciones.<\/li>\n<!-- \/wp:list-item --><\/ul>\n<!-- \/wp:list -->\n\n<!-- wp:paragraph -->\n<p><strong>4. Control de cookies<\/strong><\/p>\n<!-- \/wp:paragraph -->\n\n<!-- wp:paragraph -->\n<p>Puede controlar y administrar las cookies de diversas formas. Tenga en cuenta que desactivar las cookies puede afectar su experiencia en nuestro sitio web. Consulte las opciones de configuraci\u00f3n y ayuda de su navegador para obtener m\u00e1s detalles sobre c\u00f3mo ajustar la configuraci\u00f3n de cookies.<\/p>\n<!-- \/wp:paragraph -->","_et_gb_content_width":"","footnotes":""},"class_list":["post-99","page","type-page","status-publish","hentry"],"yoast_head":"<!-- This site is optimized with the Yoast SEO plugin v27.4 - https:\/\/yoast.com\/product\/yoast-seo-wordpress\/ -->\n<title>Pol\u00edtica de cookies - Cultura Henko<\/title>\n<meta name=\"robots\" content=\"index, follow, max-snippet:-1, max-image-preview:large, max-video-preview:-1\" \/>\n<link rel=\"canonical\" href=\"https:\/\/culturahenko.com\/en\/politica-de-cookies\/\" \/>\n<meta property=\"og:locale\" content=\"en_GB\" \/>\n<meta property=\"og:type\" content=\"article\" \/>\n<meta property=\"og:title\" content=\"Pol\u00edtica de cookies - Cultura Henko\" \/>\n<meta property=\"og:description\" content=\"POL\u00cdTICA DE COOKIES Fecha de \u00faltima actualizaci\u00f3n: 28 de febrero de 2024 1. \u00bfQu\u00e9 son las cookies? Las cookies son peque\u00f1os archivos de texto que se almacenan en su dispositivo cuando visita un sitio web. Se utilizan ampliamente para hacer que los sitios web funcionen de manera m\u00e1s eficiente, as\u00ed como para proporcionar informaci\u00f3n a [&hellip;]\" \/>\n<meta property=\"og:url\" content=\"https:\/\/culturahenko.com\/en\/politica-de-cookies\/\" \/>\n<meta property=\"og:site_name\" content=\"Cultura Henko\" \/>\n<meta property=\"article:publisher\" content=\"https:\/\/facebook.com\/culturahenko\" \/>\n<meta property=\"article:modified_time\" content=\"2025-05-20T08:52:21+00:00\" \/>\n<meta name=\"twitter:card\" content=\"summary_large_image\" \/>\n<meta name=\"twitter:label1\" content=\"Estimated reading time\" \/>\n\t<meta name=\"twitter:data1\" content=\"3 minutes\" \/>\n<script type=\"application\/ld+json\" class=\"yoast-schema-graph\">{\"@context\":\"https:\\\/\\\/schema.org\",\"@graph\":[{\"@type\":\"WebPage\",\"@id\":\"https:\\\/\\\/culturahenko.com\\\/es\\\/politica-de-cookies\\\/\",\"url\":\"https:\\\/\\\/culturahenko.com\\\/es\\\/politica-de-cookies\\\/\",\"name\":\"Pol\u00edtica de cookies - Cultura Henko\",\"isPartOf\":{\"@id\":\"https:\\\/\\\/culturahenko.com\\\/#website\"},\"datePublished\":\"2024-02-28T10:51:12+00:00\",\"dateModified\":\"2025-05-20T08:52:21+00:00\",\"breadcrumb\":{\"@id\":\"https:\\\/\\\/culturahenko.com\\\/es\\\/politica-de-cookies\\\/#breadcrumb\"},\"inLanguage\":\"en-GB\",\"potentialAction\":[{\"@type\":\"ReadAction\",\"target\":[\"https:\\\/\\\/culturahenko.com\\\/es\\\/politica-de-cookies\\\/\"]}]},{\"@type\":\"BreadcrumbList\",\"@id\":\"https:\\\/\\\/culturahenko.com\\\/es\\\/politica-de-cookies\\\/#breadcrumb\",\"itemListElement\":[{\"@type\":\"ListItem\",\"position\":1,\"name\":\"Portada\",\"item\":\"https:\\\/\\\/culturahenko.com\\\/es\\\/\"},{\"@type\":\"ListItem\",\"position\":2,\"name\":\"Pol\u00edtica de cookies\"}]},{\"@type\":\"WebSite\",\"@id\":\"https:\\\/\\\/culturahenko.com\\\/#website\",\"url\":\"https:\\\/\\\/culturahenko.com\\\/\",\"name\":\"Cultura Henko\",\"description\":\"Los valores importan\",\"publisher\":{\"@id\":\"https:\\\/\\\/culturahenko.com\\\/#organization\"},\"potentialAction\":[{\"@type\":\"SearchAction\",\"target\":{\"@type\":\"EntryPoint\",\"urlTemplate\":\"https:\\\/\\\/culturahenko.com\\\/?s={search_term_string}\"},\"query-input\":{\"@type\":\"PropertyValueSpecification\",\"valueRequired\":true,\"valueName\":\"search_term_string\"}}],\"inLanguage\":\"en-GB\"},{\"@type\":\"Organization\",\"@id\":\"https:\\\/\\\/culturahenko.com\\\/#organization\",\"name\":\"Cultura Henko\",\"url\":\"https:\\\/\\\/culturahenko.com\\\/\",\"logo\":{\"@type\":\"ImageObject\",\"inLanguage\":\"en-GB\",\"@id\":\"https:\\\/\\\/culturahenko.com\\\/#\\\/schema\\\/logo\\\/image\\\/\",\"url\":\"https:\\\/\\\/culturahenko.com\\\/wp-content\\\/uploads\\\/2025\\\/05\\\/logo-cultura-henko.png\",\"contentUrl\":\"https:\\\/\\\/culturahenko.com\\\/wp-content\\\/uploads\\\/2025\\\/05\\\/logo-cultura-henko.png\",\"width\":252,\"height\":92,\"caption\":\"Cultura Henko\"},\"image\":{\"@id\":\"https:\\\/\\\/culturahenko.com\\\/#\\\/schema\\\/logo\\\/image\\\/\"},\"sameAs\":[\"https:\\\/\\\/facebook.com\\\/culturahenko\",\"https:\\\/\\\/instagram.com\\\/culturahenko\"]}]}<\/script>\n<!-- \/ Yoast SEO plugin. -->","yoast_head_json":{"title":"Pol\u00edtica de cookies - Cultura Henko","robots":{"index":"index","follow":"follow","max-snippet":"max-snippet:-1","max-image-preview":"max-image-preview:large","max-video-preview":"max-video-preview:-1"},"canonical":"https:\/\/culturahenko.com\/en\/politica-de-cookies\/","og_locale":"en_GB","og_type":"article","og_title":"Pol\u00edtica de cookies - Cultura Henko","og_description":"POL\u00cdTICA DE COOKIES Fecha de \u00faltima actualizaci\u00f3n: 28 de febrero de 2024 1. \u00bfQu\u00e9 son las cookies? Las cookies son peque\u00f1os archivos de texto que se almacenan en su dispositivo cuando visita un sitio web. Se utilizan ampliamente para hacer que los sitios web funcionen de manera m\u00e1s eficiente, as\u00ed como para proporcionar informaci\u00f3n a [&hellip;]","og_url":"https:\/\/culturahenko.com\/en\/politica-de-cookies\/","og_site_name":"Cultura Henko","article_publisher":"https:\/\/facebook.com\/culturahenko","article_modified_time":"2025-05-20T08:52:21+00:00","twitter_card":"summary_large_image","twitter_misc":{"Estimated reading time":"3 minutes"},"schema":{"@context":"https:\/\/schema.org","@graph":[{"@type":"WebPage","@id":"https:\/\/culturahenko.com\/es\/politica-de-cookies\/","url":"https:\/\/culturahenko.com\/es\/politica-de-cookies\/","name":"Pol\u00edtica de cookies - Cultura Henko","isPartOf":{"@id":"https:\/\/culturahenko.com\/#website"},"datePublished":"2024-02-28T10:51:12+00:00","dateModified":"2025-05-20T08:52:21+00:00","breadcrumb":{"@id":"https:\/\/culturahenko.com\/es\/politica-de-cookies\/#breadcrumb"},"inLanguage":"en-GB","potentialAction":[{"@type":"ReadAction","target":["https:\/\/culturahenko.com\/es\/politica-de-cookies\/"]}]},{"@type":"BreadcrumbList","@id":"https:\/\/culturahenko.com\/es\/politica-de-cookies\/#breadcrumb","itemListElement":[{"@type":"ListItem","position":1,"name":"Portada","item":"https:\/\/culturahenko.com\/es\/"},{"@type":"ListItem","position":2,"name":"Pol\u00edtica de cookies"}]},{"@type":"WebSite","@id":"https:\/\/culturahenko.com\/#website","url":"https:\/\/culturahenko.com\/","name":"Cultura Henko","description":"Values matter","publisher":{"@id":"https:\/\/culturahenko.com\/#organization"},"potentialAction":[{"@type":"SearchAction","target":{"@type":"EntryPoint","urlTemplate":"https:\/\/culturahenko.com\/?s={search_term_string}"},"query-input":{"@type":"PropertyValueSpecification","valueRequired":true,"valueName":"search_term_string"}}],"inLanguage":"en-GB"},{"@type":"Organization","@id":"https:\/\/culturahenko.com\/#organization","name":"Cultura Henko","url":"https:\/\/culturahenko.com\/","logo":{"@type":"ImageObject","inLanguage":"en-GB","@id":"https:\/\/culturahenko.com\/#\/schema\/logo\/image\/","url":"https:\/\/culturahenko.com\/wp-content\/uploads\/2025\/05\/logo-cultura-henko.png","contentUrl":"https:\/\/culturahenko.com\/wp-content\/uploads\/2025\/05\/logo-cultura-henko.png","width":252,"height":92,"caption":"Cultura Henko"},"image":{"@id":"https:\/\/culturahenko.com\/#\/schema\/logo\/image\/"},"sameAs":["https:\/\/facebook.com\/culturahenko","https:\/\/instagram.com\/culturahenko"]}]}},"_links":{"self":[{"href":"https:\/\/culturahenko.com\/en\/wp-json\/wp\/v2\/pages\/99","targetHints":{"allow":["GET"]}}],"collection":[{"href":"https:\/\/culturahenko.com\/en\/wp-json\/wp\/v2\/pages"}],"about":[{"href":"https:\/\/culturahenko.com\/en\/wp-json\/wp\/v2\/types\/page"}],"author":[{"embeddable":true,"href":"https:\/\/culturahenko.com\/en\/wp-json\/wp\/v2\/users\/1"}],"replies":[{"embeddable":true,"href":"https:\/\/culturahenko.com\/en\/wp-json\/wp\/v2\/comments?post=99"}],"version-history":[{"count":6,"href":"https:\/\/culturahenko.com\/en\/wp-json\/wp\/v2\/pages\/99\/revisions"}],"predecessor-version":[{"id":761,"href":"https:\/\/culturahenko.com\/en\/wp-json\/wp\/v2\/pages\/99\/revisions\/761"}],"wp:attachment":[{"href":"https:\/\/culturahenko.com\/en\/wp-json\/wp\/v2\/media?parent=99"}],"curies":[{"name":"wp","href":"https:\/\/api.w.org\/{rel}","templated":true}]}}